{"id":1022,"date":"2025-05-27T10:12:11","date_gmt":"2025-05-27T10:12:11","guid":{"rendered":"https:\/\/nice-snyder.92-205-231-245.plesk.page\/?page_id=1022"},"modified":"2025-11-19T09:19:49","modified_gmt":"2025-11-19T08:19:49","slug":"prisliste-bisonkod","status":"publish","type":"page","link":"https:\/\/nice-snyder.92-205-231-245.plesk.page\/?page_id=1022","title":{"rendered":"Prisliste Bisonk\u00f8d"},"content":{"rendered":"\t\t<div data-elementor-type=\"wp-page\" data-elementor-id=\"1022\" class=\"elementor elementor-1022\" data-elementor-post-type=\"page\">\n\t\t\t\t<div class=\"elementor-element elementor-element-653041f e-con-full e-flex e-con e-parent\" data-id=\"653041f\" data-element_type=\"container\" data-settings=\"{&quot;background_background&quot;:&quot;classic&quot;}\">\n\t\t\t\t<div class=\"elementor-element elementor-element-c477b77 elementor-widget elementor-widget-heading\" data-id=\"c477b77\" data-element_type=\"widget\" data-widget_type=\"heading.default\">\n\t\t\t\t<div class=\"elementor-widget-container\">\n\t\t\t\t\t<h2 class=\"elementor-heading-title elementor-size-default\">Bisonk\u00f8d<\/h2>\t\t\t\t<\/div>\n\t\t\t\t<\/div>\n\t\t\t\t<\/div>\n\t\t<div class=\"elementor-element elementor-element-d113542 e-flex e-con-boxed e-con e-parent\" data-id=\"d113542\" data-element_type=\"container\">\n\t\t\t\t\t<div class=\"e-con-inner\">\n\t\t<div class=\"elementor-element elementor-element-c7e3060 e-con-full e-flex e-con e-child\" data-id=\"c7e3060\" data-element_type=\"container\">\n\t\t\t\t<div class=\"elementor-element elementor-element-0380d3f elementor-widget elementor-widget-heading\" data-id=\"0380d3f\" data-element_type=\"widget\" data-widget_type=\"heading.default\">\n\t\t\t\t<div class=\"elementor-widget-container\">\n\t\t\t\t\t<h2 class=\"elementor-heading-title elementor-size-default\">Prisliste i g\u00e5rdbutikken<\/h2>\t\t\t\t<\/div>\n\t\t\t\t<\/div>\n\t\t\t\t<div class=\"elementor-element elementor-element-94d6437 elementor-widget elementor-widget-text-editor\" data-id=\"94d6437\" data-element_type=\"widget\" data-widget_type=\"text-editor.default\">\n\t\t\t\t<div class=\"elementor-widget-container\">\n\t\t\t\t\t\t\t\t\t<p><strong>Priser er angivet per kilo<\/strong><\/p><table border=\"0\" width=\"914\" cellspacing=\"5\" cellpadding=\"2\"><tbody><tr><td>M\u00f8rbrad \u2013 ca. 1 \u2013 2 kg<\/td><td align=\"right\" valign=\"center\" width=\"100\">698,00 kr.\/kg<\/td><\/tr><tr><td>Filet \u2013 pakkes typisk som b\u00f8ffer;\u00a0<em>2 i en pakke<\/em>\u00a0eller\u00a0som stege af 1 til 2 kg (filetstege m\u00e5 oftest bestilles)<\/td><td align=\"right\" valign=\"center\">618,00 kr.\/kg<\/td><\/tr><tr><td>Ribeye \u2013 pakkes typisk som b\u00f8ffer;<br \/><em>1 i\u00a0hver pakke<\/em><\/td><td align=\"right\" valign=\"center\">538,00 kr.\/kg<\/td><\/tr><tr><td>Tykstegsfilet \u2013 engelsk b\u00f8f. Pakkes typisk som b\u00f8ffer;\u00a0<em>2 i en pakke<\/em><\/td><td align=\"right\" valign=\"center\">475,00 kr.\/kg<\/td><\/tr><tr><td>Klump \u2013 ca. 1,5 \u2013 2,5 kg (roastbeef)<\/td><td align=\"right\" valign=\"center\">395,00 kr.\/kg<\/td><\/tr><tr><td>Inderl\u00e5r \u2013 ca. 1 \u2013 2.5 kg (roastbeef)<\/td><td align=\"right\" valign=\"center\">395,00 kr.\/kg<\/td><\/tr><tr><td>Cuvette \u2013 ca. 1 \u2013 1,5 kg<\/td><td align=\"right\" valign=\"center\">415,00 kr.\/kg<\/td><\/tr><tr><td>Culotte \u2013 ca. 1,5 \u2013 2 kg<\/td><td align=\"right\" valign=\"center\">435,00 kr.\/kg<\/td><\/tr><tr><td>L\u00e5rtunge \u2013 som oftest hele stykker p\u00e5 ca. 2 kg eller halve stykker p\u00e5 ca. 1 kg<\/td><td align=\"right\" valign=\"center\">258,00 kr.\/kg<\/td><\/tr><tr><td>Flanksteak \u2013 ca. 400 \u2013 800 gr.<\/td><td align=\"right\" valign=\"center\">415,00 kr.\/kg<\/td><\/tr><tr><td>Tykkam \u2013 stege fra 1 til 2,5 kg<\/td><td align=\"right\" valign=\"center\">228,00 kr.\/kg<\/td><\/tr><tr><td>Bov \u2013 stege fra 1 til 2,5 kg<\/td><td align=\"right\" valign=\"center\">228,00 kr.\/kg<\/td><\/tr><tr><td>Yderl\u00e5r \u2013 stege af ca. \u00bd \u2013 1 kg (velegnet til at sk\u00e6re i tern til gryderetter)<\/td><td align=\"right\" valign=\"center\">178,00 kr.\/kg<\/td><\/tr><tr><td>Ossobucco \u2013 ca. 1 \u2013 1,3 kg pakker<\/td><td align=\"right\" valign=\"center\">148,00 kr.\/kg<\/td><\/tr><tr><td>Hakkek\u00f8d \u2013 ca. 500 gr.<\/td><td align=\"right\" valign=\"center\">148,00 kr.\/kg<\/td><\/tr><tr><td><p>P\u00f8lser (almindelige grillp\u00f8lser, grillp\u00f8lser m. chili, grillp\u00f8lser m. ramsl\u00f8g og timian og grillmedister)<\/p><p>Pakket med 5 p\u00f8lser pr. pakke\/ ca. 500 gram<\/p><\/td><td align=\"right\" valign=\"center\">195,00 kr.\/kg<\/td><\/tr><tr><td>Brunchp\u00f8lser<\/td><td style=\"text-align: right;\">195,00 kr.\/kg<\/td><\/tr><tr><td>Bryst \u2013 typisk i pakker \u00e0 ca. 1 kg<\/td><td align=\"right\" valign=\"center\">162,00 kr.\/kg<\/td><\/tr><tr><td>Hjerte \u2013\u00a0i varierende stykker. Ofte stykker \u00e0 ca. 600 \u2013 1200 gr.<\/td><td align=\"right\" valign=\"center\">112,00 kr.\/kg<\/td><\/tr><tr><td>Lever \u2013 fra 500 gr \u2013 1 kg<\/td><td align=\"right\" valign=\"center\">74,00 kr.\/kg<\/td><\/tr><tr><td>Tunge \u2013 ca.\u00a01\u00a0kg<\/td><td align=\"right\" valign=\"center\">84,00 kr.\/kg<\/td><\/tr><tr><td>Hale<\/td><td align=\"right\" valign=\"center\">\u00a0138,00 kr.\/kg<\/td><\/tr><tr><td>K\u00e6be<\/td><td style=\"text-align: right;\">286,00 kr.\/kg<\/td><\/tr><tr><td>R\u00f8get yderl\u00e5r<\/td><td style=\"text-align: right;\">485,00 kr.\/kg<\/td><\/tr><tr><td>Spegep\u00f8lse<\/td><td style=\"text-align: right;\">350,00 kr.\/kg<\/td><\/tr><tr><td>Rullep\u00f8lse<\/td><td style=\"text-align: right;\">278,00 kr.\/kg<\/td><\/tr><\/tbody><\/table>\t\t\t\t\t\t\t\t<\/div>\n\t\t\t\t<\/div>\n\t\t\t\t<\/div>\n\t\t\t\t\t<\/div>\n\t\t\t\t<\/div>\n\t\t<div class=\"elementor-element elementor-element-ce9ed28 e-flex e-con-boxed e-con e-parent\" data-id=\"ce9ed28\" data-element_type=\"container\">\n\t\t\t\t\t<div class=\"e-con-inner\">\n\t\t\t\t<div class=\"elementor-element elementor-element-303356f elementor-widget elementor-widget-heading\" data-id=\"303356f\" data-element_type=\"widget\" data-widget_type=\"heading.default\">\n\t\t\t\t<div class=\"elementor-widget-container\">\n\t\t\t\t\t<h2 class=\"elementor-heading-title elementor-size-default\"><a href=\"https:\/\/www.jysknaturkoed.dk\/vare-kategori\/bison\/\">K\u00f8b bisonk\u00f8d online via Jysk Naturk\u00f8d<\/a><\/h2>\t\t\t\t<\/div>\n\t\t\t\t<\/div>\n\t\t\t\t<div class=\"elementor-element elementor-element-3de05f6 elementor-widget elementor-widget-image\" data-id=\"3de05f6\" data-element_type=\"widget\" data-widget_type=\"image.default\">\n\t\t\t\t<div class=\"elementor-widget-container\">\n\t\t\t\t\t\t\t\t\t\t\t\t\t\t\t\t<a href=\"https:\/\/www.jysknaturkoed.dk\/vare-kategori\/bison\/\">\n\t\t\t\t\t\t\t<img fetchpriority=\"high\" decoding=\"async\" width=\"800\" height=\"262\" src=\"https:\/\/nice-snyder.92-205-231-245.plesk.page\/wp-content\/uploads\/2025\/05\/jysk-naturkoed-1024x335.png-1.webp\" class=\"attachment-large size-large wp-image-823\" alt=\"\" srcset=\"https:\/\/nice-snyder.92-205-231-245.plesk.page\/wp-content\/uploads\/2025\/05\/jysk-naturkoed-1024x335.png-1.webp 1024w, https:\/\/nice-snyder.92-205-231-245.plesk.page\/wp-content\/uploads\/2025\/05\/jysk-naturkoed-1024x335.png-1-600x196.webp 600w, https:\/\/nice-snyder.92-205-231-245.plesk.page\/wp-content\/uploads\/2025\/05\/jysk-naturkoed-1024x335.png-1-300x98.webp 300w, https:\/\/nice-snyder.92-205-231-245.plesk.page\/wp-content\/uploads\/2025\/05\/jysk-naturkoed-1024x335.png-1-768x251.webp 768w\" sizes=\"(max-width: 800px) 100vw, 800px\" \/>\t\t\t\t\t\t\t\t<\/a>\n\t\t\t\t\t\t\t\t\t\t\t\t\t\t\t<\/div>\n\t\t\t\t<\/div>\n\t\t\t\t\t<\/div>\n\t\t\t\t<\/div>\n\t\t\t\t<\/div>\n\t\t","protected":false},"excerpt":{"rendered":"<p>Bisonk\u00f8d Prisliste i g\u00e5rdbutikken Priser er angivet per kilo M\u00f8rbrad \u2013 ca. 1 \u2013 2 kg 698,00 kr.\/kg Filet \u2013 pakkes typisk som b\u00f8ffer;\u00a02 i en pakke\u00a0eller\u00a0som stege af 1 til 2 kg (filetstege m\u00e5 oftest bestilles) 618,00 kr.\/kg Ribeye \u2013 pakkes typisk som b\u00f8ffer;1 i\u00a0hver pakke 538,00 kr.\/kg Tykstegsfilet \u2013 engelsk b\u00f8f. Pakkes typisk [&hellip;]<\/p>\n","protected":false},"author":1,"featured_media":0,"parent":0,"menu_order":0,"comment_status":"closed","ping_status":"closed","template":"","meta":{"_acf_changed":false,"wprm-recipe-roundup-name":"","wprm-recipe-roundup-description":"","footnotes":""},"class_list":["post-1022","page","type-page","status-publish","hentry"],"acf":[],"yoast_head":"<!-- This site is optimized with the Yoast SEO plugin v25.7 - https:\/\/yoast.com\/wordpress\/plugins\/seo\/ -->\n<title>Prisliste Bisonk\u00f8d - Ditlevsdal Bisonfarm<\/title>\n<meta name=\"robots\" content=\"noindex, follow, max-snippet:-1, max-image-preview:large, max-video-preview:-1\" \/>\n<meta property=\"og:locale\" content=\"da_DK\" \/>\n<meta property=\"og:type\" content=\"article\" \/>\n<meta property=\"og:title\" content=\"Prisliste Bisonk\u00f8d - Ditlevsdal Bisonfarm\" \/>\n<meta property=\"og:description\" content=\"Bisonk\u00f8d Prisliste i g\u00e5rdbutikken Priser er angivet per kilo M\u00f8rbrad \u2013 ca. 1 \u2013 2 kg 698,00 kr.\/kg Filet \u2013 pakkes typisk som b\u00f8ffer;\u00a02 i en pakke\u00a0eller\u00a0som stege af 1 til 2 kg (filetstege m\u00e5 oftest bestilles) 618,00 kr.\/kg Ribeye \u2013 pakkes typisk som b\u00f8ffer;1 i\u00a0hver pakke 538,00 kr.\/kg Tykstegsfilet \u2013 engelsk b\u00f8f. Pakkes typisk [&hellip;]\" \/>\n<meta property=\"og:url\" content=\"https:\/\/nice-snyder.92-205-231-245.plesk.page\/?page_id=1022\" \/>\n<meta property=\"og:site_name\" content=\"Ditlevsdal Bisonfarm\" \/>\n<meta property=\"article:publisher\" content=\"https:\/\/www.facebook.com\/ditlevsdalbisonfarm\/?locale=da_DK\" \/>\n<meta property=\"article:modified_time\" content=\"2025-11-19T08:19:49+00:00\" \/>\n<meta property=\"og:image\" content=\"https:\/\/nice-snyder.92-205-231-245.plesk.page\/wp-content\/uploads\/2025\/05\/jysk-naturkoed-1024x335.png-1.webp\" \/>\n<meta name=\"twitter:card\" content=\"summary_large_image\" \/>\n<meta name=\"twitter:label1\" content=\"Estimeret l\u00e6setid\" \/>\n\t<meta name=\"twitter:data1\" content=\"2 minutter\" \/>\n<script type=\"application\/ld+json\" class=\"yoast-schema-graph\">{\"@context\":\"https:\/\/schema.org\",\"@graph\":[{\"@type\":\"WebPage\",\"@id\":\"https:\/\/nice-snyder.92-205-231-245.plesk.page\/?page_id=1022\",\"url\":\"https:\/\/nice-snyder.92-205-231-245.plesk.page\/?page_id=1022\",\"name\":\"Prisliste Bisonk\u00f8d - Ditlevsdal Bisonfarm\",\"isPartOf\":{\"@id\":\"https:\/\/nice-snyder.92-205-231-245.plesk.page\/#website\"},\"primaryImageOfPage\":{\"@id\":\"https:\/\/nice-snyder.92-205-231-245.plesk.page\/?page_id=1022#primaryimage\"},\"image\":{\"@id\":\"https:\/\/nice-snyder.92-205-231-245.plesk.page\/?page_id=1022#primaryimage\"},\"thumbnailUrl\":\"https:\/\/nice-snyder.92-205-231-245.plesk.page\/wp-content\/uploads\/2025\/05\/jysk-naturkoed-1024x335.png-1.webp\",\"datePublished\":\"2025-05-27T10:12:11+00:00\",\"dateModified\":\"2025-11-19T08:19:49+00:00\",\"breadcrumb\":{\"@id\":\"https:\/\/nice-snyder.92-205-231-245.plesk.page\/?page_id=1022#breadcrumb\"},\"inLanguage\":\"da-DK\",\"potentialAction\":[{\"@type\":\"ReadAction\",\"target\":[\"https:\/\/nice-snyder.92-205-231-245.plesk.page\/?page_id=1022\"]}]},{\"@type\":\"ImageObject\",\"inLanguage\":\"da-DK\",\"@id\":\"https:\/\/nice-snyder.92-205-231-245.plesk.page\/?page_id=1022#primaryimage\",\"url\":\"https:\/\/nice-snyder.92-205-231-245.plesk.page\/wp-content\/uploads\/2025\/05\/jysk-naturkoed-1024x335.png-1.webp\",\"contentUrl\":\"https:\/\/nice-snyder.92-205-231-245.plesk.page\/wp-content\/uploads\/2025\/05\/jysk-naturkoed-1024x335.png-1.webp\",\"width\":1024,\"height\":335},{\"@type\":\"BreadcrumbList\",\"@id\":\"https:\/\/nice-snyder.92-205-231-245.plesk.page\/?page_id=1022#breadcrumb\",\"itemListElement\":[{\"@type\":\"ListItem\",\"position\":1,\"name\":\"Hjem\",\"item\":\"https:\/\/nice-snyder.92-205-231-245.plesk.page\/\"},{\"@type\":\"ListItem\",\"position\":2,\"name\":\"Prisliste Bisonk\u00f8d\"}]},{\"@type\":\"WebSite\",\"@id\":\"https:\/\/nice-snyder.92-205-231-245.plesk.page\/#website\",\"url\":\"https:\/\/nice-snyder.92-205-231-245.plesk.page\/\",\"name\":\"Ditlevsdal Bison Farm\",\"description\":\"\",\"publisher\":{\"@id\":\"https:\/\/nice-snyder.92-205-231-245.plesk.page\/#organization\"},\"potentialAction\":[{\"@type\":\"SearchAction\",\"target\":{\"@type\":\"EntryPoint\",\"urlTemplate\":\"https:\/\/nice-snyder.92-205-231-245.plesk.page\/?s={search_term_string}\"},\"query-input\":{\"@type\":\"PropertyValueSpecification\",\"valueRequired\":true,\"valueName\":\"search_term_string\"}}],\"inLanguage\":\"da-DK\"},{\"@type\":\"Organization\",\"@id\":\"https:\/\/nice-snyder.92-205-231-245.plesk.page\/#organization\",\"name\":\"Ditlevsdal Bison Farm\",\"url\":\"https:\/\/nice-snyder.92-205-231-245.plesk.page\/\",\"logo\":{\"@type\":\"ImageObject\",\"inLanguage\":\"da-DK\",\"@id\":\"https:\/\/nice-snyder.92-205-231-245.plesk.page\/#\/schema\/logo\/image\/\",\"url\":\"https:\/\/nice-snyder.92-205-231-245.plesk.page\/wp-content\/uploads\/2025\/04\/logo.png\",\"contentUrl\":\"https:\/\/nice-snyder.92-205-231-245.plesk.page\/wp-content\/uploads\/2025\/04\/logo.png\",\"width\":355,\"height\":75,\"caption\":\"Ditlevsdal Bison Farm\"},\"image\":{\"@id\":\"https:\/\/nice-snyder.92-205-231-245.plesk.page\/#\/schema\/logo\/image\/\"},\"sameAs\":[\"https:\/\/www.facebook.com\/ditlevsdalbisonfarm\/?locale=da_DK\"]}]}<\/script>\n<!-- \/ Yoast SEO plugin. -->","yoast_head_json":{"title":"Prisliste Bisonk\u00f8d - Ditlevsdal Bisonfarm","robots":{"index":"noindex","follow":"follow","max-snippet":"max-snippet:-1","max-image-preview":"max-image-preview:large","max-video-preview":"max-video-preview:-1"},"og_locale":"da_DK","og_type":"article","og_title":"Prisliste Bisonk\u00f8d - Ditlevsdal Bisonfarm","og_description":"Bisonk\u00f8d Prisliste i g\u00e5rdbutikken Priser er angivet per kilo M\u00f8rbrad \u2013 ca. 1 \u2013 2 kg 698,00 kr.\/kg Filet \u2013 pakkes typisk som b\u00f8ffer;\u00a02 i en pakke\u00a0eller\u00a0som stege af 1 til 2 kg (filetstege m\u00e5 oftest bestilles) 618,00 kr.\/kg Ribeye \u2013 pakkes typisk som b\u00f8ffer;1 i\u00a0hver pakke 538,00 kr.\/kg Tykstegsfilet \u2013 engelsk b\u00f8f. Pakkes typisk [&hellip;]","og_url":"https:\/\/nice-snyder.92-205-231-245.plesk.page\/?page_id=1022","og_site_name":"Ditlevsdal Bisonfarm","article_publisher":"https:\/\/www.facebook.com\/ditlevsdalbisonfarm\/?locale=da_DK","article_modified_time":"2025-11-19T08:19:49+00:00","og_image":[{"url":"https:\/\/nice-snyder.92-205-231-245.plesk.page\/wp-content\/uploads\/2025\/05\/jysk-naturkoed-1024x335.png-1.webp","type":"","width":"","height":""}],"twitter_card":"summary_large_image","twitter_misc":{"Estimeret l\u00e6setid":"2 minutter"},"schema":{"@context":"https:\/\/schema.org","@graph":[{"@type":"WebPage","@id":"https:\/\/nice-snyder.92-205-231-245.plesk.page\/?page_id=1022","url":"https:\/\/nice-snyder.92-205-231-245.plesk.page\/?page_id=1022","name":"Prisliste Bisonk\u00f8d - Ditlevsdal Bisonfarm","isPartOf":{"@id":"https:\/\/nice-snyder.92-205-231-245.plesk.page\/#website"},"primaryImageOfPage":{"@id":"https:\/\/nice-snyder.92-205-231-245.plesk.page\/?page_id=1022#primaryimage"},"image":{"@id":"https:\/\/nice-snyder.92-205-231-245.plesk.page\/?page_id=1022#primaryimage"},"thumbnailUrl":"https:\/\/nice-snyder.92-205-231-245.plesk.page\/wp-content\/uploads\/2025\/05\/jysk-naturkoed-1024x335.png-1.webp","datePublished":"2025-05-27T10:12:11+00:00","dateModified":"2025-11-19T08:19:49+00:00","breadcrumb":{"@id":"https:\/\/nice-snyder.92-205-231-245.plesk.page\/?page_id=1022#breadcrumb"},"inLanguage":"da-DK","potentialAction":[{"@type":"ReadAction","target":["https:\/\/nice-snyder.92-205-231-245.plesk.page\/?page_id=1022"]}]},{"@type":"ImageObject","inLanguage":"da-DK","@id":"https:\/\/nice-snyder.92-205-231-245.plesk.page\/?page_id=1022#primaryimage","url":"https:\/\/nice-snyder.92-205-231-245.plesk.page\/wp-content\/uploads\/2025\/05\/jysk-naturkoed-1024x335.png-1.webp","contentUrl":"https:\/\/nice-snyder.92-205-231-245.plesk.page\/wp-content\/uploads\/2025\/05\/jysk-naturkoed-1024x335.png-1.webp","width":1024,"height":335},{"@type":"BreadcrumbList","@id":"https:\/\/nice-snyder.92-205-231-245.plesk.page\/?page_id=1022#breadcrumb","itemListElement":[{"@type":"ListItem","position":1,"name":"Hjem","item":"https:\/\/nice-snyder.92-205-231-245.plesk.page\/"},{"@type":"ListItem","position":2,"name":"Prisliste Bisonk\u00f8d"}]},{"@type":"WebSite","@id":"https:\/\/nice-snyder.92-205-231-245.plesk.page\/#website","url":"https:\/\/nice-snyder.92-205-231-245.plesk.page\/","name":"Ditlevsdal Bison Farm","description":"","publisher":{"@id":"https:\/\/nice-snyder.92-205-231-245.plesk.page\/#organization"},"potentialAction":[{"@type":"SearchAction","target":{"@type":"EntryPoint","urlTemplate":"https:\/\/nice-snyder.92-205-231-245.plesk.page\/?s={search_term_string}"},"query-input":{"@type":"PropertyValueSpecification","valueRequired":true,"valueName":"search_term_string"}}],"inLanguage":"da-DK"},{"@type":"Organization","@id":"https:\/\/nice-snyder.92-205-231-245.plesk.page\/#organization","name":"Ditlevsdal Bison Farm","url":"https:\/\/nice-snyder.92-205-231-245.plesk.page\/","logo":{"@type":"ImageObject","inLanguage":"da-DK","@id":"https:\/\/nice-snyder.92-205-231-245.plesk.page\/#\/schema\/logo\/image\/","url":"https:\/\/nice-snyder.92-205-231-245.plesk.page\/wp-content\/uploads\/2025\/04\/logo.png","contentUrl":"https:\/\/nice-snyder.92-205-231-245.plesk.page\/wp-content\/uploads\/2025\/04\/logo.png","width":355,"height":75,"caption":"Ditlevsdal Bison Farm"},"image":{"@id":"https:\/\/nice-snyder.92-205-231-245.plesk.page\/#\/schema\/logo\/image\/"},"sameAs":["https:\/\/www.facebook.com\/ditlevsdalbisonfarm\/?locale=da_DK"]}]}},"_links":{"self":[{"href":"https:\/\/nice-snyder.92-205-231-245.plesk.page\/index.php?rest_route=\/wp\/v2\/pages\/1022","targetHints":{"allow":["GET"]}}],"collection":[{"href":"https:\/\/nice-snyder.92-205-231-245.plesk.page\/index.php?rest_route=\/wp\/v2\/pages"}],"about":[{"href":"https:\/\/nice-snyder.92-205-231-245.plesk.page\/index.php?rest_route=\/wp\/v2\/types\/page"}],"author":[{"embeddable":true,"href":"https:\/\/nice-snyder.92-205-231-245.plesk.page\/index.php?rest_route=\/wp\/v2\/users\/1"}],"replies":[{"embeddable":true,"href":"https:\/\/nice-snyder.92-205-231-245.plesk.page\/index.php?rest_route=%2Fwp%2Fv2%2Fcomments&post=1022"}],"version-history":[{"count":16,"href":"https:\/\/nice-snyder.92-205-231-245.plesk.page\/index.php?rest_route=\/wp\/v2\/pages\/1022\/revisions"}],"predecessor-version":[{"id":4507,"href":"https:\/\/nice-snyder.92-205-231-245.plesk.page\/index.php?rest_route=\/wp\/v2\/pages\/1022\/revisions\/4507"}],"wp:attachment":[{"href":"https:\/\/nice-snyder.92-205-231-245.plesk.page\/index.php?rest_route=%2Fwp%2Fv2%2Fmedia&parent=1022"}],"curies":[{"name":"wp","href":"https:\/\/api.w.org\/{rel}","templated":true}]}}