{"id":253,"date":"2025-05-01T11:02:51","date_gmt":"2025-05-01T11:02:51","guid":{"rendered":"https:\/\/nice-snyder.92-205-231-245.plesk.page\/?page_id=253"},"modified":"2025-10-08T12:53:30","modified_gmt":"2025-10-08T11:53:30","slug":"om-ditlevsdal","status":"publish","type":"page","link":"https:\/\/nice-snyder.92-205-231-245.plesk.page\/?page_id=253","title":{"rendered":"Om Ditlevsdal"},"content":{"rendered":"\t\t<div data-elementor-type=\"wp-page\" data-elementor-id=\"253\" class=\"elementor elementor-253\" data-elementor-post-type=\"page\">\n\t\t\t\t<div class=\"elementor-element elementor-element-d5bd4f8 e-con-full e-flex e-con e-parent\" data-id=\"d5bd4f8\" data-element_type=\"container\" data-settings=\"{&quot;background_background&quot;:&quot;classic&quot;}\">\n\t\t\t\t<div class=\"elementor-element elementor-element-f9443f1 elementor-widget elementor-widget-heading\" data-id=\"f9443f1\" data-element_type=\"widget\" data-widget_type=\"heading.default\">\n\t\t\t\t<div class=\"elementor-widget-container\">\n\t\t\t\t\t<h2 class=\"elementor-heading-title elementor-size-default\">Om Ditlevsdal<\/h2>\t\t\t\t<\/div>\n\t\t\t\t<\/div>\n\t\t\t\t<\/div>\n\t\t<div class=\"elementor-element elementor-element-47c29f8 e-con-full e-flex e-con e-parent\" data-id=\"47c29f8\" data-element_type=\"container\">\n\t\t<div class=\"elementor-element elementor-element-9ef9dfa e-con-full e-flex e-con e-child\" data-id=\"9ef9dfa\" data-element_type=\"container\">\n\t\t\t\t<div class=\"elementor-element elementor-element-b2155c1 elementor-position-left elementor-vertical-align-middle elementor-mobile-position-left elementor-view-default elementor-widget elementor-widget-icon-box\" data-id=\"b2155c1\" data-element_type=\"widget\" data-widget_type=\"icon-box.default\">\n\t\t\t\t<div class=\"elementor-widget-container\">\n\t\t\t\t\t\t\t<div class=\"elementor-icon-box-wrapper\">\n\n\t\t\t\t\t\t<div class=\"elementor-icon-box-icon\">\n\t\t\t\t<span  class=\"elementor-icon\">\n\t\t\t\t<svg aria-hidden=\"true\" class=\"e-font-icon-svg e-fas-check\" viewBox=\"0 0 512 512\" xmlns=\"http:\/\/www.w3.org\/2000\/svg\"><path d=\"M173.898 439.404l-166.4-166.4c-9.997-9.997-9.997-26.206 0-36.204l36.203-36.204c9.997-9.998 26.207-9.998 36.204 0L192 312.69 432.095 72.596c9.997-9.997 26.207-9.997 36.204 0l36.203 36.204c9.997 9.997 9.997 26.206 0 36.204l-294.4 294.401c-9.998 9.997-26.207 9.997-36.204-.001z\"><\/path><\/svg>\t\t\t\t<\/span>\n\t\t\t<\/div>\n\t\t\t\n\t\t\t\t\t\t<div class=\"elementor-icon-box-content\">\n\n\t\t\t\t\t\t\t\t\t<h3 class=\"elementor-icon-box-title\">\n\t\t\t\t\t\t<span  >\n\t\t\t\t\t\t\tNordeuropas st\u00f8rste Bisonfarm\t\t\t\t\t\t<\/span>\n\t\t\t\t\t<\/h3>\n\t\t\t\t\n\t\t\t\t\n\t\t\t<\/div>\n\t\t\t\n\t\t<\/div>\n\t\t\t\t\t\t<\/div>\n\t\t\t\t<\/div>\n\t\t\t\t<\/div>\n\t\t<div class=\"elementor-element elementor-element-ae5b1ee e-con-full e-flex e-con e-child\" data-id=\"ae5b1ee\" data-element_type=\"container\">\n\t\t\t\t<div class=\"elementor-element elementor-element-7dc12c1 elementor-position-left elementor-vertical-align-middle elementor-mobile-position-left elementor-view-default elementor-widget elementor-widget-icon-box\" data-id=\"7dc12c1\" data-element_type=\"widget\" data-widget_type=\"icon-box.default\">\n\t\t\t\t<div class=\"elementor-widget-container\">\n\t\t\t\t\t\t\t<div class=\"elementor-icon-box-wrapper\">\n\n\t\t\t\t\t\t<div class=\"elementor-icon-box-icon\">\n\t\t\t\t<span  class=\"elementor-icon\">\n\t\t\t\t<svg aria-hidden=\"true\" class=\"e-font-icon-svg e-fas-check\" viewBox=\"0 0 512 512\" xmlns=\"http:\/\/www.w3.org\/2000\/svg\"><path d=\"M173.898 439.404l-166.4-166.4c-9.997-9.997-9.997-26.206 0-36.204l36.203-36.204c9.997-9.998 26.207-9.998 36.204 0L192 312.69 432.095 72.596c9.997-9.997 26.207-9.997 36.204 0l36.203 36.204c9.997 9.997 9.997 26.206 0 36.204l-294.4 294.401c-9.998 9.997-26.207 9.997-36.204-.001z\"><\/path><\/svg>\t\t\t\t<\/span>\n\t\t\t<\/div>\n\t\t\t\n\t\t\t\t\t\t<div class=\"elementor-icon-box-content\">\n\n\t\t\t\t\t\t\t\t\t<h3 class=\"elementor-icon-box-title\">\n\t\t\t\t\t\t<span  >\n\t\t\t\t\t\t\tNatursk\u00f8nne omgivelser\t\t\t\t\t\t<\/span>\n\t\t\t\t\t<\/h3>\n\t\t\t\t\n\t\t\t\t\n\t\t\t<\/div>\n\t\t\t\n\t\t<\/div>\n\t\t\t\t\t\t<\/div>\n\t\t\t\t<\/div>\n\t\t\t\t<\/div>\n\t\t<div class=\"elementor-element elementor-element-8ddfe97 e-con-full e-flex e-con e-child\" data-id=\"8ddfe97\" data-element_type=\"container\">\n\t\t\t\t<div class=\"elementor-element elementor-element-4344a13 elementor-position-left elementor-vertical-align-middle elementor-mobile-position-left elementor-view-default elementor-widget elementor-widget-icon-box\" data-id=\"4344a13\" data-element_type=\"widget\" data-widget_type=\"icon-box.default\">\n\t\t\t\t<div class=\"elementor-widget-container\">\n\t\t\t\t\t\t\t<div class=\"elementor-icon-box-wrapper\">\n\n\t\t\t\t\t\t<div class=\"elementor-icon-box-icon\">\n\t\t\t\t<span  class=\"elementor-icon\">\n\t\t\t\t<svg aria-hidden=\"true\" class=\"e-font-icon-svg e-fas-check\" viewBox=\"0 0 512 512\" xmlns=\"http:\/\/www.w3.org\/2000\/svg\"><path d=\"M173.898 439.404l-166.4-166.4c-9.997-9.997-9.997-26.206 0-36.204l36.203-36.204c9.997-9.998 26.207-9.998 36.204 0L192 312.69 432.095 72.596c9.997-9.997 26.207-9.997 36.204 0l36.203 36.204c9.997 9.997 9.997 26.206 0 36.204l-294.4 294.401c-9.998 9.997-26.207 9.997-36.204-.001z\"><\/path><\/svg>\t\t\t\t<\/span>\n\t\t\t<\/div>\n\t\t\t\n\t\t\t\t\t\t<div class=\"elementor-icon-box-content\">\n\n\t\t\t\t\t\t\t\t\t<h3 class=\"elementor-icon-box-title\">\n\t\t\t\t\t\t<span  >\n\t\t\t\t\t\t\tUnik spiseoplevelse\t\t\t\t\t\t<\/span>\n\t\t\t\t\t<\/h3>\n\t\t\t\t\n\t\t\t\t\n\t\t\t<\/div>\n\t\t\t\n\t\t<\/div>\n\t\t\t\t\t\t<\/div>\n\t\t\t\t<\/div>\n\t\t\t\t<\/div>\n\t\t\t\t<\/div>\n\t\t<div class=\"elementor-element elementor-element-38e442d e-flex e-con-boxed e-con e-parent\" data-id=\"38e442d\" data-element_type=\"container\">\n\t\t\t\t\t<div class=\"e-con-inner\">\n\t\t<div class=\"elementor-element elementor-element-45a38ee e-con-full e-flex e-con e-child\" data-id=\"45a38ee\" data-element_type=\"container\">\n\t\t\t\t<div class=\"elementor-element elementor-element-055249b elementor-widget elementor-widget-heading\" data-id=\"055249b\" data-element_type=\"widget\" data-widget_type=\"heading.default\">\n\t\t\t\t<div class=\"elementor-widget-container\">\n\t\t\t\t\t<h2 class=\"elementor-heading-title elementor-size-default\"><i>Mere end 30 \u00e5r siden...<\/i><\/h2>\t\t\t\t<\/div>\n\t\t\t\t<\/div>\n\t\t\t\t<div class=\"elementor-element elementor-element-1349577 elementor-widget elementor-widget-heading\" data-id=\"1349577\" data-element_type=\"widget\" data-widget_type=\"heading.default\">\n\t\t\t\t<div class=\"elementor-widget-container\">\n\t\t\t\t\t<h2 class=\"elementor-heading-title elementor-size-default\">Fork\u00e6rligheden til dyrene er drivkraften<\/h2>\t\t\t\t<\/div>\n\t\t\t\t<\/div>\n\t\t\t\t<div class=\"elementor-element elementor-element-7172bda elementor-widget elementor-widget-text-editor\" data-id=\"7172bda\" data-element_type=\"widget\" data-widget_type=\"text-editor.default\">\n\t\t\t\t<div class=\"elementor-widget-container\">\n\t\t\t\t\t\t\t\t\t<p>Niels Henrik Ove, der er uddannet revisor, k\u00f8bte de f\u00f8rste bisonokser i 1993, og siden da er interessen for de store dyr kun vokset.\u00a0<\/p><p>I dag er Ditlevsdal hjemsted for ca. 300 amerikanske bisonokser. Foruden dyrene er der kommet en restaurant til med 3 lokaler, g\u00e5rdbutik og flere overnatningsmuligheder. Ditlevsdal \u00f8nsker at give g\u00e6sterne mulighed for en helheldsoplevelse med k\u00e6rligheden til bisonoksen som omdrejningspunkt.\u00a0<\/p><p>Vi elsker at dele Ditlevsdal og bisonokserne med vores g\u00e6ster, der er lige s\u00e5 begejstret, som vi selv er for de pr\u00e6gtige dyr.\u00a0<\/p>\t\t\t\t\t\t\t\t<\/div>\n\t\t\t\t<\/div>\n\t\t\t\t<div class=\"elementor-element elementor-element-65408b7 elementor-widget elementor-widget-button\" data-id=\"65408b7\" data-element_type=\"widget\" data-widget_type=\"button.default\">\n\t\t\t\t<div class=\"elementor-widget-container\">\n\t\t\t\t\t\t\t\t\t<div class=\"elementor-button-wrapper\">\n\t\t\t\t\t<a class=\"elementor-button elementor-button-link elementor-size-sm\" href=\"#elementor-action%3Aaction%3Dpopup%3Aopen%26settings%3DeyJpZCI6IjEwNjMiLCJ0b2dnbGUiOmZhbHNlfQ%3D%3D\">\n\t\t\t\t\t\t<span class=\"elementor-button-content-wrapper\">\n\t\t\t\t\t\t<span class=\"elementor-button-icon\">\n\t\t\t\t<svg aria-hidden=\"true\" class=\"e-font-icon-svg e-far-play-circle\" viewBox=\"0 0 512 512\" xmlns=\"http:\/\/www.w3.org\/2000\/svg\"><path d=\"M371.7 238l-176-107c-15.8-8.8-35.7 2.5-35.7 21v208c0 18.4 19.8 29.8 35.7 21l176-101c16.4-9.1 16.4-32.8 0-42zM504 256C504 119 393 8 256 8S8 119 8 256s111 248 248 248 248-111 248-248zm-448 0c0-110.5 89.5-200 200-200s200 89.5 200 200-89.5 200-200 200S56 366.5 56 256z\"><\/path><\/svg>\t\t\t<\/span>\n\t\t\t\t\t\t\t\t\t<span class=\"elementor-button-text\">H\u00f8r Farmeren fort\u00e6lle<\/span>\n\t\t\t\t\t<\/span>\n\t\t\t\t\t<\/a>\n\t\t\t\t<\/div>\n\t\t\t\t\t\t\t\t<\/div>\n\t\t\t\t<\/div>\n\t\t\t\t<\/div>\n\t\t<div class=\"elementor-element elementor-element-d84bf94 e-con-full e-flex e-con e-child\" data-id=\"d84bf94\" data-element_type=\"container\">\n\t\t\t\t<div class=\"elementor-element elementor-element-1ca1f5f elementor-widget elementor-widget-image\" data-id=\"1ca1f5f\" data-element_type=\"widget\" data-widget_type=\"image.default\">\n\t\t\t\t<div class=\"elementor-widget-container\">\n\t\t\t\t\t\t\t\t\t\t\t\t\t\t\t<img fetchpriority=\"high\" decoding=\"async\" width=\"800\" height=\"534\" src=\"https:\/\/nice-snyder.92-205-231-245.plesk.page\/wp-content\/uploads\/2025\/10\/Bison-september-2024-1024x683.jpg\" class=\"attachment-large size-large wp-image-3026\" alt=\"\" srcset=\"https:\/\/nice-snyder.92-205-231-245.plesk.page\/wp-content\/uploads\/2025\/10\/Bison-september-2024-1024x683.jpg 1024w, https:\/\/nice-snyder.92-205-231-245.plesk.page\/wp-content\/uploads\/2025\/10\/Bison-september-2024-300x200.jpg 300w, https:\/\/nice-snyder.92-205-231-245.plesk.page\/wp-content\/uploads\/2025\/10\/Bison-september-2024-768x512.jpg 768w, https:\/\/nice-snyder.92-205-231-245.plesk.page\/wp-content\/uploads\/2025\/10\/Bison-september-2024-1536x1024.jpg 1536w, https:\/\/nice-snyder.92-205-231-245.plesk.page\/wp-content\/uploads\/2025\/10\/Bison-september-2024-2048x1365.jpg 2048w, https:\/\/nice-snyder.92-205-231-245.plesk.page\/wp-content\/uploads\/2025\/10\/Bison-september-2024-600x400.jpg 600w\" sizes=\"(max-width: 800px) 100vw, 800px\" \/>\t\t\t\t\t\t\t\t\t\t\t\t\t\t\t<\/div>\n\t\t\t\t<\/div>\n\t\t\t\t<\/div>\n\t\t\t\t\t<\/div>\n\t\t\t\t<\/div>\n\t\t\t\t<\/div>\n\t\t","protected":false},"excerpt":{"rendered":"<p>Om Ditlevsdal Nordeuropas st\u00f8rste Bisonfarm Natursk\u00f8nne omgivelser Unik spiseoplevelse Mere end 30 \u00e5r siden&#8230; Fork\u00e6rligheden til dyrene er drivkraften Niels Henrik Ove, der er uddannet revisor, k\u00f8bte de f\u00f8rste bisonokser i 1993, og siden da er interessen for de store dyr kun vokset.\u00a0 I dag er Ditlevsdal hjemsted for ca. 300 amerikanske bisonokser. Foruden dyrene [&hellip;]<\/p>\n","protected":false},"author":1,"featured_media":0,"parent":0,"menu_order":0,"comment_status":"closed","ping_status":"closed","template":"","meta":{"_acf_changed":false,"wprm-recipe-roundup-name":"","wprm-recipe-roundup-description":"","footnotes":""},"class_list":["post-253","page","type-page","status-publish","hentry"],"acf":[],"yoast_head":"<!-- This site is optimized with the Yoast SEO plugin v25.7 - https:\/\/yoast.com\/wordpress\/plugins\/seo\/ -->\n<title>Om Ditlevsdal - Ditlevsdal Bisonfarm<\/title>\n<meta name=\"robots\" content=\"noindex, follow, max-snippet:-1, max-image-preview:large, max-video-preview:-1\" \/>\n<meta property=\"og:locale\" content=\"da_DK\" \/>\n<meta property=\"og:type\" content=\"article\" \/>\n<meta property=\"og:title\" content=\"Om Ditlevsdal - Ditlevsdal Bisonfarm\" \/>\n<meta property=\"og:description\" content=\"Om Ditlevsdal Nordeuropas st\u00f8rste Bisonfarm Natursk\u00f8nne omgivelser Unik spiseoplevelse Mere end 30 \u00e5r siden&#8230; Fork\u00e6rligheden til dyrene er drivkraften Niels Henrik Ove, der er uddannet revisor, k\u00f8bte de f\u00f8rste bisonokser i 1993, og siden da er interessen for de store dyr kun vokset.\u00a0 I dag er Ditlevsdal hjemsted for ca. 300 amerikanske bisonokser. Foruden dyrene [&hellip;]\" \/>\n<meta property=\"og:url\" content=\"https:\/\/nice-snyder.92-205-231-245.plesk.page\/?page_id=253\" \/>\n<meta property=\"og:site_name\" content=\"Ditlevsdal Bisonfarm\" \/>\n<meta property=\"article:publisher\" content=\"https:\/\/www.facebook.com\/ditlevsdalbisonfarm\/?locale=da_DK\" \/>\n<meta property=\"article:modified_time\" content=\"2025-10-08T11:53:30+00:00\" \/>\n<meta property=\"og:image\" content=\"https:\/\/nice-snyder.92-205-231-245.plesk.page\/wp-content\/uploads\/2025\/10\/Bison-september-2024-1024x683.jpg\" \/>\n<meta name=\"twitter:card\" content=\"summary_large_image\" \/>\n<meta name=\"twitter:label1\" content=\"Estimeret l\u00e6setid\" \/>\n\t<meta name=\"twitter:data1\" content=\"1 minut\" \/>\n<script type=\"application\/ld+json\" class=\"yoast-schema-graph\">{\"@context\":\"https:\/\/schema.org\",\"@graph\":[{\"@type\":\"WebPage\",\"@id\":\"https:\/\/nice-snyder.92-205-231-245.plesk.page\/?page_id=253\",\"url\":\"https:\/\/nice-snyder.92-205-231-245.plesk.page\/?page_id=253\",\"name\":\"Om Ditlevsdal - Ditlevsdal Bisonfarm\",\"isPartOf\":{\"@id\":\"https:\/\/nice-snyder.92-205-231-245.plesk.page\/#website\"},\"primaryImageOfPage\":{\"@id\":\"https:\/\/nice-snyder.92-205-231-245.plesk.page\/?page_id=253#primaryimage\"},\"image\":{\"@id\":\"https:\/\/nice-snyder.92-205-231-245.plesk.page\/?page_id=253#primaryimage\"},\"thumbnailUrl\":\"https:\/\/nice-snyder.92-205-231-245.plesk.page\/wp-content\/uploads\/2025\/10\/Bison-september-2024-1024x683.jpg\",\"datePublished\":\"2025-05-01T11:02:51+00:00\",\"dateModified\":\"2025-10-08T11:53:30+00:00\",\"breadcrumb\":{\"@id\":\"https:\/\/nice-snyder.92-205-231-245.plesk.page\/?page_id=253#breadcrumb\"},\"inLanguage\":\"da-DK\",\"potentialAction\":[{\"@type\":\"ReadAction\",\"target\":[\"https:\/\/nice-snyder.92-205-231-245.plesk.page\/?page_id=253\"]}]},{\"@type\":\"ImageObject\",\"inLanguage\":\"da-DK\",\"@id\":\"https:\/\/nice-snyder.92-205-231-245.plesk.page\/?page_id=253#primaryimage\",\"url\":\"https:\/\/nice-snyder.92-205-231-245.plesk.page\/wp-content\/uploads\/2025\/10\/Bison-september-2024-scaled.jpg\",\"contentUrl\":\"https:\/\/nice-snyder.92-205-231-245.plesk.page\/wp-content\/uploads\/2025\/10\/Bison-september-2024-scaled.jpg\",\"width\":2560,\"height\":1707},{\"@type\":\"BreadcrumbList\",\"@id\":\"https:\/\/nice-snyder.92-205-231-245.plesk.page\/?page_id=253#breadcrumb\",\"itemListElement\":[{\"@type\":\"ListItem\",\"position\":1,\"name\":\"Hjem\",\"item\":\"https:\/\/nice-snyder.92-205-231-245.plesk.page\/\"},{\"@type\":\"ListItem\",\"position\":2,\"name\":\"Om Ditlevsdal\"}]},{\"@type\":\"WebSite\",\"@id\":\"https:\/\/nice-snyder.92-205-231-245.plesk.page\/#website\",\"url\":\"https:\/\/nice-snyder.92-205-231-245.plesk.page\/\",\"name\":\"Ditlevsdal Bison Farm\",\"description\":\"\",\"publisher\":{\"@id\":\"https:\/\/nice-snyder.92-205-231-245.plesk.page\/#organization\"},\"potentialAction\":[{\"@type\":\"SearchAction\",\"target\":{\"@type\":\"EntryPoint\",\"urlTemplate\":\"https:\/\/nice-snyder.92-205-231-245.plesk.page\/?s={search_term_string}\"},\"query-input\":{\"@type\":\"PropertyValueSpecification\",\"valueRequired\":true,\"valueName\":\"search_term_string\"}}],\"inLanguage\":\"da-DK\"},{\"@type\":\"Organization\",\"@id\":\"https:\/\/nice-snyder.92-205-231-245.plesk.page\/#organization\",\"name\":\"Ditlevsdal Bison Farm\",\"url\":\"https:\/\/nice-snyder.92-205-231-245.plesk.page\/\",\"logo\":{\"@type\":\"ImageObject\",\"inLanguage\":\"da-DK\",\"@id\":\"https:\/\/nice-snyder.92-205-231-245.plesk.page\/#\/schema\/logo\/image\/\",\"url\":\"https:\/\/nice-snyder.92-205-231-245.plesk.page\/wp-content\/uploads\/2025\/04\/logo.png\",\"contentUrl\":\"https:\/\/nice-snyder.92-205-231-245.plesk.page\/wp-content\/uploads\/2025\/04\/logo.png\",\"width\":355,\"height\":75,\"caption\":\"Ditlevsdal Bison Farm\"},\"image\":{\"@id\":\"https:\/\/nice-snyder.92-205-231-245.plesk.page\/#\/schema\/logo\/image\/\"},\"sameAs\":[\"https:\/\/www.facebook.com\/ditlevsdalbisonfarm\/?locale=da_DK\"]}]}<\/script>\n<!-- \/ Yoast SEO plugin. -->","yoast_head_json":{"title":"Om Ditlevsdal - Ditlevsdal Bisonfarm","robots":{"index":"noindex","follow":"follow","max-snippet":"max-snippet:-1","max-image-preview":"max-image-preview:large","max-video-preview":"max-video-preview:-1"},"og_locale":"da_DK","og_type":"article","og_title":"Om Ditlevsdal - Ditlevsdal Bisonfarm","og_description":"Om Ditlevsdal Nordeuropas st\u00f8rste Bisonfarm Natursk\u00f8nne omgivelser Unik spiseoplevelse Mere end 30 \u00e5r siden&#8230; Fork\u00e6rligheden til dyrene er drivkraften Niels Henrik Ove, der er uddannet revisor, k\u00f8bte de f\u00f8rste bisonokser i 1993, og siden da er interessen for de store dyr kun vokset.\u00a0 I dag er Ditlevsdal hjemsted for ca. 300 amerikanske bisonokser. Foruden dyrene [&hellip;]","og_url":"https:\/\/nice-snyder.92-205-231-245.plesk.page\/?page_id=253","og_site_name":"Ditlevsdal Bisonfarm","article_publisher":"https:\/\/www.facebook.com\/ditlevsdalbisonfarm\/?locale=da_DK","article_modified_time":"2025-10-08T11:53:30+00:00","og_image":[{"url":"https:\/\/nice-snyder.92-205-231-245.plesk.page\/wp-content\/uploads\/2025\/10\/Bison-september-2024-1024x683.jpg","type":"","width":"","height":""}],"twitter_card":"summary_large_image","twitter_misc":{"Estimeret l\u00e6setid":"1 minut"},"schema":{"@context":"https:\/\/schema.org","@graph":[{"@type":"WebPage","@id":"https:\/\/nice-snyder.92-205-231-245.plesk.page\/?page_id=253","url":"https:\/\/nice-snyder.92-205-231-245.plesk.page\/?page_id=253","name":"Om Ditlevsdal - Ditlevsdal Bisonfarm","isPartOf":{"@id":"https:\/\/nice-snyder.92-205-231-245.plesk.page\/#website"},"primaryImageOfPage":{"@id":"https:\/\/nice-snyder.92-205-231-245.plesk.page\/?page_id=253#primaryimage"},"image":{"@id":"https:\/\/nice-snyder.92-205-231-245.plesk.page\/?page_id=253#primaryimage"},"thumbnailUrl":"https:\/\/nice-snyder.92-205-231-245.plesk.page\/wp-content\/uploads\/2025\/10\/Bison-september-2024-1024x683.jpg","datePublished":"2025-05-01T11:02:51+00:00","dateModified":"2025-10-08T11:53:30+00:00","breadcrumb":{"@id":"https:\/\/nice-snyder.92-205-231-245.plesk.page\/?page_id=253#breadcrumb"},"inLanguage":"da-DK","potentialAction":[{"@type":"ReadAction","target":["https:\/\/nice-snyder.92-205-231-245.plesk.page\/?page_id=253"]}]},{"@type":"ImageObject","inLanguage":"da-DK","@id":"https:\/\/nice-snyder.92-205-231-245.plesk.page\/?page_id=253#primaryimage","url":"https:\/\/nice-snyder.92-205-231-245.plesk.page\/wp-content\/uploads\/2025\/10\/Bison-september-2024-scaled.jpg","contentUrl":"https:\/\/nice-snyder.92-205-231-245.plesk.page\/wp-content\/uploads\/2025\/10\/Bison-september-2024-scaled.jpg","width":2560,"height":1707},{"@type":"BreadcrumbList","@id":"https:\/\/nice-snyder.92-205-231-245.plesk.page\/?page_id=253#breadcrumb","itemListElement":[{"@type":"ListItem","position":1,"name":"Hjem","item":"https:\/\/nice-snyder.92-205-231-245.plesk.page\/"},{"@type":"ListItem","position":2,"name":"Om Ditlevsdal"}]},{"@type":"WebSite","@id":"https:\/\/nice-snyder.92-205-231-245.plesk.page\/#website","url":"https:\/\/nice-snyder.92-205-231-245.plesk.page\/","name":"Ditlevsdal Bison Farm","description":"","publisher":{"@id":"https:\/\/nice-snyder.92-205-231-245.plesk.page\/#organization"},"potentialAction":[{"@type":"SearchAction","target":{"@type":"EntryPoint","urlTemplate":"https:\/\/nice-snyder.92-205-231-245.plesk.page\/?s={search_term_string}"},"query-input":{"@type":"PropertyValueSpecification","valueRequired":true,"valueName":"search_term_string"}}],"inLanguage":"da-DK"},{"@type":"Organization","@id":"https:\/\/nice-snyder.92-205-231-245.plesk.page\/#organization","name":"Ditlevsdal Bison Farm","url":"https:\/\/nice-snyder.92-205-231-245.plesk.page\/","logo":{"@type":"ImageObject","inLanguage":"da-DK","@id":"https:\/\/nice-snyder.92-205-231-245.plesk.page\/#\/schema\/logo\/image\/","url":"https:\/\/nice-snyder.92-205-231-245.plesk.page\/wp-content\/uploads\/2025\/04\/logo.png","contentUrl":"https:\/\/nice-snyder.92-205-231-245.plesk.page\/wp-content\/uploads\/2025\/04\/logo.png","width":355,"height":75,"caption":"Ditlevsdal Bison Farm"},"image":{"@id":"https:\/\/nice-snyder.92-205-231-245.plesk.page\/#\/schema\/logo\/image\/"},"sameAs":["https:\/\/www.facebook.com\/ditlevsdalbisonfarm\/?locale=da_DK"]}]}},"_links":{"self":[{"href":"https:\/\/nice-snyder.92-205-231-245.plesk.page\/index.php?rest_route=\/wp\/v2\/pages\/253","targetHints":{"allow":["GET"]}}],"collection":[{"href":"https:\/\/nice-snyder.92-205-231-245.plesk.page\/index.php?rest_route=\/wp\/v2\/pages"}],"about":[{"href":"https:\/\/nice-snyder.92-205-231-245.plesk.page\/index.php?rest_route=\/wp\/v2\/types\/page"}],"author":[{"embeddable":true,"href":"https:\/\/nice-snyder.92-205-231-245.plesk.page\/index.php?rest_route=\/wp\/v2\/users\/1"}],"replies":[{"embeddable":true,"href":"https:\/\/nice-snyder.92-205-231-245.plesk.page\/index.php?rest_route=%2Fwp%2Fv2%2Fcomments&post=253"}],"version-history":[{"count":58,"href":"https:\/\/nice-snyder.92-205-231-245.plesk.page\/index.php?rest_route=\/wp\/v2\/pages\/253\/revisions"}],"predecessor-version":[{"id":3196,"href":"https:\/\/nice-snyder.92-205-231-245.plesk.page\/index.php?rest_route=\/wp\/v2\/pages\/253\/revisions\/3196"}],"wp:attachment":[{"href":"https:\/\/nice-snyder.92-205-231-245.plesk.page\/index.php?rest_route=%2Fwp%2Fv2%2Fmedia&parent=253"}],"curies":[{"name":"wp","href":"https:\/\/api.w.org\/{rel}","templated":true}]}}