{"id":263,"date":"2025-05-02T05:29:28","date_gmt":"2025-05-02T05:29:28","guid":{"rendered":"https:\/\/nice-snyder.92-205-231-245.plesk.page\/?page_id=263"},"modified":"2025-11-19T09:18:59","modified_gmt":"2025-11-19T08:18:59","slug":"gardbutik","status":"publish","type":"page","link":"https:\/\/nice-snyder.92-205-231-245.plesk.page\/?page_id=263","title":{"rendered":"G\u00e5rdbutik"},"content":{"rendered":"\t\t<div data-elementor-type=\"wp-page\" data-elementor-id=\"263\" class=\"elementor elementor-263\" data-elementor-post-type=\"page\">\n\t\t\t\t<div class=\"elementor-element elementor-element-653041f e-con-full e-flex e-con e-parent\" data-id=\"653041f\" data-element_type=\"container\" data-settings=\"{&quot;background_background&quot;:&quot;classic&quot;}\">\n\t\t\t\t<div class=\"elementor-element elementor-element-c477b77 elementor-widget elementor-widget-heading\" data-id=\"c477b77\" data-element_type=\"widget\" data-widget_type=\"heading.default\">\n\t\t\t\t<div class=\"elementor-widget-container\">\n\t\t\t\t\t<h2 class=\"elementor-heading-title elementor-size-default\">G\u00e5rdbutikken<\/h2>\t\t\t\t<\/div>\n\t\t\t\t<\/div>\n\t\t\t\t<\/div>\n\t\t<div class=\"elementor-element elementor-element-d113542 e-flex e-con-boxed e-con e-parent\" data-id=\"d113542\" data-element_type=\"container\">\n\t\t\t\t\t<div class=\"e-con-inner\">\n\t\t<div class=\"elementor-element elementor-element-c7e3060 e-con-full e-flex e-con e-child\" data-id=\"c7e3060\" data-element_type=\"container\">\n\t\t\t\t<div class=\"elementor-element elementor-element-0380d3f elementor-widget elementor-widget-heading\" data-id=\"0380d3f\" data-element_type=\"widget\" data-widget_type=\"heading.default\">\n\t\t\t\t<div class=\"elementor-widget-container\">\n\t\t\t\t\t<h2 class=\"elementor-heading-title elementor-size-default\">Kom p\u00e5 bes\u00f8g i G\u00e5rdbutikken<\/h2>\t\t\t\t<\/div>\n\t\t\t\t<\/div>\n\t\t\t\t<div class=\"elementor-element elementor-element-94d6437 elementor-widget elementor-widget-text-editor\" data-id=\"94d6437\" data-element_type=\"widget\" data-widget_type=\"text-editor.default\">\n\t\t\t\t<div class=\"elementor-widget-container\">\n\t\t\t\t\t\t\t\t\t<p>I Ditlevsdal g\u00e5rdbutik kan du k\u00f8be alt fra l\u00e6kre udsk\u00e6ringer af bisonk\u00f8d, til souvenirs i form af bamser, t-shirts, indianerb\u00e5nd, magneter og meget mere.<\/p><p>Vi st\u00e5r altid klar med vejledning og inspiration til tilberedning af bisonk\u00f8det.<\/p><p>Du er velkommen til at kontakt os, hvis vi skal l\u00e6gge noget til side til dig i g\u00e5rdbutikken. <span style=\"color: #770403;\"><a style=\"color: #770403;\" href=\"https:\/\/nice-snyder.92-205-231-245.plesk.page\/kontakt\/\">Brug kontaktformularen her!<\/a><\/span><\/p>\t\t\t\t\t\t\t\t<\/div>\n\t\t\t\t<\/div>\n\t\t\t\t<\/div>\n\t\t<div class=\"elementor-element elementor-element-17c8900 e-con-full e-flex e-con e-child\" data-id=\"17c8900\" data-element_type=\"container\">\n\t\t\t\t<div class=\"elementor-element elementor-element-963177d elementor-widget elementor-widget-heading\" data-id=\"963177d\" data-element_type=\"widget\" data-widget_type=\"heading.default\">\n\t\t\t\t<div class=\"elementor-widget-container\">\n\t\t\t\t\t<h2 class=\"elementor-heading-title elementor-size-default\"><a href=\"https:\/\/www.jysknaturkoed.dk\/vare-kategori\/bison\/\">K\u00f8b bisonk\u00f8d online via Jysk Naturk\u00f8d<\/a><\/h2>\t\t\t\t<\/div>\n\t\t\t\t<\/div>\n\t\t\t\t<div class=\"elementor-element elementor-element-19548a7 elementor-widget elementor-widget-image\" data-id=\"19548a7\" data-element_type=\"widget\" data-widget_type=\"image.default\">\n\t\t\t\t<div class=\"elementor-widget-container\">\n\t\t\t\t\t\t\t\t\t\t\t\t\t\t\t\t<a href=\"https:\/\/www.jysknaturkoed.dk\/vare-kategori\/bison\/\">\n\t\t\t\t\t\t\t<img fetchpriority=\"high\" decoding=\"async\" width=\"800\" height=\"262\" src=\"https:\/\/nice-snyder.92-205-231-245.plesk.page\/wp-content\/uploads\/2025\/05\/jysk-naturkoed-1024x335.png-1.webp\" class=\"attachment-large size-large wp-image-823\" alt=\"\" srcset=\"https:\/\/nice-snyder.92-205-231-245.plesk.page\/wp-content\/uploads\/2025\/05\/jysk-naturkoed-1024x335.png-1.webp 1024w, https:\/\/nice-snyder.92-205-231-245.plesk.page\/wp-content\/uploads\/2025\/05\/jysk-naturkoed-1024x335.png-1-600x196.webp 600w, https:\/\/nice-snyder.92-205-231-245.plesk.page\/wp-content\/uploads\/2025\/05\/jysk-naturkoed-1024x335.png-1-300x98.webp 300w, https:\/\/nice-snyder.92-205-231-245.plesk.page\/wp-content\/uploads\/2025\/05\/jysk-naturkoed-1024x335.png-1-768x251.webp 768w\" sizes=\"(max-width: 800px) 100vw, 800px\" \/>\t\t\t\t\t\t\t\t<\/a>\n\t\t\t\t\t\t\t\t\t\t\t\t\t\t\t<\/div>\n\t\t\t\t<\/div>\n\t\t\t\t<div class=\"elementor-element elementor-element-3b2ea04 elementor-widget elementor-widget-button\" data-id=\"3b2ea04\" data-element_type=\"widget\" data-widget_type=\"button.default\">\n\t\t\t\t<div class=\"elementor-widget-container\">\n\t\t\t\t\t\t\t\t\t<div class=\"elementor-button-wrapper\">\n\t\t\t\t\t<a class=\"elementor-button elementor-button-link elementor-size-sm\" href=\"https:\/\/www.jysknaturkoed.dk\/vare-kategori\/bison\/\">\n\t\t\t\t\t\t<span class=\"elementor-button-content-wrapper\">\n\t\t\t\t\t\t\t\t\t<span class=\"elementor-button-text\">LINK Jysk Naturk\u00f8d her<\/span>\n\t\t\t\t\t<\/span>\n\t\t\t\t\t<\/a>\n\t\t\t\t<\/div>\n\t\t\t\t\t\t\t\t<\/div>\n\t\t\t\t<\/div>\n\t\t\t\t<\/div>\n\t\t\t\t\t<\/div>\n\t\t\t\t<\/div>\n\t\t<div class=\"elementor-element elementor-element-e43d78a e-con-full e-flex e-con e-parent\" data-id=\"e43d78a\" data-element_type=\"container\">\n\t\t<div class=\"elementor-element elementor-element-7e7c7b6 e-con-full e-flex e-con e-child\" data-id=\"7e7c7b6\" data-element_type=\"container\">\n\t\t\t\t<div class=\"elementor-element elementor-element-0171d53 elementor-widget elementor-widget-heading\" data-id=\"0171d53\" data-element_type=\"widget\" data-widget_type=\"heading.default\">\n\t\t\t\t<div class=\"elementor-widget-container\">\n\t\t\t\t\t<h2 class=\"elementor-heading-title elementor-size-default\">Find \u00e5bningstider & vigtige praktiske informationer<\/h2>\t\t\t\t<\/div>\n\t\t\t\t<\/div>\n\t\t\t\t<div class=\"elementor-element elementor-element-1c2418c elementor-widget-divider--view-line_icon elementor-view-default elementor-widget-divider--element-align-center elementor-widget elementor-widget-divider\" data-id=\"1c2418c\" data-element_type=\"widget\" data-widget_type=\"divider.default\">\n\t\t\t\t<div class=\"elementor-widget-container\">\n\t\t\t\t\t\t\t<div class=\"elementor-divider\">\n\t\t\t<span class=\"elementor-divider-separator\">\n\t\t\t\t\t\t\t<div class=\"elementor-icon elementor-divider__element\">\n\t\t\t\t\t<svg aria-hidden=\"true\" class=\"e-font-icon-svg e-fas-star\" viewBox=\"0 0 576 512\" xmlns=\"http:\/\/www.w3.org\/2000\/svg\"><path d=\"M259.3 17.8L194 150.2 47.9 171.5c-26.2 3.8-36.7 36.1-17.7 54.6l105.7 103-25 145.5c-4.5 26.3 23.2 46 46.4 33.7L288 439.6l130.7 68.7c23.2 12.2 50.9-7.4 46.4-33.7l-25-145.5 105.7-103c19-18.5 8.5-50.8-17.7-54.6L382 150.2 316.7 17.8c-11.7-23.6-45.6-23.9-57.4 0z\"><\/path><\/svg><\/div>\n\t\t\t\t\t\t<\/span>\n\t\t<\/div>\n\t\t\t\t\t\t<\/div>\n\t\t\t\t<\/div>\n\t\t\t\t<\/div>\n\t\t<div class=\"elementor-element elementor-element-eea945e e-con-full e-flex e-con e-child\" data-id=\"eea945e\" data-element_type=\"container\">\n\t\t\t\t<div class=\"elementor-element elementor-element-c797d46 elementor-align-center elementor-widget elementor-widget-button\" data-id=\"c797d46\" data-element_type=\"widget\" data-widget_type=\"button.default\">\n\t\t\t\t<div class=\"elementor-widget-container\">\n\t\t\t\t\t\t\t\t\t<div class=\"elementor-button-wrapper\">\n\t\t\t\t\t<a class=\"elementor-button elementor-button-link elementor-size-sm\" href=\"https:\/\/nice-snyder.92-205-231-245.plesk.page\/kontakt\/#abningstider\">\n\t\t\t\t\t\t<span class=\"elementor-button-content-wrapper\">\n\t\t\t\t\t\t<span class=\"elementor-button-icon\">\n\t\t\t\t<svg aria-hidden=\"true\" class=\"e-font-icon-svg e-fas-long-arrow-alt-right\" viewBox=\"0 0 448 512\" xmlns=\"http:\/\/www.w3.org\/2000\/svg\"><path d=\"M313.941 216H12c-6.627 0-12 5.373-12 12v56c0 6.627 5.373 12 12 12h301.941v46.059c0 21.382 25.851 32.09 40.971 16.971l86.059-86.059c9.373-9.373 9.373-24.569 0-33.941l-86.059-86.059c-15.119-15.119-40.971-4.411-40.971 16.971V216z\"><\/path><\/svg>\t\t\t<\/span>\n\t\t\t\t\t\t\t\t\t<span class=\"elementor-button-text\">Se \u00e5bningstider<\/span>\n\t\t\t\t\t<\/span>\n\t\t\t\t\t<\/a>\n\t\t\t\t<\/div>\n\t\t\t\t\t\t\t\t<\/div>\n\t\t\t\t<\/div>\n\t\t\t\t<\/div>\n\t\t\t\t<\/div>\n\t\t\t\t<\/div>\n\t\t","protected":false},"excerpt":{"rendered":"<p>G\u00e5rdbutikken Kom p\u00e5 bes\u00f8g i G\u00e5rdbutikken I Ditlevsdal g\u00e5rdbutik kan du k\u00f8be alt fra l\u00e6kre udsk\u00e6ringer af bisonk\u00f8d, til souvenirs i form af bamser, t-shirts, indianerb\u00e5nd, magneter og meget mere. Vi st\u00e5r altid klar med vejledning og inspiration til tilberedning af bisonk\u00f8det. Du er velkommen til at kontakt os, hvis vi skal l\u00e6gge noget til [&hellip;]<\/p>\n","protected":false},"author":1,"featured_media":0,"parent":0,"menu_order":0,"comment_status":"closed","ping_status":"closed","template":"","meta":{"_acf_changed":false,"wprm-recipe-roundup-name":"","wprm-recipe-roundup-description":"","footnotes":""},"class_list":["post-263","page","type-page","status-publish","hentry"],"acf":[],"yoast_head":"<!-- This site is optimized with the Yoast SEO plugin v25.7 - https:\/\/yoast.com\/wordpress\/plugins\/seo\/ -->\n<title>G\u00e5rdbutik - Ditlevsdal Bisonfarm<\/title>\n<meta name=\"description\" content=\"Bes\u00f8g Ditlevsdal Bisonfarms g\u00e5rdbutik p\u00e5 Nordfyn. Her finder du l\u00e6kre udsk\u00e6ringer af bisonk\u00f8d og andre souvenirers \u2013 kun 15 km fra Odense.\" \/>\n<meta name=\"robots\" content=\"noindex, follow, max-snippet:-1, max-image-preview:large, max-video-preview:-1\" \/>\n<meta property=\"og:locale\" content=\"da_DK\" \/>\n<meta property=\"og:type\" content=\"article\" \/>\n<meta property=\"og:title\" content=\"G\u00e5rdbutik - Ditlevsdal Bisonfarm\" \/>\n<meta property=\"og:description\" content=\"Bes\u00f8g Ditlevsdal Bisonfarms g\u00e5rdbutik p\u00e5 Nordfyn. Her finder du l\u00e6kre udsk\u00e6ringer af bisonk\u00f8d og andre souvenirers \u2013 kun 15 km fra Odense.\" \/>\n<meta property=\"og:url\" content=\"https:\/\/nice-snyder.92-205-231-245.plesk.page\/?page_id=263\" \/>\n<meta property=\"og:site_name\" content=\"Ditlevsdal Bisonfarm\" \/>\n<meta property=\"article:publisher\" content=\"https:\/\/www.facebook.com\/ditlevsdalbisonfarm\/?locale=da_DK\" \/>\n<meta property=\"article:modified_time\" content=\"2025-11-19T08:18:59+00:00\" \/>\n<meta property=\"og:image\" content=\"https:\/\/nice-snyder.92-205-231-245.plesk.page\/wp-content\/uploads\/2025\/05\/jysk-naturkoed-1024x335.png-1.webp\" \/>\n<meta name=\"twitter:card\" content=\"summary_large_image\" \/>\n<meta name=\"twitter:label1\" content=\"Estimeret l\u00e6setid\" \/>\n\t<meta name=\"twitter:data1\" content=\"1 minut\" \/>\n<script type=\"application\/ld+json\" class=\"yoast-schema-graph\">{\"@context\":\"https:\/\/schema.org\",\"@graph\":[{\"@type\":\"WebPage\",\"@id\":\"https:\/\/nice-snyder.92-205-231-245.plesk.page\/?page_id=263\",\"url\":\"https:\/\/nice-snyder.92-205-231-245.plesk.page\/?page_id=263\",\"name\":\"G\u00e5rdbutik - Ditlevsdal Bisonfarm\",\"isPartOf\":{\"@id\":\"https:\/\/nice-snyder.92-205-231-245.plesk.page\/#website\"},\"primaryImageOfPage\":{\"@id\":\"https:\/\/nice-snyder.92-205-231-245.plesk.page\/?page_id=263#primaryimage\"},\"image\":{\"@id\":\"https:\/\/nice-snyder.92-205-231-245.plesk.page\/?page_id=263#primaryimage\"},\"thumbnailUrl\":\"https:\/\/nice-snyder.92-205-231-245.plesk.page\/wp-content\/uploads\/2025\/05\/jysk-naturkoed-1024x335.png-1.webp\",\"datePublished\":\"2025-05-02T05:29:28+00:00\",\"dateModified\":\"2025-11-19T08:18:59+00:00\",\"description\":\"Bes\u00f8g Ditlevsdal Bisonfarms g\u00e5rdbutik p\u00e5 Nordfyn. Her finder du l\u00e6kre udsk\u00e6ringer af bisonk\u00f8d og andre souvenirers \u2013 kun 15 km fra Odense.\",\"breadcrumb\":{\"@id\":\"https:\/\/nice-snyder.92-205-231-245.plesk.page\/?page_id=263#breadcrumb\"},\"inLanguage\":\"da-DK\",\"potentialAction\":[{\"@type\":\"ReadAction\",\"target\":[\"https:\/\/nice-snyder.92-205-231-245.plesk.page\/?page_id=263\"]}]},{\"@type\":\"ImageObject\",\"inLanguage\":\"da-DK\",\"@id\":\"https:\/\/nice-snyder.92-205-231-245.plesk.page\/?page_id=263#primaryimage\",\"url\":\"https:\/\/nice-snyder.92-205-231-245.plesk.page\/wp-content\/uploads\/2025\/05\/jysk-naturkoed-1024x335.png-1.webp\",\"contentUrl\":\"https:\/\/nice-snyder.92-205-231-245.plesk.page\/wp-content\/uploads\/2025\/05\/jysk-naturkoed-1024x335.png-1.webp\",\"width\":1024,\"height\":335},{\"@type\":\"BreadcrumbList\",\"@id\":\"https:\/\/nice-snyder.92-205-231-245.plesk.page\/?page_id=263#breadcrumb\",\"itemListElement\":[{\"@type\":\"ListItem\",\"position\":1,\"name\":\"Hjem\",\"item\":\"https:\/\/nice-snyder.92-205-231-245.plesk.page\/\"},{\"@type\":\"ListItem\",\"position\":2,\"name\":\"G\u00e5rdbutik\"}]},{\"@type\":\"WebSite\",\"@id\":\"https:\/\/nice-snyder.92-205-231-245.plesk.page\/#website\",\"url\":\"https:\/\/nice-snyder.92-205-231-245.plesk.page\/\",\"name\":\"Ditlevsdal Bison Farm\",\"description\":\"\",\"publisher\":{\"@id\":\"https:\/\/nice-snyder.92-205-231-245.plesk.page\/#organization\"},\"potentialAction\":[{\"@type\":\"SearchAction\",\"target\":{\"@type\":\"EntryPoint\",\"urlTemplate\":\"https:\/\/nice-snyder.92-205-231-245.plesk.page\/?s={search_term_string}\"},\"query-input\":{\"@type\":\"PropertyValueSpecification\",\"valueRequired\":true,\"valueName\":\"search_term_string\"}}],\"inLanguage\":\"da-DK\"},{\"@type\":\"Organization\",\"@id\":\"https:\/\/nice-snyder.92-205-231-245.plesk.page\/#organization\",\"name\":\"Ditlevsdal Bison Farm\",\"url\":\"https:\/\/nice-snyder.92-205-231-245.plesk.page\/\",\"logo\":{\"@type\":\"ImageObject\",\"inLanguage\":\"da-DK\",\"@id\":\"https:\/\/nice-snyder.92-205-231-245.plesk.page\/#\/schema\/logo\/image\/\",\"url\":\"https:\/\/nice-snyder.92-205-231-245.plesk.page\/wp-content\/uploads\/2025\/04\/logo.png\",\"contentUrl\":\"https:\/\/nice-snyder.92-205-231-245.plesk.page\/wp-content\/uploads\/2025\/04\/logo.png\",\"width\":355,\"height\":75,\"caption\":\"Ditlevsdal Bison Farm\"},\"image\":{\"@id\":\"https:\/\/nice-snyder.92-205-231-245.plesk.page\/#\/schema\/logo\/image\/\"},\"sameAs\":[\"https:\/\/www.facebook.com\/ditlevsdalbisonfarm\/?locale=da_DK\"]}]}<\/script>\n<!-- \/ Yoast SEO plugin. -->","yoast_head_json":{"title":"G\u00e5rdbutik - Ditlevsdal Bisonfarm","description":"Bes\u00f8g Ditlevsdal Bisonfarms g\u00e5rdbutik p\u00e5 Nordfyn. Her finder du l\u00e6kre udsk\u00e6ringer af bisonk\u00f8d og andre souvenirers \u2013 kun 15 km fra Odense.","robots":{"index":"noindex","follow":"follow","max-snippet":"max-snippet:-1","max-image-preview":"max-image-preview:large","max-video-preview":"max-video-preview:-1"},"og_locale":"da_DK","og_type":"article","og_title":"G\u00e5rdbutik - Ditlevsdal Bisonfarm","og_description":"Bes\u00f8g Ditlevsdal Bisonfarms g\u00e5rdbutik p\u00e5 Nordfyn. Her finder du l\u00e6kre udsk\u00e6ringer af bisonk\u00f8d og andre souvenirers \u2013 kun 15 km fra Odense.","og_url":"https:\/\/nice-snyder.92-205-231-245.plesk.page\/?page_id=263","og_site_name":"Ditlevsdal Bisonfarm","article_publisher":"https:\/\/www.facebook.com\/ditlevsdalbisonfarm\/?locale=da_DK","article_modified_time":"2025-11-19T08:18:59+00:00","og_image":[{"url":"https:\/\/nice-snyder.92-205-231-245.plesk.page\/wp-content\/uploads\/2025\/05\/jysk-naturkoed-1024x335.png-1.webp","type":"","width":"","height":""}],"twitter_card":"summary_large_image","twitter_misc":{"Estimeret l\u00e6setid":"1 minut"},"schema":{"@context":"https:\/\/schema.org","@graph":[{"@type":"WebPage","@id":"https:\/\/nice-snyder.92-205-231-245.plesk.page\/?page_id=263","url":"https:\/\/nice-snyder.92-205-231-245.plesk.page\/?page_id=263","name":"G\u00e5rdbutik - Ditlevsdal Bisonfarm","isPartOf":{"@id":"https:\/\/nice-snyder.92-205-231-245.plesk.page\/#website"},"primaryImageOfPage":{"@id":"https:\/\/nice-snyder.92-205-231-245.plesk.page\/?page_id=263#primaryimage"},"image":{"@id":"https:\/\/nice-snyder.92-205-231-245.plesk.page\/?page_id=263#primaryimage"},"thumbnailUrl":"https:\/\/nice-snyder.92-205-231-245.plesk.page\/wp-content\/uploads\/2025\/05\/jysk-naturkoed-1024x335.png-1.webp","datePublished":"2025-05-02T05:29:28+00:00","dateModified":"2025-11-19T08:18:59+00:00","description":"Bes\u00f8g Ditlevsdal Bisonfarms g\u00e5rdbutik p\u00e5 Nordfyn. Her finder du l\u00e6kre udsk\u00e6ringer af bisonk\u00f8d og andre souvenirers \u2013 kun 15 km fra Odense.","breadcrumb":{"@id":"https:\/\/nice-snyder.92-205-231-245.plesk.page\/?page_id=263#breadcrumb"},"inLanguage":"da-DK","potentialAction":[{"@type":"ReadAction","target":["https:\/\/nice-snyder.92-205-231-245.plesk.page\/?page_id=263"]}]},{"@type":"ImageObject","inLanguage":"da-DK","@id":"https:\/\/nice-snyder.92-205-231-245.plesk.page\/?page_id=263#primaryimage","url":"https:\/\/nice-snyder.92-205-231-245.plesk.page\/wp-content\/uploads\/2025\/05\/jysk-naturkoed-1024x335.png-1.webp","contentUrl":"https:\/\/nice-snyder.92-205-231-245.plesk.page\/wp-content\/uploads\/2025\/05\/jysk-naturkoed-1024x335.png-1.webp","width":1024,"height":335},{"@type":"BreadcrumbList","@id":"https:\/\/nice-snyder.92-205-231-245.plesk.page\/?page_id=263#breadcrumb","itemListElement":[{"@type":"ListItem","position":1,"name":"Hjem","item":"https:\/\/nice-snyder.92-205-231-245.plesk.page\/"},{"@type":"ListItem","position":2,"name":"G\u00e5rdbutik"}]},{"@type":"WebSite","@id":"https:\/\/nice-snyder.92-205-231-245.plesk.page\/#website","url":"https:\/\/nice-snyder.92-205-231-245.plesk.page\/","name":"Ditlevsdal Bison Farm","description":"","publisher":{"@id":"https:\/\/nice-snyder.92-205-231-245.plesk.page\/#organization"},"potentialAction":[{"@type":"SearchAction","target":{"@type":"EntryPoint","urlTemplate":"https:\/\/nice-snyder.92-205-231-245.plesk.page\/?s={search_term_string}"},"query-input":{"@type":"PropertyValueSpecification","valueRequired":true,"valueName":"search_term_string"}}],"inLanguage":"da-DK"},{"@type":"Organization","@id":"https:\/\/nice-snyder.92-205-231-245.plesk.page\/#organization","name":"Ditlevsdal Bison Farm","url":"https:\/\/nice-snyder.92-205-231-245.plesk.page\/","logo":{"@type":"ImageObject","inLanguage":"da-DK","@id":"https:\/\/nice-snyder.92-205-231-245.plesk.page\/#\/schema\/logo\/image\/","url":"https:\/\/nice-snyder.92-205-231-245.plesk.page\/wp-content\/uploads\/2025\/04\/logo.png","contentUrl":"https:\/\/nice-snyder.92-205-231-245.plesk.page\/wp-content\/uploads\/2025\/04\/logo.png","width":355,"height":75,"caption":"Ditlevsdal Bison Farm"},"image":{"@id":"https:\/\/nice-snyder.92-205-231-245.plesk.page\/#\/schema\/logo\/image\/"},"sameAs":["https:\/\/www.facebook.com\/ditlevsdalbisonfarm\/?locale=da_DK"]}]}},"_links":{"self":[{"href":"https:\/\/nice-snyder.92-205-231-245.plesk.page\/index.php?rest_route=\/wp\/v2\/pages\/263","targetHints":{"allow":["GET"]}}],"collection":[{"href":"https:\/\/nice-snyder.92-205-231-245.plesk.page\/index.php?rest_route=\/wp\/v2\/pages"}],"about":[{"href":"https:\/\/nice-snyder.92-205-231-245.plesk.page\/index.php?rest_route=\/wp\/v2\/types\/page"}],"author":[{"embeddable":true,"href":"https:\/\/nice-snyder.92-205-231-245.plesk.page\/index.php?rest_route=\/wp\/v2\/users\/1"}],"replies":[{"embeddable":true,"href":"https:\/\/nice-snyder.92-205-231-245.plesk.page\/index.php?rest_route=%2Fwp%2Fv2%2Fcomments&post=263"}],"version-history":[{"count":64,"href":"https:\/\/nice-snyder.92-205-231-245.plesk.page\/index.php?rest_route=\/wp\/v2\/pages\/263\/revisions"}],"predecessor-version":[{"id":4504,"href":"https:\/\/nice-snyder.92-205-231-245.plesk.page\/index.php?rest_route=\/wp\/v2\/pages\/263\/revisions\/4504"}],"wp:attachment":[{"href":"https:\/\/nice-snyder.92-205-231-245.plesk.page\/index.php?rest_route=%2Fwp%2Fv2%2Fmedia&parent=263"}],"curies":[{"name":"wp","href":"https:\/\/api.w.org\/{rel}","templated":true}]}}