{"id":3526,"date":"2025-10-20T13:55:25","date_gmt":"2025-10-20T12:55:25","guid":{"rendered":"https:\/\/nice-snyder.92-205-231-245.plesk.page\/?page_id=3526"},"modified":"2025-11-20T12:05:47","modified_gmt":"2025-11-20T11:05:47","slug":"hegning-m-m","status":"publish","type":"page","link":"https:\/\/nice-snyder.92-205-231-245.plesk.page\/?page_id=3526","title":{"rendered":"Hegning m.m."},"content":{"rendered":"\t\t<div data-elementor-type=\"wp-page\" data-elementor-id=\"3526\" class=\"elementor elementor-3526\" data-elementor-post-type=\"page\">\n\t\t\t\t<div class=\"elementor-element elementor-element-653041f e-con-full e-flex e-con e-parent\" data-id=\"653041f\" data-element_type=\"container\" data-settings=\"{&quot;background_background&quot;:&quot;classic&quot;}\">\n\t\t\t\t<div class=\"elementor-element elementor-element-c477b77 elementor-widget elementor-widget-heading\" data-id=\"c477b77\" data-element_type=\"widget\" data-widget_type=\"heading.default\">\n\t\t\t\t<div class=\"elementor-widget-container\">\n\t\t\t\t\t<h2 class=\"elementor-heading-title elementor-size-default\">Hegning m.m.<\/h2>\t\t\t\t<\/div>\n\t\t\t\t<\/div>\n\t\t\t\t<\/div>\n\t\t<div class=\"elementor-element elementor-element-d113542 e-flex e-con-boxed e-con e-parent\" data-id=\"d113542\" data-element_type=\"container\">\n\t\t\t\t\t<div class=\"e-con-inner\">\n\t\t<div class=\"elementor-element elementor-element-c7e3060 e-con-full e-flex e-con e-child\" data-id=\"c7e3060\" data-element_type=\"container\">\n\t\t\t\t<div class=\"elementor-element elementor-element-0380d3f elementor-widget elementor-widget-heading\" data-id=\"0380d3f\" data-element_type=\"widget\" data-widget_type=\"heading.default\">\n\t\t\t\t<div class=\"elementor-widget-container\">\n\t\t\t\t\t<h2 class=\"elementor-heading-title elementor-size-default\"><p><b>Praktisk hegning osv.<\/b><\/p><\/h2>\t\t\t\t<\/div>\n\t\t\t\t<\/div>\n\t\t\t\t<div class=\"elementor-element elementor-element-94d6437 elementor-widget elementor-widget-text-editor\" data-id=\"94d6437\" data-element_type=\"widget\" data-widget_type=\"text-editor.default\">\n\t\t\t\t<div class=\"elementor-widget-container\">\n\t\t\t\t\t\t\t\t\t<p>Ditlevsdal Bisonfarm har mange \u00e5rs erfaring indenfor ops\u00e6tning af forsvarligt bison-hegn, og vi hj\u00e6lper gerne med b\u00e5de r\u00e5dgivning og indk\u00f8b af materiale til fordelagtige priser.<\/p><p>Der findes ikke specifikke lovkrav til indhegningen af bisonokser \u2013 de skal blot v\u00e6re\u00a0<em>forsvarligt<\/em>\u00a0indhegnet! Her p\u00e5 Ditlevsdal har vi opsat dyrehegn med en indvendig st\u00f8dtr\u00e5d. Hegnet er sat med en h\u00f8jde p\u00e5 ca. 160-170 cm.<\/p><p>Derudover er vi specielt opm\u00e6rksomme p\u00e5, at der ikke er skarpe hj\u00f8rner i folden; dette for at undg\u00e5, at et \u00e9t af dyrene under kamp\u00a0\u2013 m\u00e5ske tyrenes kamp om k\u00f8erne \u2013 bliver presset op i hj\u00f8rnet uden flugtmulighed<\/p><p>L\u00e5ger og ind-\/udgange i en bisonfold er af stor betydning: De skal kunne t\u00e5le, n\u00e5r de store tyre skubber til dem. De skal v\u00e6re til at lukke hurtigt og specielt i fangfolden, er det af betydning, at de kan sm\u00e6kkes i og l\u00e5se \u201cautomatisk\u201d fra begge sider.<\/p><p>Opbygningen af selve fangefolden er noget anderledes, og her stilles helt andre krav til funktionalitet og holdbarhed. Igen afh\u00e6ngigt af, hvor mange dyr man har eller hvor meget de skal h\u00e5ndteres. Men en fangefold er under alle omst\u00e6ndigheder en n\u00f8dvendighed for at kunne passe sine dyr korrekt.<\/p><p>Vi hj\u00e6lper selvf\u00f8lgelig med r\u00e5d og vejledning samt evt. tegning af din fangefold, ligesom vi kan hj\u00e6lpe med indk\u00f8b af fangeboks specifikt til bisonokser.<\/p><p><span style=\"color: #770403;\"><a style=\"color: #770403;\" href=\"https:\/\/nice-snyder.92-205-231-245.plesk.page\/kontakt\/#kontaktformular\">Brug kontaktformularen her!<\/a><\/span><\/p>\t\t\t\t\t\t\t\t<\/div>\n\t\t\t\t<\/div>\n\t\t\t\t<\/div>\n\t\t<div class=\"elementor-element elementor-element-17c8900 e-con-full e-flex e-con e-child\" data-id=\"17c8900\" data-element_type=\"container\">\n\t\t\t\t<div class=\"elementor-element elementor-element-026f908 elementor-widget elementor-widget-gallery\" data-id=\"026f908\" data-element_type=\"widget\" data-settings=\"{&quot;columns&quot;:1,&quot;gap&quot;:{&quot;unit&quot;:&quot;px&quot;,&quot;size&quot;:9,&quot;sizes&quot;:[]},&quot;lazyload&quot;:&quot;yes&quot;,&quot;gallery_layout&quot;:&quot;grid&quot;,&quot;columns_tablet&quot;:2,&quot;columns_mobile&quot;:1,&quot;gap_tablet&quot;:{&quot;unit&quot;:&quot;px&quot;,&quot;size&quot;:10,&quot;sizes&quot;:[]},&quot;gap_mobile&quot;:{&quot;unit&quot;:&quot;px&quot;,&quot;size&quot;:10,&quot;sizes&quot;:[]},&quot;link_to&quot;:&quot;file&quot;,&quot;aspect_ratio&quot;:&quot;3:2&quot;,&quot;overlay_background&quot;:&quot;yes&quot;,&quot;content_hover_animation&quot;:&quot;fade-in&quot;}\" data-widget_type=\"gallery.default\">\n\t\t\t\t<div class=\"elementor-widget-container\">\n\t\t\t\t\t\t\t<div class=\"elementor-gallery__container\">\n\t\t\t\t\t\t\t<a class=\"e-gallery-item elementor-gallery-item elementor-animated-content\" href=\"https:\/\/nice-snyder.92-205-231-245.plesk.page\/wp-content\/uploads\/2025\/10\/Bison-september-2024-54-scaled.jpg\" data-elementor-open-lightbox=\"yes\" data-elementor-lightbox-slideshow=\"026f908\" data-elementor-lightbox-title=\"Bison september 2024 54\" data-e-action-hash=\"#elementor-action%3Aaction%3Dlightbox%26settings%3DeyJpZCI6MzU3OCwidXJsIjoiaHR0cHM6XC9cL25pY2Utc255ZGVyLjkyLTIwNS0yMzEtMjQ1LnBsZXNrLnBhZ2VcL3dwLWNvbnRlbnRcL3VwbG9hZHNcLzIwMjVcLzEwXC9CaXNvbi1zZXB0ZW1iZXItMjAyNC01NC1zY2FsZWQuanBnIiwic2xpZGVzaG93IjoiMDI2ZjkwOCJ9\">\n\t\t\t\t\t<div class=\"e-gallery-image elementor-gallery-item__image\" data-thumbnail=\"https:\/\/nice-snyder.92-205-231-245.plesk.page\/wp-content\/uploads\/2025\/10\/Bison-september-2024-54-300x200.jpg\" data-width=\"300\" data-height=\"200\" aria-label=\"\" role=\"img\" ><\/div>\n\t\t\t\t\t\t\t\t\t\t\t<div class=\"elementor-gallery-item__overlay\"><\/div>\n\t\t\t\t\t\t\t\t\t\t\t\t\t\t<\/a>\n\t\t\t\t\t\t\t<a class=\"e-gallery-item elementor-gallery-item elementor-animated-content\" href=\"https:\/\/nice-snyder.92-205-231-245.plesk.page\/wp-content\/uploads\/2025\/10\/Bison-september-2024-32-scaled.jpg\" data-elementor-open-lightbox=\"yes\" data-elementor-lightbox-slideshow=\"026f908\" data-elementor-lightbox-title=\"Bison september 2024 32\" data-e-action-hash=\"#elementor-action%3Aaction%3Dlightbox%26settings%3DeyJpZCI6MzY1OCwidXJsIjoiaHR0cHM6XC9cL25pY2Utc255ZGVyLjkyLTIwNS0yMzEtMjQ1LnBsZXNrLnBhZ2VcL3dwLWNvbnRlbnRcL3VwbG9hZHNcLzIwMjVcLzEwXC9CaXNvbi1zZXB0ZW1iZXItMjAyNC0zMi1zY2FsZWQuanBnIiwic2xpZGVzaG93IjoiMDI2ZjkwOCJ9\">\n\t\t\t\t\t<div class=\"e-gallery-image elementor-gallery-item__image\" data-thumbnail=\"https:\/\/nice-snyder.92-205-231-245.plesk.page\/wp-content\/uploads\/2025\/10\/Bison-september-2024-32-300x200.jpg\" data-width=\"300\" data-height=\"200\" aria-label=\"\" role=\"img\" ><\/div>\n\t\t\t\t\t\t\t\t\t\t\t<div class=\"elementor-gallery-item__overlay\"><\/div>\n\t\t\t\t\t\t\t\t\t\t\t\t\t\t<\/a>\n\t\t\t\t\t\t\t<a class=\"e-gallery-item elementor-gallery-item elementor-animated-content\" href=\"https:\/\/nice-snyder.92-205-231-245.plesk.page\/wp-content\/uploads\/2025\/10\/Bison-september-2024-71-scaled.jpg\" data-elementor-open-lightbox=\"yes\" data-elementor-lightbox-slideshow=\"026f908\" data-elementor-lightbox-title=\"Bison september 2024 71\" data-e-action-hash=\"#elementor-action%3Aaction%3Dlightbox%26settings%3DeyJpZCI6MzY1OSwidXJsIjoiaHR0cHM6XC9cL25pY2Utc255ZGVyLjkyLTIwNS0yMzEtMjQ1LnBsZXNrLnBhZ2VcL3dwLWNvbnRlbnRcL3VwbG9hZHNcLzIwMjVcLzEwXC9CaXNvbi1zZXB0ZW1iZXItMjAyNC03MS1zY2FsZWQuanBnIiwic2xpZGVzaG93IjoiMDI2ZjkwOCJ9\">\n\t\t\t\t\t<div class=\"e-gallery-image elementor-gallery-item__image\" data-thumbnail=\"https:\/\/nice-snyder.92-205-231-245.plesk.page\/wp-content\/uploads\/2025\/10\/Bison-september-2024-71-300x200.jpg\" data-width=\"300\" data-height=\"200\" aria-label=\"\" role=\"img\" ><\/div>\n\t\t\t\t\t\t\t\t\t\t\t<div class=\"elementor-gallery-item__overlay\"><\/div>\n\t\t\t\t\t\t\t\t\t\t\t\t\t\t<\/a>\n\t\t\t\t\t<\/div>\n\t\t\t\t\t<\/div>\n\t\t\t\t<\/div>\n\t\t\t\t<\/div>\n\t\t\t\t\t<\/div>\n\t\t\t\t<\/div>\n\t\t<div class=\"elementor-element elementor-element-8099d97 e-flex e-con-boxed e-con e-parent\" data-id=\"8099d97\" data-element_type=\"container\">\n\t\t\t\t\t<div class=\"e-con-inner\">\n\t\t\t\t\t<\/div>\n\t\t\t\t<\/div>\n\t\t<div class=\"elementor-element elementor-element-cc91a8e e-flex e-con-boxed e-con e-parent\" data-id=\"cc91a8e\" data-element_type=\"container\">\n\t\t\t\t\t<div class=\"e-con-inner\">\n\t\t\t\t<div class=\"elementor-element elementor-element-a3352b1 elementor-align-justify elementor-widget elementor-widget-button\" data-id=\"a3352b1\" data-element_type=\"widget\" data-widget_type=\"button.default\">\n\t\t\t\t<div class=\"elementor-widget-container\">\n\t\t\t\t\t\t\t\t\t<div class=\"elementor-button-wrapper\">\n\t\t\t\t\t<a class=\"elementor-button elementor-button-link elementor-size-sm\" href=\"https:\/\/nice-snyder.92-205-231-245.plesk.page\/galleri\/#bisongalleri\">\n\t\t\t\t\t\t<span class=\"elementor-button-content-wrapper\">\n\t\t\t\t\t\t\t\t\t<span class=\"elementor-button-text\">SE MERE TIL DYRENE HER<\/span>\n\t\t\t\t\t<\/span>\n\t\t\t\t\t<\/a>\n\t\t\t\t<\/div>\n\t\t\t\t\t\t\t\t<\/div>\n\t\t\t\t<\/div>\n\t\t\t\t\t<\/div>\n\t\t\t\t<\/div>\n\t\t<div class=\"elementor-element elementor-element-217bf2f e-flex e-con-boxed e-con e-parent\" data-id=\"217bf2f\" data-element_type=\"container\">\n\t\t\t\t\t<div class=\"e-con-inner\">\n\t\t\t\t<div class=\"elementor-element elementor-element-5cf9bcd elementor-widget elementor-widget-gallery\" data-id=\"5cf9bcd\" data-element_type=\"widget\" data-settings=\"{&quot;lazyload&quot;:&quot;yes&quot;,&quot;gallery_layout&quot;:&quot;grid&quot;,&quot;columns&quot;:4,&quot;columns_tablet&quot;:2,&quot;columns_mobile&quot;:1,&quot;gap&quot;:{&quot;unit&quot;:&quot;px&quot;,&quot;size&quot;:10,&quot;sizes&quot;:[]},&quot;gap_tablet&quot;:{&quot;unit&quot;:&quot;px&quot;,&quot;size&quot;:10,&quot;sizes&quot;:[]},&quot;gap_mobile&quot;:{&quot;unit&quot;:&quot;px&quot;,&quot;size&quot;:10,&quot;sizes&quot;:[]},&quot;link_to&quot;:&quot;file&quot;,&quot;aspect_ratio&quot;:&quot;3:2&quot;,&quot;overlay_background&quot;:&quot;yes&quot;,&quot;content_hover_animation&quot;:&quot;fade-in&quot;}\" data-widget_type=\"gallery.default\">\n\t\t\t\t<div class=\"elementor-widget-container\">\n\t\t\t\t\t\t\t<div class=\"elementor-gallery__container\">\n\t\t\t\t\t\t\t<a class=\"e-gallery-item elementor-gallery-item elementor-animated-content\" href=\"https:\/\/nice-snyder.92-205-231-245.plesk.page\/wp-content\/uploads\/2025\/10\/to-kalve-fra-2025.jpg\" data-elementor-open-lightbox=\"yes\" data-elementor-lightbox-slideshow=\"5cf9bcd\" data-elementor-lightbox-title=\"to kalve fra 2025\" data-e-action-hash=\"#elementor-action%3Aaction%3Dlightbox%26settings%3DeyJpZCI6MzY0OCwidXJsIjoiaHR0cHM6XC9cL25pY2Utc255ZGVyLjkyLTIwNS0yMzEtMjQ1LnBsZXNrLnBhZ2VcL3dwLWNvbnRlbnRcL3VwbG9hZHNcLzIwMjVcLzEwXC90by1rYWx2ZS1mcmEtMjAyNS5qcGciLCJzbGlkZXNob3ciOiI1Y2Y5YmNkIn0%3D\">\n\t\t\t\t\t<div class=\"e-gallery-image elementor-gallery-item__image\" data-thumbnail=\"https:\/\/nice-snyder.92-205-231-245.plesk.page\/wp-content\/uploads\/2025\/10\/to-kalve-fra-2025-225x300.jpg\" data-width=\"225\" data-height=\"300\" aria-label=\"\" role=\"img\" ><\/div>\n\t\t\t\t\t\t\t\t\t\t\t<div class=\"elementor-gallery-item__overlay\"><\/div>\n\t\t\t\t\t\t\t\t\t\t\t\t\t\t<\/a>\n\t\t\t\t\t\t\t<a class=\"e-gallery-item elementor-gallery-item elementor-animated-content\" href=\"https:\/\/nice-snyder.92-205-231-245.plesk.page\/wp-content\/uploads\/2025\/10\/07-TIC-rundt-om-nordfyn-Ditlevsdal-Bisonfarm-23-scaled.jpg\" data-elementor-open-lightbox=\"yes\" data-elementor-lightbox-slideshow=\"5cf9bcd\" data-elementor-lightbox-title=\"Rundt om nordfyn - Ditlevsdal Bisonfarm\" data-e-action-hash=\"#elementor-action%3Aaction%3Dlightbox%26settings%3DeyJpZCI6MzY0OSwidXJsIjoiaHR0cHM6XC9cL25pY2Utc255ZGVyLjkyLTIwNS0yMzEtMjQ1LnBsZXNrLnBhZ2VcL3dwLWNvbnRlbnRcL3VwbG9hZHNcLzIwMjVcLzEwXC8wNy1USUMtcnVuZHQtb20tbm9yZGZ5bi1EaXRsZXZzZGFsLUJpc29uZmFybS0yMy1zY2FsZWQuanBnIiwic2xpZGVzaG93IjoiNWNmOWJjZCJ9\">\n\t\t\t\t\t<div class=\"e-gallery-image elementor-gallery-item__image\" data-thumbnail=\"https:\/\/nice-snyder.92-205-231-245.plesk.page\/wp-content\/uploads\/2025\/10\/07-TIC-rundt-om-nordfyn-Ditlevsdal-Bisonfarm-23-300x200.jpg\" data-width=\"300\" data-height=\"200\" aria-label=\"\" role=\"img\" ><\/div>\n\t\t\t\t\t\t\t\t\t\t\t<div class=\"elementor-gallery-item__overlay\"><\/div>\n\t\t\t\t\t\t\t\t\t\t\t\t\t\t<\/a>\n\t\t\t\t\t\t\t<a class=\"e-gallery-item elementor-gallery-item elementor-animated-content\" href=\"https:\/\/nice-snyder.92-205-231-245.plesk.page\/wp-content\/uploads\/2025\/04\/dsc03161-e1743771363356.jpg\" data-elementor-open-lightbox=\"yes\" data-elementor-lightbox-slideshow=\"5cf9bcd\" data-elementor-lightbox-title=\"dsc03161-e1743771363356\" data-e-action-hash=\"#elementor-action%3Aaction%3Dlightbox%26settings%3DeyJpZCI6MTcsInVybCI6Imh0dHBzOlwvXC9uaWNlLXNueWRlci45Mi0yMDUtMjMxLTI0NS5wbGVzay5wYWdlXC93cC1jb250ZW50XC91cGxvYWRzXC8yMDI1XC8wNFwvZHNjMDMxNjEtZTE3NDM3NzEzNjMzNTYuanBnIiwic2xpZGVzaG93IjoiNWNmOWJjZCJ9\">\n\t\t\t\t\t<div class=\"e-gallery-image elementor-gallery-item__image\" data-thumbnail=\"https:\/\/nice-snyder.92-205-231-245.plesk.page\/wp-content\/uploads\/2025\/04\/dsc03161-e1743771363356-300x122.jpg\" data-width=\"300\" data-height=\"122\" aria-label=\"\" role=\"img\" ><\/div>\n\t\t\t\t\t\t\t\t\t\t\t<div class=\"elementor-gallery-item__overlay\"><\/div>\n\t\t\t\t\t\t\t\t\t\t\t\t\t\t<\/a>\n\t\t\t\t\t\t\t<a class=\"e-gallery-item elementor-gallery-item elementor-animated-content\" href=\"https:\/\/nice-snyder.92-205-231-245.plesk.page\/wp-content\/uploads\/2025\/10\/IMG_0676-scaled.jpg\" data-elementor-open-lightbox=\"yes\" data-elementor-lightbox-slideshow=\"5cf9bcd\" data-elementor-lightbox-title=\"IMG_0676\" data-e-action-hash=\"#elementor-action%3Aaction%3Dlightbox%26settings%3DeyJpZCI6MzY3MiwidXJsIjoiaHR0cHM6XC9cL25pY2Utc255ZGVyLjkyLTIwNS0yMzEtMjQ1LnBsZXNrLnBhZ2VcL3dwLWNvbnRlbnRcL3VwbG9hZHNcLzIwMjVcLzEwXC9JTUdfMDY3Ni1zY2FsZWQuanBnIiwic2xpZGVzaG93IjoiNWNmOWJjZCJ9\">\n\t\t\t\t\t<div class=\"e-gallery-image elementor-gallery-item__image\" data-thumbnail=\"https:\/\/nice-snyder.92-205-231-245.plesk.page\/wp-content\/uploads\/2025\/10\/IMG_0676-225x300.jpg\" data-width=\"225\" data-height=\"300\" aria-label=\"\" role=\"img\" ><\/div>\n\t\t\t\t\t\t\t\t\t\t\t<div class=\"elementor-gallery-item__overlay\"><\/div>\n\t\t\t\t\t\t\t\t\t\t\t\t\t\t<\/a>\n\t\t\t\t\t<\/div>\n\t\t\t\t\t<\/div>\n\t\t\t\t<\/div>\n\t\t\t\t\t<\/div>\n\t\t\t\t<\/div>\n\t\t<div class=\"elementor-element elementor-element-5744964 e-flex e-con-boxed e-con e-parent\" data-id=\"5744964\" data-element_type=\"container\">\n\t\t\t\t\t<div class=\"e-con-inner\">\n\t\t\t\t<div class=\"elementor-element elementor-element-f1917a5 elementor-widget-divider--view-line elementor-widget elementor-widget-divider\" data-id=\"f1917a5\" data-element_type=\"widget\" data-widget_type=\"divider.default\">\n\t\t\t\t<div class=\"elementor-widget-container\">\n\t\t\t\t\t\t\t<div class=\"elementor-divider\">\n\t\t\t<span class=\"elementor-divider-separator\">\n\t\t\t\t\t\t<\/span>\n\t\t<\/div>\n\t\t\t\t\t\t<\/div>\n\t\t\t\t<\/div>\n\t\t\t\t<div class=\"elementor-element elementor-element-d68836e elementor-widget elementor-widget-spacer\" data-id=\"d68836e\" data-element_type=\"widget\" data-widget_type=\"spacer.default\">\n\t\t\t\t<div class=\"elementor-widget-container\">\n\t\t\t\t\t\t\t<div class=\"elementor-spacer\">\n\t\t\t<div class=\"elementor-spacer-inner\"><\/div>\n\t\t<\/div>\n\t\t\t\t\t\t<\/div>\n\t\t\t\t<\/div>\n\t\t\t\t\t<\/div>\n\t\t\t\t<\/div>\n\t\t\t\t<\/div>\n\t\t","protected":false},"excerpt":{"rendered":"<p>Hegning m.m. Praktisk hegning osv. Ditlevsdal Bisonfarm har mange \u00e5rs erfaring indenfor ops\u00e6tning af forsvarligt bison-hegn, og vi hj\u00e6lper gerne med b\u00e5de r\u00e5dgivning og indk\u00f8b af materiale til fordelagtige priser. Der findes ikke specifikke lovkrav til indhegningen af bisonokser \u2013 de skal blot v\u00e6re\u00a0forsvarligt\u00a0indhegnet! Her p\u00e5 Ditlevsdal har vi opsat dyrehegn med en indvendig st\u00f8dtr\u00e5d. [&hellip;]<\/p>\n","protected":false},"author":1,"featured_media":0,"parent":0,"menu_order":0,"comment_status":"closed","ping_status":"closed","template":"","meta":{"_acf_changed":false,"wprm-recipe-roundup-name":"","wprm-recipe-roundup-description":"","footnotes":""},"class_list":["post-3526","page","type-page","status-publish","hentry"],"acf":[],"yoast_head":"<!-- This site is optimized with the Yoast SEO plugin v25.7 - https:\/\/yoast.com\/wordpress\/plugins\/seo\/ -->\n<title>Hegning m.m. - Ditlevsdal Bisonfarm<\/title>\n<meta name=\"robots\" content=\"noindex, follow, max-snippet:-1, max-image-preview:large, max-video-preview:-1\" \/>\n<meta property=\"og:locale\" content=\"da_DK\" \/>\n<meta property=\"og:type\" content=\"article\" \/>\n<meta property=\"og:title\" content=\"Hegning m.m. - Ditlevsdal Bisonfarm\" \/>\n<meta property=\"og:description\" content=\"Hegning m.m. Praktisk hegning osv. Ditlevsdal Bisonfarm har mange \u00e5rs erfaring indenfor ops\u00e6tning af forsvarligt bison-hegn, og vi hj\u00e6lper gerne med b\u00e5de r\u00e5dgivning og indk\u00f8b af materiale til fordelagtige priser. Der findes ikke specifikke lovkrav til indhegningen af bisonokser \u2013 de skal blot v\u00e6re\u00a0forsvarligt\u00a0indhegnet! Her p\u00e5 Ditlevsdal har vi opsat dyrehegn med en indvendig st\u00f8dtr\u00e5d. [&hellip;]\" \/>\n<meta property=\"og:url\" content=\"https:\/\/nice-snyder.92-205-231-245.plesk.page\/?page_id=3526\" \/>\n<meta property=\"og:site_name\" content=\"Ditlevsdal Bisonfarm\" \/>\n<meta property=\"article:publisher\" content=\"https:\/\/www.facebook.com\/ditlevsdalbisonfarm\/?locale=da_DK\" \/>\n<meta property=\"article:modified_time\" content=\"2025-11-20T11:05:47+00:00\" \/>\n<meta name=\"twitter:card\" content=\"summary_large_image\" \/>\n<meta name=\"twitter:label1\" content=\"Estimeret l\u00e6setid\" \/>\n\t<meta name=\"twitter:data1\" content=\"2 minutter\" \/>\n<script type=\"application\/ld+json\" class=\"yoast-schema-graph\">{\"@context\":\"https:\/\/schema.org\",\"@graph\":[{\"@type\":\"WebPage\",\"@id\":\"https:\/\/nice-snyder.92-205-231-245.plesk.page\/?page_id=3526\",\"url\":\"https:\/\/nice-snyder.92-205-231-245.plesk.page\/?page_id=3526\",\"name\":\"Hegning m.m. - Ditlevsdal Bisonfarm\",\"isPartOf\":{\"@id\":\"https:\/\/nice-snyder.92-205-231-245.plesk.page\/#website\"},\"datePublished\":\"2025-10-20T12:55:25+00:00\",\"dateModified\":\"2025-11-20T11:05:47+00:00\",\"breadcrumb\":{\"@id\":\"https:\/\/nice-snyder.92-205-231-245.plesk.page\/?page_id=3526#breadcrumb\"},\"inLanguage\":\"da-DK\",\"potentialAction\":[{\"@type\":\"ReadAction\",\"target\":[\"https:\/\/nice-snyder.92-205-231-245.plesk.page\/?page_id=3526\"]}]},{\"@type\":\"BreadcrumbList\",\"@id\":\"https:\/\/nice-snyder.92-205-231-245.plesk.page\/?page_id=3526#breadcrumb\",\"itemListElement\":[{\"@type\":\"ListItem\",\"position\":1,\"name\":\"Hjem\",\"item\":\"https:\/\/nice-snyder.92-205-231-245.plesk.page\/\"},{\"@type\":\"ListItem\",\"position\":2,\"name\":\"Hegning m.m.\"}]},{\"@type\":\"WebSite\",\"@id\":\"https:\/\/nice-snyder.92-205-231-245.plesk.page\/#website\",\"url\":\"https:\/\/nice-snyder.92-205-231-245.plesk.page\/\",\"name\":\"Ditlevsdal Bison Farm\",\"description\":\"\",\"publisher\":{\"@id\":\"https:\/\/nice-snyder.92-205-231-245.plesk.page\/#organization\"},\"potentialAction\":[{\"@type\":\"SearchAction\",\"target\":{\"@type\":\"EntryPoint\",\"urlTemplate\":\"https:\/\/nice-snyder.92-205-231-245.plesk.page\/?s={search_term_string}\"},\"query-input\":{\"@type\":\"PropertyValueSpecification\",\"valueRequired\":true,\"valueName\":\"search_term_string\"}}],\"inLanguage\":\"da-DK\"},{\"@type\":\"Organization\",\"@id\":\"https:\/\/nice-snyder.92-205-231-245.plesk.page\/#organization\",\"name\":\"Ditlevsdal Bison Farm\",\"url\":\"https:\/\/nice-snyder.92-205-231-245.plesk.page\/\",\"logo\":{\"@type\":\"ImageObject\",\"inLanguage\":\"da-DK\",\"@id\":\"https:\/\/nice-snyder.92-205-231-245.plesk.page\/#\/schema\/logo\/image\/\",\"url\":\"https:\/\/nice-snyder.92-205-231-245.plesk.page\/wp-content\/uploads\/2025\/04\/logo.png\",\"contentUrl\":\"https:\/\/nice-snyder.92-205-231-245.plesk.page\/wp-content\/uploads\/2025\/04\/logo.png\",\"width\":355,\"height\":75,\"caption\":\"Ditlevsdal Bison Farm\"},\"image\":{\"@id\":\"https:\/\/nice-snyder.92-205-231-245.plesk.page\/#\/schema\/logo\/image\/\"},\"sameAs\":[\"https:\/\/www.facebook.com\/ditlevsdalbisonfarm\/?locale=da_DK\"]}]}<\/script>\n<!-- \/ Yoast SEO plugin. -->","yoast_head_json":{"title":"Hegning m.m. - Ditlevsdal Bisonfarm","robots":{"index":"noindex","follow":"follow","max-snippet":"max-snippet:-1","max-image-preview":"max-image-preview:large","max-video-preview":"max-video-preview:-1"},"og_locale":"da_DK","og_type":"article","og_title":"Hegning m.m. - Ditlevsdal Bisonfarm","og_description":"Hegning m.m. Praktisk hegning osv. Ditlevsdal Bisonfarm har mange \u00e5rs erfaring indenfor ops\u00e6tning af forsvarligt bison-hegn, og vi hj\u00e6lper gerne med b\u00e5de r\u00e5dgivning og indk\u00f8b af materiale til fordelagtige priser. Der findes ikke specifikke lovkrav til indhegningen af bisonokser \u2013 de skal blot v\u00e6re\u00a0forsvarligt\u00a0indhegnet! Her p\u00e5 Ditlevsdal har vi opsat dyrehegn med en indvendig st\u00f8dtr\u00e5d. [&hellip;]","og_url":"https:\/\/nice-snyder.92-205-231-245.plesk.page\/?page_id=3526","og_site_name":"Ditlevsdal Bisonfarm","article_publisher":"https:\/\/www.facebook.com\/ditlevsdalbisonfarm\/?locale=da_DK","article_modified_time":"2025-11-20T11:05:47+00:00","twitter_card":"summary_large_image","twitter_misc":{"Estimeret l\u00e6setid":"2 minutter"},"schema":{"@context":"https:\/\/schema.org","@graph":[{"@type":"WebPage","@id":"https:\/\/nice-snyder.92-205-231-245.plesk.page\/?page_id=3526","url":"https:\/\/nice-snyder.92-205-231-245.plesk.page\/?page_id=3526","name":"Hegning m.m. - Ditlevsdal Bisonfarm","isPartOf":{"@id":"https:\/\/nice-snyder.92-205-231-245.plesk.page\/#website"},"datePublished":"2025-10-20T12:55:25+00:00","dateModified":"2025-11-20T11:05:47+00:00","breadcrumb":{"@id":"https:\/\/nice-snyder.92-205-231-245.plesk.page\/?page_id=3526#breadcrumb"},"inLanguage":"da-DK","potentialAction":[{"@type":"ReadAction","target":["https:\/\/nice-snyder.92-205-231-245.plesk.page\/?page_id=3526"]}]},{"@type":"BreadcrumbList","@id":"https:\/\/nice-snyder.92-205-231-245.plesk.page\/?page_id=3526#breadcrumb","itemListElement":[{"@type":"ListItem","position":1,"name":"Hjem","item":"https:\/\/nice-snyder.92-205-231-245.plesk.page\/"},{"@type":"ListItem","position":2,"name":"Hegning m.m."}]},{"@type":"WebSite","@id":"https:\/\/nice-snyder.92-205-231-245.plesk.page\/#website","url":"https:\/\/nice-snyder.92-205-231-245.plesk.page\/","name":"Ditlevsdal Bison Farm","description":"","publisher":{"@id":"https:\/\/nice-snyder.92-205-231-245.plesk.page\/#organization"},"potentialAction":[{"@type":"SearchAction","target":{"@type":"EntryPoint","urlTemplate":"https:\/\/nice-snyder.92-205-231-245.plesk.page\/?s={search_term_string}"},"query-input":{"@type":"PropertyValueSpecification","valueRequired":true,"valueName":"search_term_string"}}],"inLanguage":"da-DK"},{"@type":"Organization","@id":"https:\/\/nice-snyder.92-205-231-245.plesk.page\/#organization","name":"Ditlevsdal Bison Farm","url":"https:\/\/nice-snyder.92-205-231-245.plesk.page\/","logo":{"@type":"ImageObject","inLanguage":"da-DK","@id":"https:\/\/nice-snyder.92-205-231-245.plesk.page\/#\/schema\/logo\/image\/","url":"https:\/\/nice-snyder.92-205-231-245.plesk.page\/wp-content\/uploads\/2025\/04\/logo.png","contentUrl":"https:\/\/nice-snyder.92-205-231-245.plesk.page\/wp-content\/uploads\/2025\/04\/logo.png","width":355,"height":75,"caption":"Ditlevsdal Bison Farm"},"image":{"@id":"https:\/\/nice-snyder.92-205-231-245.plesk.page\/#\/schema\/logo\/image\/"},"sameAs":["https:\/\/www.facebook.com\/ditlevsdalbisonfarm\/?locale=da_DK"]}]}},"_links":{"self":[{"href":"https:\/\/nice-snyder.92-205-231-245.plesk.page\/index.php?rest_route=\/wp\/v2\/pages\/3526","targetHints":{"allow":["GET"]}}],"collection":[{"href":"https:\/\/nice-snyder.92-205-231-245.plesk.page\/index.php?rest_route=\/wp\/v2\/pages"}],"about":[{"href":"https:\/\/nice-snyder.92-205-231-245.plesk.page\/index.php?rest_route=\/wp\/v2\/types\/page"}],"author":[{"embeddable":true,"href":"https:\/\/nice-snyder.92-205-231-245.plesk.page\/index.php?rest_route=\/wp\/v2\/users\/1"}],"replies":[{"embeddable":true,"href":"https:\/\/nice-snyder.92-205-231-245.plesk.page\/index.php?rest_route=%2Fwp%2Fv2%2Fcomments&post=3526"}],"version-history":[{"count":25,"href":"https:\/\/nice-snyder.92-205-231-245.plesk.page\/index.php?rest_route=\/wp\/v2\/pages\/3526\/revisions"}],"predecessor-version":[{"id":4645,"href":"https:\/\/nice-snyder.92-205-231-245.plesk.page\/index.php?rest_route=\/wp\/v2\/pages\/3526\/revisions\/4645"}],"wp:attachment":[{"href":"https:\/\/nice-snyder.92-205-231-245.plesk.page\/index.php?rest_route=%2Fwp%2Fv2%2Fmedia&parent=3526"}],"curies":[{"name":"wp","href":"https:\/\/api.w.org\/{rel}","templated":true}]}}