{"id":3534,"date":"2025-10-20T13:56:30","date_gmt":"2025-10-20T12:56:30","guid":{"rendered":"https:\/\/nice-snyder.92-205-231-245.plesk.page\/?page_id=3534"},"modified":"2025-11-20T12:21:12","modified_gmt":"2025-11-20T11:21:12","slug":"salg-og-export","status":"publish","type":"page","link":"https:\/\/nice-snyder.92-205-231-245.plesk.page\/?page_id=3534","title":{"rendered":"Salg og eksport"},"content":{"rendered":"\t\t<div data-elementor-type=\"wp-page\" data-elementor-id=\"3534\" class=\"elementor elementor-3534\" data-elementor-post-type=\"page\">\n\t\t\t\t<div class=\"elementor-element elementor-element-653041f e-con-full e-flex e-con e-parent\" data-id=\"653041f\" data-element_type=\"container\" data-settings=\"{&quot;background_background&quot;:&quot;classic&quot;}\">\n\t\t\t\t<div class=\"elementor-element elementor-element-c477b77 elementor-widget elementor-widget-heading\" data-id=\"c477b77\" data-element_type=\"widget\" data-widget_type=\"heading.default\">\n\t\t\t\t<div class=\"elementor-widget-container\">\n\t\t\t\t\t<h2 class=\"elementor-heading-title elementor-size-default\">Salg og Eksport<\/h2>\t\t\t\t<\/div>\n\t\t\t\t<\/div>\n\t\t\t\t<\/div>\n\t\t<div class=\"elementor-element elementor-element-d113542 e-flex e-con-boxed e-con e-parent\" data-id=\"d113542\" data-element_type=\"container\">\n\t\t\t\t\t<div class=\"e-con-inner\">\n\t\t<div class=\"elementor-element elementor-element-c7e3060 e-con-full e-flex e-con e-child\" data-id=\"c7e3060\" data-element_type=\"container\">\n\t\t\t\t<div class=\"elementor-element elementor-element-0380d3f elementor-widget elementor-widget-heading\" data-id=\"0380d3f\" data-element_type=\"widget\" data-widget_type=\"heading.default\">\n\t\t\t\t<div class=\"elementor-widget-container\">\n\t\t\t\t\t<h2 class=\"elementor-heading-title elementor-size-default\">Salg og Eksport <\/h2>\t\t\t\t<\/div>\n\t\t\t\t<\/div>\n\t\t\t\t<div class=\"elementor-element elementor-element-94d6437 elementor-widget elementor-widget-text-editor\" data-id=\"94d6437\" data-element_type=\"widget\" data-widget_type=\"text-editor.default\">\n\t\t\t\t<div class=\"elementor-widget-container\">\n\t\t\t\t\t\t\t\t\t<p><strong>Salg og eksport af bisonokser har vi stor erfaring og ekspertise i.<\/strong><\/p><p>Vi har bl.a. eksporteret til Finland, Tyskland, Sverige, Frankrig, Italien, Belgien, \u00d8strig, Rusland, Litauen, Dubai m.fl.<\/p><p>Det betyder ogs\u00e5, at vi har megen\u00a0erfaring i h\u00e5ndtering af pr\u00f8vetagning, diverse eksportdokumenter\u00a0og certifikater i forhold til embedsdyrl\u00e6ge og transportfirma.<\/p><p>Vi\u00a0har benyttet det samme transportfirma gennem en \u00e5rr\u00e6kke, og de har derfor sikker og god erfaring i netop transport af bisonokser.<\/p><p>Sommetider f\u00f8lger vi ogs\u00e5 selv med dyrene, n\u00e5r de transporteres til nye avlssteder for at sikre os, at alle dyr kommer godt frem til deres nye bestemmelsessted. P\u00e5 den m\u00e5de er der ogs\u00e5 god ekspertise med, s\u00e5fremt der skulle opst\u00e5 problemer undervejs.<\/p><p>Inden salg vil der typisk v\u00e6re en dialog omkring det at have bisonokser, et bes\u00f8g p\u00e5 farmen og evt. ligeledes et bes\u00f8g herfra for at vurdere, hvorvidt omr\u00e5det er egnet til bisonokser og r\u00e5dgivning omkring hegning og fangefold. Der udf\u00e6rdiges kontrakt med f\u00f8rste udbetaling v. kontraktunderskrivelse. Restbel\u00f8b afregnes, inden dyrenes afgang fra Ditlevsdal.<\/p><p>Udgifter til pr\u00f8ver kr\u00e6vet af Danmark og EU betaler vi. Landespecifikke pr\u00f8ver betales af k\u00f8ber, ligesom k\u00f8ber betaler for\u00a0transport \u2013 vi\u00a0p\u00e5tager os\u00a0dog risikoen for dyrene under selve transporten.<\/p><p>Vi f\u00f8lger generelt op p\u00e5 de dyr, der er solgt for at sikre os, at disse h\u00e5ndteres korrekt og for at hj\u00e6lpe med de problemer, man evt. m\u00e5tte l\u00f8be ind i. Som k\u00f8ber herfra, kan man selvf\u00f8lgelig altid kontakte os, og tr\u00e6kke p\u00e5 vores erfaring for hj\u00e6lp og sp\u00f8rgsm\u00e5l. Der dukker altid noget op, n\u00e5r man kaster sig ud i ukendt terr\u00e6n.<\/p><p><b>Kontakt os p\u00e5 mail ved yderligere sp\u00f8rgsm\u00e5l vedr. k\u00f8b af bisonokser:\u00a0<\/b><\/p><p>P\u00e5 mail: restaurant@ditlevsdal.dk<b> <\/b><\/p><p>eller via:\u00a0<a style=\"background-color: #ffffff; color: #770403;\" href=\"https:\/\/nice-snyder.92-205-231-245.plesk.page\/kontakt\/#kontaktformular\">Brug kontaktformularen her!<\/a><\/p>\t\t\t\t\t\t\t\t<\/div>\n\t\t\t\t<\/div>\n\t\t\t\t<\/div>\n\t\t<div class=\"elementor-element elementor-element-17c8900 e-con-full e-flex e-con e-child\" data-id=\"17c8900\" data-element_type=\"container\">\n\t\t\t\t<\/div>\n\t\t\t\t\t<\/div>\n\t\t\t\t<\/div>\n\t\t<div class=\"elementor-element elementor-element-633d6c0 e-flex e-con-boxed e-con e-parent\" data-id=\"633d6c0\" data-element_type=\"container\">\n\t\t\t\t\t<div class=\"e-con-inner\">\n\t\t\t\t<div class=\"elementor-element elementor-element-989fb26 elementor-align-justify elementor-widget elementor-widget-button\" data-id=\"989fb26\" data-element_type=\"widget\" data-widget_type=\"button.default\">\n\t\t\t\t<div class=\"elementor-widget-container\">\n\t\t\t\t\t\t\t\t\t<div class=\"elementor-button-wrapper\">\n\t\t\t\t\t<a class=\"elementor-button elementor-button-link elementor-size-sm\" href=\"https:\/\/nice-snyder.92-205-231-245.plesk.page\/galleri\/#bisongalleri\">\n\t\t\t\t\t\t<span class=\"elementor-button-content-wrapper\">\n\t\t\t\t\t\t\t\t\t<span class=\"elementor-button-text\">SE MERE TIL DYRENE HER<\/span>\n\t\t\t\t\t<\/span>\n\t\t\t\t\t<\/a>\n\t\t\t\t<\/div>\n\t\t\t\t\t\t\t\t<\/div>\n\t\t\t\t<\/div>\n\t\t\t\t\t<\/div>\n\t\t\t\t<\/div>\n\t\t<div class=\"elementor-element elementor-element-e2bb00f e-flex e-con-boxed e-con e-parent\" data-id=\"e2bb00f\" data-element_type=\"container\">\n\t\t\t\t\t<div class=\"e-con-inner\">\n\t\t\t\t<div class=\"elementor-element elementor-element-f6b186b elementor-widget elementor-widget-gallery\" data-id=\"f6b186b\" data-element_type=\"widget\" data-settings=\"{&quot;lazyload&quot;:&quot;yes&quot;,&quot;gallery_layout&quot;:&quot;grid&quot;,&quot;columns&quot;:4,&quot;columns_tablet&quot;:2,&quot;columns_mobile&quot;:1,&quot;gap&quot;:{&quot;unit&quot;:&quot;px&quot;,&quot;size&quot;:10,&quot;sizes&quot;:[]},&quot;gap_tablet&quot;:{&quot;unit&quot;:&quot;px&quot;,&quot;size&quot;:10,&quot;sizes&quot;:[]},&quot;gap_mobile&quot;:{&quot;unit&quot;:&quot;px&quot;,&quot;size&quot;:10,&quot;sizes&quot;:[]},&quot;link_to&quot;:&quot;file&quot;,&quot;aspect_ratio&quot;:&quot;3:2&quot;,&quot;overlay_background&quot;:&quot;yes&quot;,&quot;content_hover_animation&quot;:&quot;fade-in&quot;}\" data-widget_type=\"gallery.default\">\n\t\t\t\t<div class=\"elementor-widget-container\">\n\t\t\t\t\t\t\t<div class=\"elementor-gallery__container\">\n\t\t\t\t\t\t\t<a class=\"e-gallery-item elementor-gallery-item elementor-animated-content\" href=\"https:\/\/nice-snyder.92-205-231-245.plesk.page\/wp-content\/uploads\/2025\/10\/to-kalve-fra-2025.jpg\" data-elementor-open-lightbox=\"yes\" data-elementor-lightbox-slideshow=\"f6b186b\" data-elementor-lightbox-title=\"to kalve fra 2025\" data-e-action-hash=\"#elementor-action%3Aaction%3Dlightbox%26settings%3DeyJpZCI6MzY0OCwidXJsIjoiaHR0cHM6XC9cL25pY2Utc255ZGVyLjkyLTIwNS0yMzEtMjQ1LnBsZXNrLnBhZ2VcL3dwLWNvbnRlbnRcL3VwbG9hZHNcLzIwMjVcLzEwXC90by1rYWx2ZS1mcmEtMjAyNS5qcGciLCJzbGlkZXNob3ciOiJmNmIxODZiIn0%3D\">\n\t\t\t\t\t<div class=\"e-gallery-image elementor-gallery-item__image\" data-thumbnail=\"https:\/\/nice-snyder.92-205-231-245.plesk.page\/wp-content\/uploads\/2025\/10\/to-kalve-fra-2025-225x300.jpg\" data-width=\"225\" data-height=\"300\" aria-label=\"\" role=\"img\" ><\/div>\n\t\t\t\t\t\t\t\t\t\t\t<div class=\"elementor-gallery-item__overlay\"><\/div>\n\t\t\t\t\t\t\t\t\t\t\t\t\t\t<\/a>\n\t\t\t\t\t\t\t<a class=\"e-gallery-item elementor-gallery-item elementor-animated-content\" href=\"https:\/\/nice-snyder.92-205-231-245.plesk.page\/wp-content\/uploads\/2025\/10\/07-TIC-rundt-om-nordfyn-Ditlevsdal-Bisonfarm-23-scaled.jpg\" data-elementor-open-lightbox=\"yes\" data-elementor-lightbox-slideshow=\"f6b186b\" data-elementor-lightbox-title=\"Rundt om nordfyn - Ditlevsdal Bisonfarm\" data-e-action-hash=\"#elementor-action%3Aaction%3Dlightbox%26settings%3DeyJpZCI6MzY0OSwidXJsIjoiaHR0cHM6XC9cL25pY2Utc255ZGVyLjkyLTIwNS0yMzEtMjQ1LnBsZXNrLnBhZ2VcL3dwLWNvbnRlbnRcL3VwbG9hZHNcLzIwMjVcLzEwXC8wNy1USUMtcnVuZHQtb20tbm9yZGZ5bi1EaXRsZXZzZGFsLUJpc29uZmFybS0yMy1zY2FsZWQuanBnIiwic2xpZGVzaG93IjoiZjZiMTg2YiJ9\">\n\t\t\t\t\t<div class=\"e-gallery-image elementor-gallery-item__image\" data-thumbnail=\"https:\/\/nice-snyder.92-205-231-245.plesk.page\/wp-content\/uploads\/2025\/10\/07-TIC-rundt-om-nordfyn-Ditlevsdal-Bisonfarm-23-300x200.jpg\" data-width=\"300\" data-height=\"200\" aria-label=\"\" role=\"img\" ><\/div>\n\t\t\t\t\t\t\t\t\t\t\t<div class=\"elementor-gallery-item__overlay\"><\/div>\n\t\t\t\t\t\t\t\t\t\t\t\t\t\t<\/a>\n\t\t\t\t\t\t\t<a class=\"e-gallery-item elementor-gallery-item elementor-animated-content\" href=\"https:\/\/nice-snyder.92-205-231-245.plesk.page\/wp-content\/uploads\/2025\/04\/dsc03161-e1743771363356.jpg\" data-elementor-open-lightbox=\"yes\" data-elementor-lightbox-slideshow=\"f6b186b\" data-elementor-lightbox-title=\"dsc03161-e1743771363356\" data-e-action-hash=\"#elementor-action%3Aaction%3Dlightbox%26settings%3DeyJpZCI6MTcsInVybCI6Imh0dHBzOlwvXC9uaWNlLXNueWRlci45Mi0yMDUtMjMxLTI0NS5wbGVzay5wYWdlXC93cC1jb250ZW50XC91cGxvYWRzXC8yMDI1XC8wNFwvZHNjMDMxNjEtZTE3NDM3NzEzNjMzNTYuanBnIiwic2xpZGVzaG93IjoiZjZiMTg2YiJ9\">\n\t\t\t\t\t<div class=\"e-gallery-image elementor-gallery-item__image\" data-thumbnail=\"https:\/\/nice-snyder.92-205-231-245.plesk.page\/wp-content\/uploads\/2025\/04\/dsc03161-e1743771363356-300x122.jpg\" data-width=\"300\" data-height=\"122\" aria-label=\"\" role=\"img\" ><\/div>\n\t\t\t\t\t\t\t\t\t\t\t<div class=\"elementor-gallery-item__overlay\"><\/div>\n\t\t\t\t\t\t\t\t\t\t\t\t\t\t<\/a>\n\t\t\t\t\t\t\t<a class=\"e-gallery-item elementor-gallery-item elementor-animated-content\" href=\"https:\/\/nice-snyder.92-205-231-245.plesk.page\/wp-content\/uploads\/2025\/10\/IMG_0676-scaled.jpg\" data-elementor-open-lightbox=\"yes\" data-elementor-lightbox-slideshow=\"f6b186b\" data-elementor-lightbox-title=\"IMG_0676\" data-e-action-hash=\"#elementor-action%3Aaction%3Dlightbox%26settings%3DeyJpZCI6MzY3MiwidXJsIjoiaHR0cHM6XC9cL25pY2Utc255ZGVyLjkyLTIwNS0yMzEtMjQ1LnBsZXNrLnBhZ2VcL3dwLWNvbnRlbnRcL3VwbG9hZHNcLzIwMjVcLzEwXC9JTUdfMDY3Ni1zY2FsZWQuanBnIiwic2xpZGVzaG93IjoiZjZiMTg2YiJ9\">\n\t\t\t\t\t<div class=\"e-gallery-image elementor-gallery-item__image\" data-thumbnail=\"https:\/\/nice-snyder.92-205-231-245.plesk.page\/wp-content\/uploads\/2025\/10\/IMG_0676-225x300.jpg\" data-width=\"225\" data-height=\"300\" aria-label=\"\" role=\"img\" ><\/div>\n\t\t\t\t\t\t\t\t\t\t\t<div class=\"elementor-gallery-item__overlay\"><\/div>\n\t\t\t\t\t\t\t\t\t\t\t\t\t\t<\/a>\n\t\t\t\t\t<\/div>\n\t\t\t\t\t<\/div>\n\t\t\t\t<\/div>\n\t\t\t\t\t<\/div>\n\t\t\t\t<\/div>\n\t\t<div class=\"elementor-element elementor-element-3822eb8 e-flex e-con-boxed e-con e-parent\" data-id=\"3822eb8\" data-element_type=\"container\">\n\t\t\t\t\t<div class=\"e-con-inner\">\n\t\t\t\t<div class=\"elementor-element elementor-element-34fd4e0 elementor-widget-divider--view-line elementor-widget elementor-widget-divider\" data-id=\"34fd4e0\" data-element_type=\"widget\" data-widget_type=\"divider.default\">\n\t\t\t\t<div class=\"elementor-widget-container\">\n\t\t\t\t\t\t\t<div class=\"elementor-divider\">\n\t\t\t<span class=\"elementor-divider-separator\">\n\t\t\t\t\t\t<\/span>\n\t\t<\/div>\n\t\t\t\t\t\t<\/div>\n\t\t\t\t<\/div>\n\t\t\t\t<div class=\"elementor-element elementor-element-2d849c4 elementor-widget elementor-widget-spacer\" data-id=\"2d849c4\" data-element_type=\"widget\" data-widget_type=\"spacer.default\">\n\t\t\t\t<div class=\"elementor-widget-container\">\n\t\t\t\t\t\t\t<div class=\"elementor-spacer\">\n\t\t\t<div class=\"elementor-spacer-inner\"><\/div>\n\t\t<\/div>\n\t\t\t\t\t\t<\/div>\n\t\t\t\t<\/div>\n\t\t\t\t\t<\/div>\n\t\t\t\t<\/div>\n\t\t\t\t<\/div>\n\t\t","protected":false},"excerpt":{"rendered":"<p>Salg og Eksport Salg og Eksport Salg og eksport af bisonokser har vi stor erfaring og ekspertise i. Vi har bl.a. eksporteret til Finland, Tyskland, Sverige, Frankrig, Italien, Belgien, \u00d8strig, Rusland, Litauen, Dubai m.fl. Det betyder ogs\u00e5, at vi har megen\u00a0erfaring i h\u00e5ndtering af pr\u00f8vetagning, diverse eksportdokumenter\u00a0og certifikater i forhold til embedsdyrl\u00e6ge og transportfirma. Vi\u00a0har [&hellip;]<\/p>\n","protected":false},"author":1,"featured_media":0,"parent":0,"menu_order":0,"comment_status":"closed","ping_status":"closed","template":"","meta":{"_acf_changed":false,"wprm-recipe-roundup-name":"","wprm-recipe-roundup-description":"","footnotes":""},"class_list":["post-3534","page","type-page","status-publish","hentry"],"acf":[],"yoast_head":"<!-- This site is optimized with the Yoast SEO plugin v25.7 - https:\/\/yoast.com\/wordpress\/plugins\/seo\/ -->\n<title>Salg og eksport - Ditlevsdal Bisonfarm<\/title>\n<meta name=\"robots\" content=\"noindex, follow, max-snippet:-1, max-image-preview:large, max-video-preview:-1\" \/>\n<meta property=\"og:locale\" content=\"da_DK\" \/>\n<meta property=\"og:type\" content=\"article\" \/>\n<meta property=\"og:title\" content=\"Salg og eksport - Ditlevsdal Bisonfarm\" \/>\n<meta property=\"og:description\" content=\"Salg og Eksport Salg og Eksport Salg og eksport af bisonokser har vi stor erfaring og ekspertise i. Vi har bl.a. eksporteret til Finland, Tyskland, Sverige, Frankrig, Italien, Belgien, \u00d8strig, Rusland, Litauen, Dubai m.fl. Det betyder ogs\u00e5, at vi har megen\u00a0erfaring i h\u00e5ndtering af pr\u00f8vetagning, diverse eksportdokumenter\u00a0og certifikater i forhold til embedsdyrl\u00e6ge og transportfirma. Vi\u00a0har [&hellip;]\" \/>\n<meta property=\"og:url\" content=\"https:\/\/nice-snyder.92-205-231-245.plesk.page\/?page_id=3534\" \/>\n<meta property=\"og:site_name\" content=\"Ditlevsdal Bisonfarm\" \/>\n<meta property=\"article:publisher\" content=\"https:\/\/www.facebook.com\/ditlevsdalbisonfarm\/?locale=da_DK\" \/>\n<meta property=\"article:modified_time\" content=\"2025-11-20T11:21:12+00:00\" \/>\n<meta name=\"twitter:card\" content=\"summary_large_image\" \/>\n<meta name=\"twitter:label1\" content=\"Estimeret l\u00e6setid\" \/>\n\t<meta name=\"twitter:data1\" content=\"2 minutter\" \/>\n<script type=\"application\/ld+json\" class=\"yoast-schema-graph\">{\"@context\":\"https:\/\/schema.org\",\"@graph\":[{\"@type\":\"WebPage\",\"@id\":\"https:\/\/nice-snyder.92-205-231-245.plesk.page\/?page_id=3534\",\"url\":\"https:\/\/nice-snyder.92-205-231-245.plesk.page\/?page_id=3534\",\"name\":\"Salg og eksport - Ditlevsdal Bisonfarm\",\"isPartOf\":{\"@id\":\"https:\/\/nice-snyder.92-205-231-245.plesk.page\/#website\"},\"datePublished\":\"2025-10-20T12:56:30+00:00\",\"dateModified\":\"2025-11-20T11:21:12+00:00\",\"breadcrumb\":{\"@id\":\"https:\/\/nice-snyder.92-205-231-245.plesk.page\/?page_id=3534#breadcrumb\"},\"inLanguage\":\"da-DK\",\"potentialAction\":[{\"@type\":\"ReadAction\",\"target\":[\"https:\/\/nice-snyder.92-205-231-245.plesk.page\/?page_id=3534\"]}]},{\"@type\":\"BreadcrumbList\",\"@id\":\"https:\/\/nice-snyder.92-205-231-245.plesk.page\/?page_id=3534#breadcrumb\",\"itemListElement\":[{\"@type\":\"ListItem\",\"position\":1,\"name\":\"Hjem\",\"item\":\"https:\/\/nice-snyder.92-205-231-245.plesk.page\/\"},{\"@type\":\"ListItem\",\"position\":2,\"name\":\"Salg og eksport\"}]},{\"@type\":\"WebSite\",\"@id\":\"https:\/\/nice-snyder.92-205-231-245.plesk.page\/#website\",\"url\":\"https:\/\/nice-snyder.92-205-231-245.plesk.page\/\",\"name\":\"Ditlevsdal Bison Farm\",\"description\":\"\",\"publisher\":{\"@id\":\"https:\/\/nice-snyder.92-205-231-245.plesk.page\/#organization\"},\"potentialAction\":[{\"@type\":\"SearchAction\",\"target\":{\"@type\":\"EntryPoint\",\"urlTemplate\":\"https:\/\/nice-snyder.92-205-231-245.plesk.page\/?s={search_term_string}\"},\"query-input\":{\"@type\":\"PropertyValueSpecification\",\"valueRequired\":true,\"valueName\":\"search_term_string\"}}],\"inLanguage\":\"da-DK\"},{\"@type\":\"Organization\",\"@id\":\"https:\/\/nice-snyder.92-205-231-245.plesk.page\/#organization\",\"name\":\"Ditlevsdal Bison Farm\",\"url\":\"https:\/\/nice-snyder.92-205-231-245.plesk.page\/\",\"logo\":{\"@type\":\"ImageObject\",\"inLanguage\":\"da-DK\",\"@id\":\"https:\/\/nice-snyder.92-205-231-245.plesk.page\/#\/schema\/logo\/image\/\",\"url\":\"https:\/\/nice-snyder.92-205-231-245.plesk.page\/wp-content\/uploads\/2025\/04\/logo.png\",\"contentUrl\":\"https:\/\/nice-snyder.92-205-231-245.plesk.page\/wp-content\/uploads\/2025\/04\/logo.png\",\"width\":355,\"height\":75,\"caption\":\"Ditlevsdal Bison Farm\"},\"image\":{\"@id\":\"https:\/\/nice-snyder.92-205-231-245.plesk.page\/#\/schema\/logo\/image\/\"},\"sameAs\":[\"https:\/\/www.facebook.com\/ditlevsdalbisonfarm\/?locale=da_DK\"]}]}<\/script>\n<!-- \/ Yoast SEO plugin. -->","yoast_head_json":{"title":"Salg og eksport - Ditlevsdal Bisonfarm","robots":{"index":"noindex","follow":"follow","max-snippet":"max-snippet:-1","max-image-preview":"max-image-preview:large","max-video-preview":"max-video-preview:-1"},"og_locale":"da_DK","og_type":"article","og_title":"Salg og eksport - Ditlevsdal Bisonfarm","og_description":"Salg og Eksport Salg og Eksport Salg og eksport af bisonokser har vi stor erfaring og ekspertise i. Vi har bl.a. eksporteret til Finland, Tyskland, Sverige, Frankrig, Italien, Belgien, \u00d8strig, Rusland, Litauen, Dubai m.fl. Det betyder ogs\u00e5, at vi har megen\u00a0erfaring i h\u00e5ndtering af pr\u00f8vetagning, diverse eksportdokumenter\u00a0og certifikater i forhold til embedsdyrl\u00e6ge og transportfirma. Vi\u00a0har [&hellip;]","og_url":"https:\/\/nice-snyder.92-205-231-245.plesk.page\/?page_id=3534","og_site_name":"Ditlevsdal Bisonfarm","article_publisher":"https:\/\/www.facebook.com\/ditlevsdalbisonfarm\/?locale=da_DK","article_modified_time":"2025-11-20T11:21:12+00:00","twitter_card":"summary_large_image","twitter_misc":{"Estimeret l\u00e6setid":"2 minutter"},"schema":{"@context":"https:\/\/schema.org","@graph":[{"@type":"WebPage","@id":"https:\/\/nice-snyder.92-205-231-245.plesk.page\/?page_id=3534","url":"https:\/\/nice-snyder.92-205-231-245.plesk.page\/?page_id=3534","name":"Salg og eksport - Ditlevsdal Bisonfarm","isPartOf":{"@id":"https:\/\/nice-snyder.92-205-231-245.plesk.page\/#website"},"datePublished":"2025-10-20T12:56:30+00:00","dateModified":"2025-11-20T11:21:12+00:00","breadcrumb":{"@id":"https:\/\/nice-snyder.92-205-231-245.plesk.page\/?page_id=3534#breadcrumb"},"inLanguage":"da-DK","potentialAction":[{"@type":"ReadAction","target":["https:\/\/nice-snyder.92-205-231-245.plesk.page\/?page_id=3534"]}]},{"@type":"BreadcrumbList","@id":"https:\/\/nice-snyder.92-205-231-245.plesk.page\/?page_id=3534#breadcrumb","itemListElement":[{"@type":"ListItem","position":1,"name":"Hjem","item":"https:\/\/nice-snyder.92-205-231-245.plesk.page\/"},{"@type":"ListItem","position":2,"name":"Salg og eksport"}]},{"@type":"WebSite","@id":"https:\/\/nice-snyder.92-205-231-245.plesk.page\/#website","url":"https:\/\/nice-snyder.92-205-231-245.plesk.page\/","name":"Ditlevsdal Bison Farm","description":"","publisher":{"@id":"https:\/\/nice-snyder.92-205-231-245.plesk.page\/#organization"},"potentialAction":[{"@type":"SearchAction","target":{"@type":"EntryPoint","urlTemplate":"https:\/\/nice-snyder.92-205-231-245.plesk.page\/?s={search_term_string}"},"query-input":{"@type":"PropertyValueSpecification","valueRequired":true,"valueName":"search_term_string"}}],"inLanguage":"da-DK"},{"@type":"Organization","@id":"https:\/\/nice-snyder.92-205-231-245.plesk.page\/#organization","name":"Ditlevsdal Bison Farm","url":"https:\/\/nice-snyder.92-205-231-245.plesk.page\/","logo":{"@type":"ImageObject","inLanguage":"da-DK","@id":"https:\/\/nice-snyder.92-205-231-245.plesk.page\/#\/schema\/logo\/image\/","url":"https:\/\/nice-snyder.92-205-231-245.plesk.page\/wp-content\/uploads\/2025\/04\/logo.png","contentUrl":"https:\/\/nice-snyder.92-205-231-245.plesk.page\/wp-content\/uploads\/2025\/04\/logo.png","width":355,"height":75,"caption":"Ditlevsdal Bison Farm"},"image":{"@id":"https:\/\/nice-snyder.92-205-231-245.plesk.page\/#\/schema\/logo\/image\/"},"sameAs":["https:\/\/www.facebook.com\/ditlevsdalbisonfarm\/?locale=da_DK"]}]}},"_links":{"self":[{"href":"https:\/\/nice-snyder.92-205-231-245.plesk.page\/index.php?rest_route=\/wp\/v2\/pages\/3534","targetHints":{"allow":["GET"]}}],"collection":[{"href":"https:\/\/nice-snyder.92-205-231-245.plesk.page\/index.php?rest_route=\/wp\/v2\/pages"}],"about":[{"href":"https:\/\/nice-snyder.92-205-231-245.plesk.page\/index.php?rest_route=\/wp\/v2\/types\/page"}],"author":[{"embeddable":true,"href":"https:\/\/nice-snyder.92-205-231-245.plesk.page\/index.php?rest_route=\/wp\/v2\/users\/1"}],"replies":[{"embeddable":true,"href":"https:\/\/nice-snyder.92-205-231-245.plesk.page\/index.php?rest_route=%2Fwp%2Fv2%2Fcomments&post=3534"}],"version-history":[{"count":23,"href":"https:\/\/nice-snyder.92-205-231-245.plesk.page\/index.php?rest_route=\/wp\/v2\/pages\/3534\/revisions"}],"predecessor-version":[{"id":4656,"href":"https:\/\/nice-snyder.92-205-231-245.plesk.page\/index.php?rest_route=\/wp\/v2\/pages\/3534\/revisions\/4656"}],"wp:attachment":[{"href":"https:\/\/nice-snyder.92-205-231-245.plesk.page\/index.php?rest_route=%2Fwp%2Fv2%2Fmedia&parent=3534"}],"curies":[{"name":"wp","href":"https:\/\/api.w.org\/{rel}","templated":true}]}}