{"id":4080,"date":"2025-11-08T11:14:40","date_gmt":"2025-11-08T10:14:40","guid":{"rendered":"https:\/\/nice-snyder.92-205-231-245.plesk.page\/?post_type=product&#038;p=4080"},"modified":"2025-11-12T11:49:06","modified_gmt":"2025-11-12T10:49:06","slug":"guidet-tur-30-12-2025-kl-1300","status":"publish","type":"product","link":"https:\/\/nice-snyder.92-205-231-245.plesk.page\/?product=guidet-tur-30-12-2025-kl-1300","title":{"rendered":"Guidet Tur 30.12.2025 kl. 13:00"},"content":{"rendered":"<p>Kom med p\u00e5 \u00e5rets sidste guidet tur ud blandt de store bisonokser. Her fort\u00e6ller bisonfarmeren Niels Henrik Ove selv om bisonokserne, deres adf\u00e6rd og sjove historier fra en anderledes hverdag samt om \u00e5ret der er g\u00e5et p\u00e5 Ditlevsdal.<\/p>\n","protected":false},"excerpt":{"rendered":"<p>Kom med p\u00e5 \u00e5rets sidste guidet tur ud blandt de store bisonokser. Her fort\u00e6ller bisonfarmeren Niels Henrik Ove selv om bisonokserne, deres adf\u00e6rd og sjove historier fra en anderledes hverdag samt om \u00e5ret der er g\u00e5et p\u00e5 Ditlevsdal.<\/p>\n","protected":false},"featured_media":3158,"template":"","meta":{"_acf_changed":false,"wprm-recipe-roundup-name":"","wprm-recipe-roundup-description":""},"product_brand":[],"product_cat":[189],"product_tag":[],"class_list":{"0":"post-4080","1":"product","2":"type-product","3":"status-publish","4":"has-post-thumbnail","6":"product_cat-guidet-tur","8":"first","9":"instock","10":"purchasable","11":"product-type-variable"},"acf":[],"yoast_head":"<!-- This site is optimized with the Yoast SEO plugin v25.7 - https:\/\/yoast.com\/wordpress\/plugins\/seo\/ -->\n<title>Guidet Tur 30.12.2025 kl. 13:00 - Ditlevsdal Bisonfarm<\/title>\n<meta name=\"description\" content=\"En hyggelig familieaktivitet p\u00e5 Fyn kun 15 km fra Odense. Tag med ud i naturen p\u00e5 bisonsafari og kom helt t\u00e6t p\u00e5 de store og imponerende dyr.\" \/>\n<meta name=\"robots\" content=\"noindex, follow, max-snippet:-1, max-image-preview:large, max-video-preview:-1\" \/>\n<meta property=\"og:locale\" content=\"da_DK\" \/>\n<meta property=\"og:type\" content=\"article\" \/>\n<meta property=\"og:title\" content=\"Guidet Tur 30.12.2025 kl. 13:00 - Ditlevsdal Bisonfarm\" \/>\n<meta property=\"og:description\" content=\"En hyggelig familieaktivitet p\u00e5 Fyn kun 15 km fra Odense. Tag med ud i naturen p\u00e5 bisonsafari og kom helt t\u00e6t p\u00e5 de store og imponerende dyr.\" \/>\n<meta property=\"og:url\" content=\"https:\/\/nice-snyder.92-205-231-245.plesk.page\/product\/guidet-tur-30-12-2025-kl-1300\/\" \/>\n<meta property=\"og:site_name\" content=\"Ditlevsdal Bisonfarm\" \/>\n<meta property=\"article:publisher\" content=\"https:\/\/www.facebook.com\/ditlevsdalbisonfarm\/?locale=da_DK\" \/>\n<meta property=\"article:modified_time\" content=\"2025-11-12T10:49:06+00:00\" \/>\n<meta property=\"og:image\" content=\"https:\/\/nice-snyder.92-205-231-245.plesk.page\/wp-content\/uploads\/2025\/10\/Bisonfarmen-sep.-2025-50-scaled.jpg\" \/>\n\t<meta property=\"og:image:width\" content=\"2560\" \/>\n\t<meta property=\"og:image:height\" content=\"1707\" \/>\n\t<meta property=\"og:image:type\" content=\"image\/jpeg\" \/>\n<meta name=\"twitter:card\" content=\"summary_large_image\" \/>\n<meta name=\"twitter:label1\" content=\"Estimeret l\u00e6setid\" \/>\n\t<meta name=\"twitter:data1\" content=\"1 minut\" \/>\n<script type=\"application\/ld+json\" class=\"yoast-schema-graph\">{\"@context\":\"https:\/\/schema.org\",\"@graph\":[{\"@type\":\"WebPage\",\"@id\":\"https:\/\/nice-snyder.92-205-231-245.plesk.page\/product\/guidet-tur-30-12-2025-kl-1300\/\",\"url\":\"https:\/\/nice-snyder.92-205-231-245.plesk.page\/product\/guidet-tur-30-12-2025-kl-1300\/\",\"name\":\"Guidet Tur 30.12.2025 kl. 13:00 - Ditlevsdal Bisonfarm\",\"isPartOf\":{\"@id\":\"https:\/\/nice-snyder.92-205-231-245.plesk.page\/#website\"},\"primaryImageOfPage\":{\"@id\":\"https:\/\/nice-snyder.92-205-231-245.plesk.page\/product\/guidet-tur-30-12-2025-kl-1300\/#primaryimage\"},\"image\":{\"@id\":\"https:\/\/nice-snyder.92-205-231-245.plesk.page\/product\/guidet-tur-30-12-2025-kl-1300\/#primaryimage\"},\"thumbnailUrl\":\"https:\/\/nice-snyder.92-205-231-245.plesk.page\/wp-content\/uploads\/2025\/10\/Bisonfarmen-sep.-2025-50-scaled.jpg\",\"datePublished\":\"2025-11-08T10:14:40+00:00\",\"dateModified\":\"2025-11-12T10:49:06+00:00\",\"description\":\"En hyggelig familieaktivitet p\u00e5 Fyn kun 15 km fra Odense. Tag med ud i naturen p\u00e5 bisonsafari og kom helt t\u00e6t p\u00e5 de store og imponerende dyr.\",\"breadcrumb\":{\"@id\":\"https:\/\/nice-snyder.92-205-231-245.plesk.page\/product\/guidet-tur-30-12-2025-kl-1300\/#breadcrumb\"},\"inLanguage\":\"da-DK\",\"potentialAction\":[{\"@type\":\"ReadAction\",\"target\":[\"https:\/\/nice-snyder.92-205-231-245.plesk.page\/product\/guidet-tur-30-12-2025-kl-1300\/\"]}]},{\"@type\":\"ImageObject\",\"inLanguage\":\"da-DK\",\"@id\":\"https:\/\/nice-snyder.92-205-231-245.plesk.page\/product\/guidet-tur-30-12-2025-kl-1300\/#primaryimage\",\"url\":\"https:\/\/nice-snyder.92-205-231-245.plesk.page\/wp-content\/uploads\/2025\/10\/Bisonfarmen-sep.-2025-50-scaled.jpg\",\"contentUrl\":\"https:\/\/nice-snyder.92-205-231-245.plesk.page\/wp-content\/uploads\/2025\/10\/Bisonfarmen-sep.-2025-50-scaled.jpg\",\"width\":2560,\"height\":1707,\"caption\":\"P\u00e5 guidet tur\"},{\"@type\":\"BreadcrumbList\",\"@id\":\"https:\/\/nice-snyder.92-205-231-245.plesk.page\/product\/guidet-tur-30-12-2025-kl-1300\/#breadcrumb\",\"itemListElement\":[{\"@type\":\"ListItem\",\"position\":1,\"name\":\"Hjem\",\"item\":\"https:\/\/nice-snyder.92-205-231-245.plesk.page\/\"},{\"@type\":\"ListItem\",\"position\":2,\"name\":\"Shop\",\"item\":\"https:\/\/nice-snyder.92-205-231-245.plesk.page\/?page_id=1385\"},{\"@type\":\"ListItem\",\"position\":3,\"name\":\"Guidet Tur 30.12.2025 kl. 13:00\"}]},{\"@type\":\"WebSite\",\"@id\":\"https:\/\/nice-snyder.92-205-231-245.plesk.page\/#website\",\"url\":\"https:\/\/nice-snyder.92-205-231-245.plesk.page\/\",\"name\":\"Ditlevsdal Bison Farm\",\"description\":\"\",\"publisher\":{\"@id\":\"https:\/\/nice-snyder.92-205-231-245.plesk.page\/#organization\"},\"potentialAction\":[{\"@type\":\"SearchAction\",\"target\":{\"@type\":\"EntryPoint\",\"urlTemplate\":\"https:\/\/nice-snyder.92-205-231-245.plesk.page\/?s={search_term_string}\"},\"query-input\":{\"@type\":\"PropertyValueSpecification\",\"valueRequired\":true,\"valueName\":\"search_term_string\"}}],\"inLanguage\":\"da-DK\"},{\"@type\":\"Organization\",\"@id\":\"https:\/\/nice-snyder.92-205-231-245.plesk.page\/#organization\",\"name\":\"Ditlevsdal Bison Farm\",\"url\":\"https:\/\/nice-snyder.92-205-231-245.plesk.page\/\",\"logo\":{\"@type\":\"ImageObject\",\"inLanguage\":\"da-DK\",\"@id\":\"https:\/\/nice-snyder.92-205-231-245.plesk.page\/#\/schema\/logo\/image\/\",\"url\":\"https:\/\/nice-snyder.92-205-231-245.plesk.page\/wp-content\/uploads\/2025\/04\/logo.png\",\"contentUrl\":\"https:\/\/nice-snyder.92-205-231-245.plesk.page\/wp-content\/uploads\/2025\/04\/logo.png\",\"width\":355,\"height\":75,\"caption\":\"Ditlevsdal Bison Farm\"},\"image\":{\"@id\":\"https:\/\/nice-snyder.92-205-231-245.plesk.page\/#\/schema\/logo\/image\/\"},\"sameAs\":[\"https:\/\/www.facebook.com\/ditlevsdalbisonfarm\/?locale=da_DK\"]}]}<\/script>\n<!-- \/ Yoast SEO plugin. -->","yoast_head_json":{"title":"Guidet Tur 30.12.2025 kl. 13:00 - Ditlevsdal Bisonfarm","description":"En hyggelig familieaktivitet p\u00e5 Fyn kun 15 km fra Odense. Tag med ud i naturen p\u00e5 bisonsafari og kom helt t\u00e6t p\u00e5 de store og imponerende dyr.","robots":{"index":"noindex","follow":"follow","max-snippet":"max-snippet:-1","max-image-preview":"max-image-preview:large","max-video-preview":"max-video-preview:-1"},"og_locale":"da_DK","og_type":"article","og_title":"Guidet Tur 30.12.2025 kl. 13:00 - Ditlevsdal Bisonfarm","og_description":"En hyggelig familieaktivitet p\u00e5 Fyn kun 15 km fra Odense. Tag med ud i naturen p\u00e5 bisonsafari og kom helt t\u00e6t p\u00e5 de store og imponerende dyr.","og_url":"https:\/\/nice-snyder.92-205-231-245.plesk.page\/product\/guidet-tur-30-12-2025-kl-1300\/","og_site_name":"Ditlevsdal Bisonfarm","article_publisher":"https:\/\/www.facebook.com\/ditlevsdalbisonfarm\/?locale=da_DK","article_modified_time":"2025-11-12T10:49:06+00:00","og_image":[{"width":2560,"height":1707,"url":"https:\/\/nice-snyder.92-205-231-245.plesk.page\/wp-content\/uploads\/2025\/10\/Bisonfarmen-sep.-2025-50-scaled.jpg","type":"image\/jpeg"}],"twitter_card":"summary_large_image","twitter_misc":{"Estimeret l\u00e6setid":"1 minut"},"schema":{"@context":"https:\/\/schema.org","@graph":[{"@type":"WebPage","@id":"https:\/\/nice-snyder.92-205-231-245.plesk.page\/product\/guidet-tur-30-12-2025-kl-1300\/","url":"https:\/\/nice-snyder.92-205-231-245.plesk.page\/product\/guidet-tur-30-12-2025-kl-1300\/","name":"Guidet Tur 30.12.2025 kl. 13:00 - Ditlevsdal Bisonfarm","isPartOf":{"@id":"https:\/\/nice-snyder.92-205-231-245.plesk.page\/#website"},"primaryImageOfPage":{"@id":"https:\/\/nice-snyder.92-205-231-245.plesk.page\/product\/guidet-tur-30-12-2025-kl-1300\/#primaryimage"},"image":{"@id":"https:\/\/nice-snyder.92-205-231-245.plesk.page\/product\/guidet-tur-30-12-2025-kl-1300\/#primaryimage"},"thumbnailUrl":"https:\/\/nice-snyder.92-205-231-245.plesk.page\/wp-content\/uploads\/2025\/10\/Bisonfarmen-sep.-2025-50-scaled.jpg","datePublished":"2025-11-08T10:14:40+00:00","dateModified":"2025-11-12T10:49:06+00:00","description":"En hyggelig familieaktivitet p\u00e5 Fyn kun 15 km fra Odense. Tag med ud i naturen p\u00e5 bisonsafari og kom helt t\u00e6t p\u00e5 de store og imponerende dyr.","breadcrumb":{"@id":"https:\/\/nice-snyder.92-205-231-245.plesk.page\/product\/guidet-tur-30-12-2025-kl-1300\/#breadcrumb"},"inLanguage":"da-DK","potentialAction":[{"@type":"ReadAction","target":["https:\/\/nice-snyder.92-205-231-245.plesk.page\/product\/guidet-tur-30-12-2025-kl-1300\/"]}]},{"@type":"ImageObject","inLanguage":"da-DK","@id":"https:\/\/nice-snyder.92-205-231-245.plesk.page\/product\/guidet-tur-30-12-2025-kl-1300\/#primaryimage","url":"https:\/\/nice-snyder.92-205-231-245.plesk.page\/wp-content\/uploads\/2025\/10\/Bisonfarmen-sep.-2025-50-scaled.jpg","contentUrl":"https:\/\/nice-snyder.92-205-231-245.plesk.page\/wp-content\/uploads\/2025\/10\/Bisonfarmen-sep.-2025-50-scaled.jpg","width":2560,"height":1707,"caption":"P\u00e5 guidet tur"},{"@type":"BreadcrumbList","@id":"https:\/\/nice-snyder.92-205-231-245.plesk.page\/product\/guidet-tur-30-12-2025-kl-1300\/#breadcrumb","itemListElement":[{"@type":"ListItem","position":1,"name":"Hjem","item":"https:\/\/nice-snyder.92-205-231-245.plesk.page\/"},{"@type":"ListItem","position":2,"name":"Shop","item":"https:\/\/nice-snyder.92-205-231-245.plesk.page\/?page_id=1385"},{"@type":"ListItem","position":3,"name":"Guidet Tur 30.12.2025 kl. 13:00"}]},{"@type":"WebSite","@id":"https:\/\/nice-snyder.92-205-231-245.plesk.page\/#website","url":"https:\/\/nice-snyder.92-205-231-245.plesk.page\/","name":"Ditlevsdal Bison Farm","description":"","publisher":{"@id":"https:\/\/nice-snyder.92-205-231-245.plesk.page\/#organization"},"potentialAction":[{"@type":"SearchAction","target":{"@type":"EntryPoint","urlTemplate":"https:\/\/nice-snyder.92-205-231-245.plesk.page\/?s={search_term_string}"},"query-input":{"@type":"PropertyValueSpecification","valueRequired":true,"valueName":"search_term_string"}}],"inLanguage":"da-DK"},{"@type":"Organization","@id":"https:\/\/nice-snyder.92-205-231-245.plesk.page\/#organization","name":"Ditlevsdal Bison Farm","url":"https:\/\/nice-snyder.92-205-231-245.plesk.page\/","logo":{"@type":"ImageObject","inLanguage":"da-DK","@id":"https:\/\/nice-snyder.92-205-231-245.plesk.page\/#\/schema\/logo\/image\/","url":"https:\/\/nice-snyder.92-205-231-245.plesk.page\/wp-content\/uploads\/2025\/04\/logo.png","contentUrl":"https:\/\/nice-snyder.92-205-231-245.plesk.page\/wp-content\/uploads\/2025\/04\/logo.png","width":355,"height":75,"caption":"Ditlevsdal Bison Farm"},"image":{"@id":"https:\/\/nice-snyder.92-205-231-245.plesk.page\/#\/schema\/logo\/image\/"},"sameAs":["https:\/\/www.facebook.com\/ditlevsdalbisonfarm\/?locale=da_DK"]}]}},"_links":{"self":[{"href":"https:\/\/nice-snyder.92-205-231-245.plesk.page\/index.php?rest_route=\/wp\/v2\/product\/4080","targetHints":{"allow":["GET"]}}],"collection":[{"href":"https:\/\/nice-snyder.92-205-231-245.plesk.page\/index.php?rest_route=\/wp\/v2\/product"}],"about":[{"href":"https:\/\/nice-snyder.92-205-231-245.plesk.page\/index.php?rest_route=\/wp\/v2\/types\/product"}],"version-history":[{"count":2,"href":"https:\/\/nice-snyder.92-205-231-245.plesk.page\/index.php?rest_route=\/wp\/v2\/product\/4080\/revisions"}],"predecessor-version":[{"id":4132,"href":"https:\/\/nice-snyder.92-205-231-245.plesk.page\/index.php?rest_route=\/wp\/v2\/product\/4080\/revisions\/4132"}],"wp:featuredmedia":[{"embeddable":true,"href":"https:\/\/nice-snyder.92-205-231-245.plesk.page\/index.php?rest_route=\/wp\/v2\/media\/3158"}],"wp:attachment":[{"href":"https:\/\/nice-snyder.92-205-231-245.plesk.page\/index.php?rest_route=%2Fwp%2Fv2%2Fmedia&parent=4080"}],"wp:term":[{"taxonomy":"product_brand","embeddable":true,"href":"https:\/\/nice-snyder.92-205-231-245.plesk.page\/index.php?rest_route=%2Fwp%2Fv2%2Fproduct_brand&post=4080"},{"taxonomy":"product_cat","embeddable":true,"href":"https:\/\/nice-snyder.92-205-231-245.plesk.page\/index.php?rest_route=%2Fwp%2Fv2%2Fproduct_cat&post=4080"},{"taxonomy":"product_tag","embeddable":true,"href":"https:\/\/nice-snyder.92-205-231-245.plesk.page\/index.php?rest_route=%2Fwp%2Fv2%2Fproduct_tag&post=4080"}],"curies":[{"name":"wp","href":"https:\/\/api.w.org\/{rel}","templated":true}]}}