{"id":4526,"date":"2025-11-19T10:37:17","date_gmt":"2025-11-19T09:37:17","guid":{"rendered":"https:\/\/nice-snyder.92-205-231-245.plesk.page\/?post_type=product&#038;p=4526"},"modified":"2025-11-19T11:09:29","modified_gmt":"2025-11-19T10:09:29","slug":"middag-med-mening-kvindeaften","status":"publish","type":"product","link":"https:\/\/nice-snyder.92-205-231-245.plesk.page\/?product=middag-med-mening-kvindeaften","title":{"rendered":"MIDDAG MED MENING &#8211; Kvindeaften"},"content":{"rendered":"<p><strong>St\u00e6rk indefra: At eje sit v\u00e6rd og sine gr\u00e6nser<\/strong><\/p>\n<p data-start=\"418\" data-end=\"717\">Temaet er selvv\u00e6rd og personlige gr\u00e6nser. Du vil komme n\u00e6rmere at slippe frygten for, hvad andre t\u00e6nker, blive bedre til at s\u00e6tte sunde gr\u00e6nser og tr\u00e6ffe valg, der passer til dig og dine v\u00e6rdier. Foredraget kombinerer humor, personlige historier og refleksion, s\u00e5 du f\u00e5r konkrete redskaber til at styrke dit selvv\u00e6rd og turde leve mere autentisk.<\/p>\n<p>Rikke Stokland er b\u00e5de terapeut, foredragsholder og en passioneret danser. Hun br\u00e6nder for at fremme selvv\u00e6rd og give dig modet til at st\u00e5 fast i dig selv og dine gr\u00e6nser.<\/p>\n<p>Det er en aften for piger og kvinder i alle aldre, der \u00f8nsker at sige ja til sig selv, m\u00e6rke deres egen styrke og opleve friheden i ikke at lade andres mening styre deres liv. Pak bekymringerne v\u00e6k, l\u00e6n dig tilbage, grin med og lad dig inspirere til at tr\u00e6de ind i dit st\u00e6rkeste jeg.<\/p>\n<p>&nbsp;<\/p>\n<p>Efter foredraget s\u00f8rger vores dygtige kokke for en l\u00e6kker tapasinspireret buffet efter \u00e5rstiden. Drikkevarer betales p\u00e5 aftenen.<\/p>\n<p>&nbsp;<\/p>\n<p><strong>Tag din mor, s\u00f8ster, datter, veninde eller kollega med til denne forrygende aften, der med sikkerhed giver dig en fantastisk start p\u00e5 det nye \u00e5r.<\/strong><\/p>\n","protected":false},"excerpt":{"rendered":"<p>St\u00e6rk indefra: At eje sit v\u00e6rd og sine gr\u00e6nser Temaet er selvv\u00e6rd og personlige gr\u00e6nser. Du vil komme n\u00e6rmere at slippe frygten for, hvad andre t\u00e6nker, blive bedre til at s\u00e6tte sunde gr\u00e6nser og tr\u00e6ffe valg, der passer til dig og dine v\u00e6rdier. Foredraget kombinerer humor, personlige historier og refleksion, s\u00e5 du f\u00e5r konkrete redskaber [&hellip;]<\/p>\n","protected":false},"featured_media":4533,"template":"","meta":{"_acf_changed":false,"wprm-recipe-roundup-name":"","wprm-recipe-roundup-description":""},"product_brand":[],"product_cat":[112],"product_tag":[],"class_list":{"0":"post-4526","1":"product","2":"type-product","3":"status-publish","4":"has-post-thumbnail","6":"product_cat-arrangementer","8":"first","9":"instock","10":"taxable","11":"shipping-taxable","12":"purchasable","13":"product-type-variable"},"acf":[],"yoast_head":"<!-- This site is optimized with the Yoast SEO plugin v25.7 - https:\/\/yoast.com\/wordpress\/plugins\/seo\/ -->\n<title>MIDDAG MED MENING - Kvindeaften - Ditlevsdal Bisonfarm<\/title>\n<meta name=\"robots\" content=\"noindex, follow, max-snippet:-1, max-image-preview:large, max-video-preview:-1\" \/>\n<meta property=\"og:locale\" content=\"da_DK\" \/>\n<meta property=\"og:type\" content=\"article\" \/>\n<meta property=\"og:title\" content=\"MIDDAG MED MENING - Kvindeaften - Ditlevsdal Bisonfarm\" \/>\n<meta property=\"og:description\" content=\"St\u00e6rk indefra: At eje sit v\u00e6rd og sine gr\u00e6nser Temaet er selvv\u00e6rd og personlige gr\u00e6nser. Du vil komme n\u00e6rmere at slippe frygten for, hvad andre t\u00e6nker, blive bedre til at s\u00e6tte sunde gr\u00e6nser og tr\u00e6ffe valg, der passer til dig og dine v\u00e6rdier. Foredraget kombinerer humor, personlige historier og refleksion, s\u00e5 du f\u00e5r konkrete redskaber [&hellip;]\" \/>\n<meta property=\"og:url\" content=\"https:\/\/nice-snyder.92-205-231-245.plesk.page\/product\/middag-med-mening-kvindeaften\/\" \/>\n<meta property=\"og:site_name\" content=\"Ditlevsdal Bisonfarm\" \/>\n<meta property=\"article:publisher\" content=\"https:\/\/www.facebook.com\/ditlevsdalbisonfarm\/?locale=da_DK\" \/>\n<meta property=\"article:modified_time\" content=\"2025-11-19T10:09:29+00:00\" \/>\n<meta property=\"og:image\" content=\"https:\/\/nice-snyder.92-205-231-245.plesk.page\/wp-content\/uploads\/2025\/11\/Kvindeaften-Middag-Med-Mening-1.png\" \/>\n\t<meta property=\"og:image:width\" content=\"1640\" \/>\n\t<meta property=\"og:image:height\" content=\"924\" \/>\n\t<meta property=\"og:image:type\" content=\"image\/png\" \/>\n<meta name=\"twitter:card\" content=\"summary_large_image\" \/>\n<meta name=\"twitter:label1\" content=\"Estimeret l\u00e6setid\" \/>\n\t<meta name=\"twitter:data1\" content=\"2 minutter\" \/>\n<script type=\"application\/ld+json\" class=\"yoast-schema-graph\">{\"@context\":\"https:\/\/schema.org\",\"@graph\":[{\"@type\":\"WebPage\",\"@id\":\"https:\/\/nice-snyder.92-205-231-245.plesk.page\/product\/middag-med-mening-kvindeaften\/\",\"url\":\"https:\/\/nice-snyder.92-205-231-245.plesk.page\/product\/middag-med-mening-kvindeaften\/\",\"name\":\"MIDDAG MED MENING - Kvindeaften - Ditlevsdal Bisonfarm\",\"isPartOf\":{\"@id\":\"https:\/\/nice-snyder.92-205-231-245.plesk.page\/#website\"},\"primaryImageOfPage\":{\"@id\":\"https:\/\/nice-snyder.92-205-231-245.plesk.page\/product\/middag-med-mening-kvindeaften\/#primaryimage\"},\"image\":{\"@id\":\"https:\/\/nice-snyder.92-205-231-245.plesk.page\/product\/middag-med-mening-kvindeaften\/#primaryimage\"},\"thumbnailUrl\":\"https:\/\/nice-snyder.92-205-231-245.plesk.page\/wp-content\/uploads\/2025\/11\/Kvindeaften-Middag-Med-Mening-1.png\",\"datePublished\":\"2025-11-19T09:37:17+00:00\",\"dateModified\":\"2025-11-19T10:09:29+00:00\",\"breadcrumb\":{\"@id\":\"https:\/\/nice-snyder.92-205-231-245.plesk.page\/product\/middag-med-mening-kvindeaften\/#breadcrumb\"},\"inLanguage\":\"da-DK\",\"potentialAction\":[{\"@type\":\"ReadAction\",\"target\":[\"https:\/\/nice-snyder.92-205-231-245.plesk.page\/product\/middag-med-mening-kvindeaften\/\"]}]},{\"@type\":\"ImageObject\",\"inLanguage\":\"da-DK\",\"@id\":\"https:\/\/nice-snyder.92-205-231-245.plesk.page\/product\/middag-med-mening-kvindeaften\/#primaryimage\",\"url\":\"https:\/\/nice-snyder.92-205-231-245.plesk.page\/wp-content\/uploads\/2025\/11\/Kvindeaften-Middag-Med-Mening-1.png\",\"contentUrl\":\"https:\/\/nice-snyder.92-205-231-245.plesk.page\/wp-content\/uploads\/2025\/11\/Kvindeaften-Middag-Med-Mening-1.png\",\"width\":1640,\"height\":924},{\"@type\":\"BreadcrumbList\",\"@id\":\"https:\/\/nice-snyder.92-205-231-245.plesk.page\/product\/middag-med-mening-kvindeaften\/#breadcrumb\",\"itemListElement\":[{\"@type\":\"ListItem\",\"position\":1,\"name\":\"Hjem\",\"item\":\"https:\/\/nice-snyder.92-205-231-245.plesk.page\/\"},{\"@type\":\"ListItem\",\"position\":2,\"name\":\"Shop\",\"item\":\"https:\/\/nice-snyder.92-205-231-245.plesk.page\/?page_id=1385\"},{\"@type\":\"ListItem\",\"position\":3,\"name\":\"MIDDAG MED MENING &#8211; Kvindeaften\"}]},{\"@type\":\"WebSite\",\"@id\":\"https:\/\/nice-snyder.92-205-231-245.plesk.page\/#website\",\"url\":\"https:\/\/nice-snyder.92-205-231-245.plesk.page\/\",\"name\":\"Ditlevsdal Bison Farm\",\"description\":\"\",\"publisher\":{\"@id\":\"https:\/\/nice-snyder.92-205-231-245.plesk.page\/#organization\"},\"potentialAction\":[{\"@type\":\"SearchAction\",\"target\":{\"@type\":\"EntryPoint\",\"urlTemplate\":\"https:\/\/nice-snyder.92-205-231-245.plesk.page\/?s={search_term_string}\"},\"query-input\":{\"@type\":\"PropertyValueSpecification\",\"valueRequired\":true,\"valueName\":\"search_term_string\"}}],\"inLanguage\":\"da-DK\"},{\"@type\":\"Organization\",\"@id\":\"https:\/\/nice-snyder.92-205-231-245.plesk.page\/#organization\",\"name\":\"Ditlevsdal Bison Farm\",\"url\":\"https:\/\/nice-snyder.92-205-231-245.plesk.page\/\",\"logo\":{\"@type\":\"ImageObject\",\"inLanguage\":\"da-DK\",\"@id\":\"https:\/\/nice-snyder.92-205-231-245.plesk.page\/#\/schema\/logo\/image\/\",\"url\":\"https:\/\/nice-snyder.92-205-231-245.plesk.page\/wp-content\/uploads\/2025\/04\/logo.png\",\"contentUrl\":\"https:\/\/nice-snyder.92-205-231-245.plesk.page\/wp-content\/uploads\/2025\/04\/logo.png\",\"width\":355,\"height\":75,\"caption\":\"Ditlevsdal Bison Farm\"},\"image\":{\"@id\":\"https:\/\/nice-snyder.92-205-231-245.plesk.page\/#\/schema\/logo\/image\/\"},\"sameAs\":[\"https:\/\/www.facebook.com\/ditlevsdalbisonfarm\/?locale=da_DK\"]}]}<\/script>\n<!-- \/ Yoast SEO plugin. -->","yoast_head_json":{"title":"MIDDAG MED MENING - Kvindeaften - Ditlevsdal Bisonfarm","robots":{"index":"noindex","follow":"follow","max-snippet":"max-snippet:-1","max-image-preview":"max-image-preview:large","max-video-preview":"max-video-preview:-1"},"og_locale":"da_DK","og_type":"article","og_title":"MIDDAG MED MENING - Kvindeaften - Ditlevsdal Bisonfarm","og_description":"St\u00e6rk indefra: At eje sit v\u00e6rd og sine gr\u00e6nser Temaet er selvv\u00e6rd og personlige gr\u00e6nser. Du vil komme n\u00e6rmere at slippe frygten for, hvad andre t\u00e6nker, blive bedre til at s\u00e6tte sunde gr\u00e6nser og tr\u00e6ffe valg, der passer til dig og dine v\u00e6rdier. Foredraget kombinerer humor, personlige historier og refleksion, s\u00e5 du f\u00e5r konkrete redskaber [&hellip;]","og_url":"https:\/\/nice-snyder.92-205-231-245.plesk.page\/product\/middag-med-mening-kvindeaften\/","og_site_name":"Ditlevsdal Bisonfarm","article_publisher":"https:\/\/www.facebook.com\/ditlevsdalbisonfarm\/?locale=da_DK","article_modified_time":"2025-11-19T10:09:29+00:00","og_image":[{"width":1640,"height":924,"url":"https:\/\/nice-snyder.92-205-231-245.plesk.page\/wp-content\/uploads\/2025\/11\/Kvindeaften-Middag-Med-Mening-1.png","type":"image\/png"}],"twitter_card":"summary_large_image","twitter_misc":{"Estimeret l\u00e6setid":"2 minutter"},"schema":{"@context":"https:\/\/schema.org","@graph":[{"@type":"WebPage","@id":"https:\/\/nice-snyder.92-205-231-245.plesk.page\/product\/middag-med-mening-kvindeaften\/","url":"https:\/\/nice-snyder.92-205-231-245.plesk.page\/product\/middag-med-mening-kvindeaften\/","name":"MIDDAG MED MENING - Kvindeaften - Ditlevsdal Bisonfarm","isPartOf":{"@id":"https:\/\/nice-snyder.92-205-231-245.plesk.page\/#website"},"primaryImageOfPage":{"@id":"https:\/\/nice-snyder.92-205-231-245.plesk.page\/product\/middag-med-mening-kvindeaften\/#primaryimage"},"image":{"@id":"https:\/\/nice-snyder.92-205-231-245.plesk.page\/product\/middag-med-mening-kvindeaften\/#primaryimage"},"thumbnailUrl":"https:\/\/nice-snyder.92-205-231-245.plesk.page\/wp-content\/uploads\/2025\/11\/Kvindeaften-Middag-Med-Mening-1.png","datePublished":"2025-11-19T09:37:17+00:00","dateModified":"2025-11-19T10:09:29+00:00","breadcrumb":{"@id":"https:\/\/nice-snyder.92-205-231-245.plesk.page\/product\/middag-med-mening-kvindeaften\/#breadcrumb"},"inLanguage":"da-DK","potentialAction":[{"@type":"ReadAction","target":["https:\/\/nice-snyder.92-205-231-245.plesk.page\/product\/middag-med-mening-kvindeaften\/"]}]},{"@type":"ImageObject","inLanguage":"da-DK","@id":"https:\/\/nice-snyder.92-205-231-245.plesk.page\/product\/middag-med-mening-kvindeaften\/#primaryimage","url":"https:\/\/nice-snyder.92-205-231-245.plesk.page\/wp-content\/uploads\/2025\/11\/Kvindeaften-Middag-Med-Mening-1.png","contentUrl":"https:\/\/nice-snyder.92-205-231-245.plesk.page\/wp-content\/uploads\/2025\/11\/Kvindeaften-Middag-Med-Mening-1.png","width":1640,"height":924},{"@type":"BreadcrumbList","@id":"https:\/\/nice-snyder.92-205-231-245.plesk.page\/product\/middag-med-mening-kvindeaften\/#breadcrumb","itemListElement":[{"@type":"ListItem","position":1,"name":"Hjem","item":"https:\/\/nice-snyder.92-205-231-245.plesk.page\/"},{"@type":"ListItem","position":2,"name":"Shop","item":"https:\/\/nice-snyder.92-205-231-245.plesk.page\/?page_id=1385"},{"@type":"ListItem","position":3,"name":"MIDDAG MED MENING &#8211; Kvindeaften"}]},{"@type":"WebSite","@id":"https:\/\/nice-snyder.92-205-231-245.plesk.page\/#website","url":"https:\/\/nice-snyder.92-205-231-245.plesk.page\/","name":"Ditlevsdal Bison Farm","description":"","publisher":{"@id":"https:\/\/nice-snyder.92-205-231-245.plesk.page\/#organization"},"potentialAction":[{"@type":"SearchAction","target":{"@type":"EntryPoint","urlTemplate":"https:\/\/nice-snyder.92-205-231-245.plesk.page\/?s={search_term_string}"},"query-input":{"@type":"PropertyValueSpecification","valueRequired":true,"valueName":"search_term_string"}}],"inLanguage":"da-DK"},{"@type":"Organization","@id":"https:\/\/nice-snyder.92-205-231-245.plesk.page\/#organization","name":"Ditlevsdal Bison Farm","url":"https:\/\/nice-snyder.92-205-231-245.plesk.page\/","logo":{"@type":"ImageObject","inLanguage":"da-DK","@id":"https:\/\/nice-snyder.92-205-231-245.plesk.page\/#\/schema\/logo\/image\/","url":"https:\/\/nice-snyder.92-205-231-245.plesk.page\/wp-content\/uploads\/2025\/04\/logo.png","contentUrl":"https:\/\/nice-snyder.92-205-231-245.plesk.page\/wp-content\/uploads\/2025\/04\/logo.png","width":355,"height":75,"caption":"Ditlevsdal Bison Farm"},"image":{"@id":"https:\/\/nice-snyder.92-205-231-245.plesk.page\/#\/schema\/logo\/image\/"},"sameAs":["https:\/\/www.facebook.com\/ditlevsdalbisonfarm\/?locale=da_DK"]}]}},"_links":{"self":[{"href":"https:\/\/nice-snyder.92-205-231-245.plesk.page\/index.php?rest_route=\/wp\/v2\/product\/4526","targetHints":{"allow":["GET"]}}],"collection":[{"href":"https:\/\/nice-snyder.92-205-231-245.plesk.page\/index.php?rest_route=\/wp\/v2\/product"}],"about":[{"href":"https:\/\/nice-snyder.92-205-231-245.plesk.page\/index.php?rest_route=\/wp\/v2\/types\/product"}],"version-history":[{"count":4,"href":"https:\/\/nice-snyder.92-205-231-245.plesk.page\/index.php?rest_route=\/wp\/v2\/product\/4526\/revisions"}],"predecessor-version":[{"id":4538,"href":"https:\/\/nice-snyder.92-205-231-245.plesk.page\/index.php?rest_route=\/wp\/v2\/product\/4526\/revisions\/4538"}],"wp:featuredmedia":[{"embeddable":true,"href":"https:\/\/nice-snyder.92-205-231-245.plesk.page\/index.php?rest_route=\/wp\/v2\/media\/4533"}],"wp:attachment":[{"href":"https:\/\/nice-snyder.92-205-231-245.plesk.page\/index.php?rest_route=%2Fwp%2Fv2%2Fmedia&parent=4526"}],"wp:term":[{"taxonomy":"product_brand","embeddable":true,"href":"https:\/\/nice-snyder.92-205-231-245.plesk.page\/index.php?rest_route=%2Fwp%2Fv2%2Fproduct_brand&post=4526"},{"taxonomy":"product_cat","embeddable":true,"href":"https:\/\/nice-snyder.92-205-231-245.plesk.page\/index.php?rest_route=%2Fwp%2Fv2%2Fproduct_cat&post=4526"},{"taxonomy":"product_tag","embeddable":true,"href":"https:\/\/nice-snyder.92-205-231-245.plesk.page\/index.php?rest_route=%2Fwp%2Fv2%2Fproduct_tag&post=4526"}],"curies":[{"name":"wp","href":"https:\/\/api.w.org\/{rel}","templated":true}]}}