{"id":4542,"date":"2025-11-19T11:18:01","date_gmt":"2025-11-19T10:18:01","guid":{"rendered":"https:\/\/nice-snyder.92-205-231-245.plesk.page\/?post_type=product&#038;p=4542"},"modified":"2025-11-19T11:42:27","modified_gmt":"2025-11-19T10:42:27","slug":"middag-med-mening-livet-med-adhd","status":"publish","type":"product","link":"https:\/\/nice-snyder.92-205-231-245.plesk.page\/?product=middag-med-mening-livet-med-adhd","title":{"rendered":"MIDDAG MED MENING &#8211; Livet med ADHD"},"content":{"rendered":"<p><strong>Fra Kaos Til Kontrol &#8211; et \u00e6rligt foredrag om livet med ADHD<\/strong><\/p>\n<p>Hvordan finder man ro, retning og mening i et liv, hvor tankerne k\u00f8rer med 200 km\/t?<\/p>\n<p data-start=\"418\" data-end=\"717\">I foredraget Fra kaos til kontrol deler ADHD-coach Daniel sin personlige og faglige rejse med ADHD. Med en blanding af \u00e6rlighed, varme og humor fort\u00e6ller han om de udfordringer, der f\u00f8lger med en hjerne, der aldrig st\u00e5r stille \u2013 men ogs\u00e5 om de styrker og ressourcer, der gemmer sig bag diagnosen.<\/p>\n<p>Foredraget giver et \u00e6gte indblik i, hvordan ADHD f\u00f8les indefra, og hvordan man kan skabe balance, selvforst\u00e5else og udvikling \u2013 b\u00e5de som person med ADHD og som p\u00e5r\u00f8rende, for\u00e6lder eller fagperson.<\/p>\n<p>&nbsp;<\/p>\n<p>Publikum g\u00e5r derfra med h\u00e5b, konkrete indsigter og en st\u00f8rre forst\u00e5else for, hvorfor ADHD ikke kun handler om uro og koncentration, men i lige s\u00e5 h\u00f8j grad om f\u00f8lelser, energi og identitet.<\/p>\n<p>&nbsp;<\/p>\n<p>Efter foredraget s\u00f8rger vores dygtige kokke for en l\u00e6kker tapasbuffet. Drikkevarer betales p\u00e5 aftenen.<\/p>\n<p>&nbsp;<\/p>\n<p><strong>En aften for mennesker i alle aldre, der rammer b\u00e5de hjertet og hjernen.<\/strong><\/p>\n","protected":false},"excerpt":{"rendered":"<p>Fra Kaos Til Kontrol &#8211; et \u00e6rligt foredrag om livet med ADHD Hvordan finder man ro, retning og mening i et liv, hvor tankerne k\u00f8rer med 200 km\/t? I foredraget Fra kaos til kontrol deler ADHD-coach Daniel sin personlige og faglige rejse med ADHD. Med en blanding af \u00e6rlighed, varme og humor fort\u00e6ller han om [&hellip;]<\/p>\n","protected":false},"featured_media":4546,"template":"","meta":{"_acf_changed":false,"wprm-recipe-roundup-name":"","wprm-recipe-roundup-description":""},"product_brand":[],"product_cat":[112],"product_tag":[],"class_list":{"0":"post-4542","1":"product","2":"type-product","3":"status-publish","4":"has-post-thumbnail","6":"product_cat-arrangementer","8":"first","9":"instock","10":"taxable","11":"shipping-taxable","12":"purchasable","13":"product-type-variable"},"acf":[],"yoast_head":"<!-- This site is optimized with the Yoast SEO plugin v25.7 - https:\/\/yoast.com\/wordpress\/plugins\/seo\/ -->\n<title>MIDDAG MED MENING - Livet med ADHD - Ditlevsdal Bisonfarm<\/title>\n<meta name=\"robots\" content=\"noindex, follow, max-snippet:-1, max-image-preview:large, max-video-preview:-1\" \/>\n<meta property=\"og:locale\" content=\"da_DK\" \/>\n<meta property=\"og:type\" content=\"article\" \/>\n<meta property=\"og:title\" content=\"MIDDAG MED MENING - Livet med ADHD - Ditlevsdal Bisonfarm\" \/>\n<meta property=\"og:description\" content=\"Fra Kaos Til Kontrol &#8211; et \u00e6rligt foredrag om livet med ADHD Hvordan finder man ro, retning og mening i et liv, hvor tankerne k\u00f8rer med 200 km\/t? I foredraget Fra kaos til kontrol deler ADHD-coach Daniel sin personlige og faglige rejse med ADHD. Med en blanding af \u00e6rlighed, varme og humor fort\u00e6ller han om [&hellip;]\" \/>\n<meta property=\"og:url\" content=\"https:\/\/nice-snyder.92-205-231-245.plesk.page\/product\/middag-med-mening-livet-med-adhd\/\" \/>\n<meta property=\"og:site_name\" content=\"Ditlevsdal Bisonfarm\" \/>\n<meta property=\"article:publisher\" content=\"https:\/\/www.facebook.com\/ditlevsdalbisonfarm\/?locale=da_DK\" \/>\n<meta property=\"article:modified_time\" content=\"2025-11-19T10:42:27+00:00\" \/>\n<meta property=\"og:image\" content=\"https:\/\/nice-snyder.92-205-231-245.plesk.page\/wp-content\/uploads\/2025\/11\/ADHD-Middag-Med-Mening-2.png\" \/>\n\t<meta property=\"og:image:width\" content=\"1640\" \/>\n\t<meta property=\"og:image:height\" content=\"924\" \/>\n\t<meta property=\"og:image:type\" content=\"image\/png\" \/>\n<meta name=\"twitter:card\" content=\"summary_large_image\" \/>\n<meta name=\"twitter:label1\" content=\"Estimeret l\u00e6setid\" \/>\n\t<meta name=\"twitter:data1\" content=\"2 minutter\" \/>\n<script type=\"application\/ld+json\" class=\"yoast-schema-graph\">{\"@context\":\"https:\/\/schema.org\",\"@graph\":[{\"@type\":\"WebPage\",\"@id\":\"https:\/\/nice-snyder.92-205-231-245.plesk.page\/product\/middag-med-mening-livet-med-adhd\/\",\"url\":\"https:\/\/nice-snyder.92-205-231-245.plesk.page\/product\/middag-med-mening-livet-med-adhd\/\",\"name\":\"MIDDAG MED MENING - Livet med ADHD - Ditlevsdal Bisonfarm\",\"isPartOf\":{\"@id\":\"https:\/\/nice-snyder.92-205-231-245.plesk.page\/#website\"},\"primaryImageOfPage\":{\"@id\":\"https:\/\/nice-snyder.92-205-231-245.plesk.page\/product\/middag-med-mening-livet-med-adhd\/#primaryimage\"},\"image\":{\"@id\":\"https:\/\/nice-snyder.92-205-231-245.plesk.page\/product\/middag-med-mening-livet-med-adhd\/#primaryimage\"},\"thumbnailUrl\":\"https:\/\/nice-snyder.92-205-231-245.plesk.page\/wp-content\/uploads\/2025\/11\/ADHD-Middag-Med-Mening-2.png\",\"datePublished\":\"2025-11-19T10:18:01+00:00\",\"dateModified\":\"2025-11-19T10:42:27+00:00\",\"breadcrumb\":{\"@id\":\"https:\/\/nice-snyder.92-205-231-245.plesk.page\/product\/middag-med-mening-livet-med-adhd\/#breadcrumb\"},\"inLanguage\":\"da-DK\",\"potentialAction\":[{\"@type\":\"ReadAction\",\"target\":[\"https:\/\/nice-snyder.92-205-231-245.plesk.page\/product\/middag-med-mening-livet-med-adhd\/\"]}]},{\"@type\":\"ImageObject\",\"inLanguage\":\"da-DK\",\"@id\":\"https:\/\/nice-snyder.92-205-231-245.plesk.page\/product\/middag-med-mening-livet-med-adhd\/#primaryimage\",\"url\":\"https:\/\/nice-snyder.92-205-231-245.plesk.page\/wp-content\/uploads\/2025\/11\/ADHD-Middag-Med-Mening-2.png\",\"contentUrl\":\"https:\/\/nice-snyder.92-205-231-245.plesk.page\/wp-content\/uploads\/2025\/11\/ADHD-Middag-Med-Mening-2.png\",\"width\":1640,\"height\":924},{\"@type\":\"BreadcrumbList\",\"@id\":\"https:\/\/nice-snyder.92-205-231-245.plesk.page\/product\/middag-med-mening-livet-med-adhd\/#breadcrumb\",\"itemListElement\":[{\"@type\":\"ListItem\",\"position\":1,\"name\":\"Hjem\",\"item\":\"https:\/\/nice-snyder.92-205-231-245.plesk.page\/\"},{\"@type\":\"ListItem\",\"position\":2,\"name\":\"Shop\",\"item\":\"https:\/\/nice-snyder.92-205-231-245.plesk.page\/?page_id=1385\"},{\"@type\":\"ListItem\",\"position\":3,\"name\":\"MIDDAG MED MENING &#8211; Livet med ADHD\"}]},{\"@type\":\"WebSite\",\"@id\":\"https:\/\/nice-snyder.92-205-231-245.plesk.page\/#website\",\"url\":\"https:\/\/nice-snyder.92-205-231-245.plesk.page\/\",\"name\":\"Ditlevsdal Bison Farm\",\"description\":\"\",\"publisher\":{\"@id\":\"https:\/\/nice-snyder.92-205-231-245.plesk.page\/#organization\"},\"potentialAction\":[{\"@type\":\"SearchAction\",\"target\":{\"@type\":\"EntryPoint\",\"urlTemplate\":\"https:\/\/nice-snyder.92-205-231-245.plesk.page\/?s={search_term_string}\"},\"query-input\":{\"@type\":\"PropertyValueSpecification\",\"valueRequired\":true,\"valueName\":\"search_term_string\"}}],\"inLanguage\":\"da-DK\"},{\"@type\":\"Organization\",\"@id\":\"https:\/\/nice-snyder.92-205-231-245.plesk.page\/#organization\",\"name\":\"Ditlevsdal Bison Farm\",\"url\":\"https:\/\/nice-snyder.92-205-231-245.plesk.page\/\",\"logo\":{\"@type\":\"ImageObject\",\"inLanguage\":\"da-DK\",\"@id\":\"https:\/\/nice-snyder.92-205-231-245.plesk.page\/#\/schema\/logo\/image\/\",\"url\":\"https:\/\/nice-snyder.92-205-231-245.plesk.page\/wp-content\/uploads\/2025\/04\/logo.png\",\"contentUrl\":\"https:\/\/nice-snyder.92-205-231-245.plesk.page\/wp-content\/uploads\/2025\/04\/logo.png\",\"width\":355,\"height\":75,\"caption\":\"Ditlevsdal Bison Farm\"},\"image\":{\"@id\":\"https:\/\/nice-snyder.92-205-231-245.plesk.page\/#\/schema\/logo\/image\/\"},\"sameAs\":[\"https:\/\/www.facebook.com\/ditlevsdalbisonfarm\/?locale=da_DK\"]}]}<\/script>\n<!-- \/ Yoast SEO plugin. -->","yoast_head_json":{"title":"MIDDAG MED MENING - Livet med ADHD - Ditlevsdal Bisonfarm","robots":{"index":"noindex","follow":"follow","max-snippet":"max-snippet:-1","max-image-preview":"max-image-preview:large","max-video-preview":"max-video-preview:-1"},"og_locale":"da_DK","og_type":"article","og_title":"MIDDAG MED MENING - Livet med ADHD - Ditlevsdal Bisonfarm","og_description":"Fra Kaos Til Kontrol &#8211; et \u00e6rligt foredrag om livet med ADHD Hvordan finder man ro, retning og mening i et liv, hvor tankerne k\u00f8rer med 200 km\/t? I foredraget Fra kaos til kontrol deler ADHD-coach Daniel sin personlige og faglige rejse med ADHD. Med en blanding af \u00e6rlighed, varme og humor fort\u00e6ller han om [&hellip;]","og_url":"https:\/\/nice-snyder.92-205-231-245.plesk.page\/product\/middag-med-mening-livet-med-adhd\/","og_site_name":"Ditlevsdal Bisonfarm","article_publisher":"https:\/\/www.facebook.com\/ditlevsdalbisonfarm\/?locale=da_DK","article_modified_time":"2025-11-19T10:42:27+00:00","og_image":[{"width":1640,"height":924,"url":"https:\/\/nice-snyder.92-205-231-245.plesk.page\/wp-content\/uploads\/2025\/11\/ADHD-Middag-Med-Mening-2.png","type":"image\/png"}],"twitter_card":"summary_large_image","twitter_misc":{"Estimeret l\u00e6setid":"2 minutter"},"schema":{"@context":"https:\/\/schema.org","@graph":[{"@type":"WebPage","@id":"https:\/\/nice-snyder.92-205-231-245.plesk.page\/product\/middag-med-mening-livet-med-adhd\/","url":"https:\/\/nice-snyder.92-205-231-245.plesk.page\/product\/middag-med-mening-livet-med-adhd\/","name":"MIDDAG MED MENING - Livet med ADHD - Ditlevsdal Bisonfarm","isPartOf":{"@id":"https:\/\/nice-snyder.92-205-231-245.plesk.page\/#website"},"primaryImageOfPage":{"@id":"https:\/\/nice-snyder.92-205-231-245.plesk.page\/product\/middag-med-mening-livet-med-adhd\/#primaryimage"},"image":{"@id":"https:\/\/nice-snyder.92-205-231-245.plesk.page\/product\/middag-med-mening-livet-med-adhd\/#primaryimage"},"thumbnailUrl":"https:\/\/nice-snyder.92-205-231-245.plesk.page\/wp-content\/uploads\/2025\/11\/ADHD-Middag-Med-Mening-2.png","datePublished":"2025-11-19T10:18:01+00:00","dateModified":"2025-11-19T10:42:27+00:00","breadcrumb":{"@id":"https:\/\/nice-snyder.92-205-231-245.plesk.page\/product\/middag-med-mening-livet-med-adhd\/#breadcrumb"},"inLanguage":"da-DK","potentialAction":[{"@type":"ReadAction","target":["https:\/\/nice-snyder.92-205-231-245.plesk.page\/product\/middag-med-mening-livet-med-adhd\/"]}]},{"@type":"ImageObject","inLanguage":"da-DK","@id":"https:\/\/nice-snyder.92-205-231-245.plesk.page\/product\/middag-med-mening-livet-med-adhd\/#primaryimage","url":"https:\/\/nice-snyder.92-205-231-245.plesk.page\/wp-content\/uploads\/2025\/11\/ADHD-Middag-Med-Mening-2.png","contentUrl":"https:\/\/nice-snyder.92-205-231-245.plesk.page\/wp-content\/uploads\/2025\/11\/ADHD-Middag-Med-Mening-2.png","width":1640,"height":924},{"@type":"BreadcrumbList","@id":"https:\/\/nice-snyder.92-205-231-245.plesk.page\/product\/middag-med-mening-livet-med-adhd\/#breadcrumb","itemListElement":[{"@type":"ListItem","position":1,"name":"Hjem","item":"https:\/\/nice-snyder.92-205-231-245.plesk.page\/"},{"@type":"ListItem","position":2,"name":"Shop","item":"https:\/\/nice-snyder.92-205-231-245.plesk.page\/?page_id=1385"},{"@type":"ListItem","position":3,"name":"MIDDAG MED MENING &#8211; Livet med ADHD"}]},{"@type":"WebSite","@id":"https:\/\/nice-snyder.92-205-231-245.plesk.page\/#website","url":"https:\/\/nice-snyder.92-205-231-245.plesk.page\/","name":"Ditlevsdal Bison Farm","description":"","publisher":{"@id":"https:\/\/nice-snyder.92-205-231-245.plesk.page\/#organization"},"potentialAction":[{"@type":"SearchAction","target":{"@type":"EntryPoint","urlTemplate":"https:\/\/nice-snyder.92-205-231-245.plesk.page\/?s={search_term_string}"},"query-input":{"@type":"PropertyValueSpecification","valueRequired":true,"valueName":"search_term_string"}}],"inLanguage":"da-DK"},{"@type":"Organization","@id":"https:\/\/nice-snyder.92-205-231-245.plesk.page\/#organization","name":"Ditlevsdal Bison Farm","url":"https:\/\/nice-snyder.92-205-231-245.plesk.page\/","logo":{"@type":"ImageObject","inLanguage":"da-DK","@id":"https:\/\/nice-snyder.92-205-231-245.plesk.page\/#\/schema\/logo\/image\/","url":"https:\/\/nice-snyder.92-205-231-245.plesk.page\/wp-content\/uploads\/2025\/04\/logo.png","contentUrl":"https:\/\/nice-snyder.92-205-231-245.plesk.page\/wp-content\/uploads\/2025\/04\/logo.png","width":355,"height":75,"caption":"Ditlevsdal Bison Farm"},"image":{"@id":"https:\/\/nice-snyder.92-205-231-245.plesk.page\/#\/schema\/logo\/image\/"},"sameAs":["https:\/\/www.facebook.com\/ditlevsdalbisonfarm\/?locale=da_DK"]}]}},"_links":{"self":[{"href":"https:\/\/nice-snyder.92-205-231-245.plesk.page\/index.php?rest_route=\/wp\/v2\/product\/4542","targetHints":{"allow":["GET"]}}],"collection":[{"href":"https:\/\/nice-snyder.92-205-231-245.plesk.page\/index.php?rest_route=\/wp\/v2\/product"}],"about":[{"href":"https:\/\/nice-snyder.92-205-231-245.plesk.page\/index.php?rest_route=\/wp\/v2\/types\/product"}],"version-history":[{"count":5,"href":"https:\/\/nice-snyder.92-205-231-245.plesk.page\/index.php?rest_route=\/wp\/v2\/product\/4542\/revisions"}],"predecessor-version":[{"id":4550,"href":"https:\/\/nice-snyder.92-205-231-245.plesk.page\/index.php?rest_route=\/wp\/v2\/product\/4542\/revisions\/4550"}],"wp:featuredmedia":[{"embeddable":true,"href":"https:\/\/nice-snyder.92-205-231-245.plesk.page\/index.php?rest_route=\/wp\/v2\/media\/4546"}],"wp:attachment":[{"href":"https:\/\/nice-snyder.92-205-231-245.plesk.page\/index.php?rest_route=%2Fwp%2Fv2%2Fmedia&parent=4542"}],"wp:term":[{"taxonomy":"product_brand","embeddable":true,"href":"https:\/\/nice-snyder.92-205-231-245.plesk.page\/index.php?rest_route=%2Fwp%2Fv2%2Fproduct_brand&post=4542"},{"taxonomy":"product_cat","embeddable":true,"href":"https:\/\/nice-snyder.92-205-231-245.plesk.page\/index.php?rest_route=%2Fwp%2Fv2%2Fproduct_cat&post=4542"},{"taxonomy":"product_tag","embeddable":true,"href":"https:\/\/nice-snyder.92-205-231-245.plesk.page\/index.php?rest_route=%2Fwp%2Fv2%2Fproduct_tag&post=4542"}],"curies":[{"name":"wp","href":"https:\/\/api.w.org\/{rel}","templated":true}]}}